{"id":31918,"date":"2021-05-13T11:05:45","date_gmt":"2021-05-13T09:05:45","guid":{"rendered":"https:\/\/lightup.lv\/precu-katalogs\/glee-melns-maksligas-adas-2\/"},"modified":"2024-04-02T13:44:18","modified_gmt":"2024-04-02T11:44:18","slug":"glee-melns-maksligas-adas-2","status":"publish","type":"product","link":"https:\/\/lightup.lv\/ru\/%d0%ba%d0%b0%d1%82%d0%b0%d0%bb%d0%be%d0%b3-%d0%bf%d1%80%d0%be%d0%b4%d1%83%d0%ba%d1%86%d0%b8%d0%b8\/glee-melns-maksligas-adas-2\/","title":{"rendered":"GLEE melns m\u0101ksl\u012bg\u0101s \u0101das"},"content":{"rendered":"<p>Kr\u0113sla augstums \u2013 78 cm<\/p>\n<p>Kr\u0113sla garums \u2013 47 cm<\/p>\n<p>\u0428\u0438\u0440\u0438\u043d\u0430 \u0441\u0438\u0434\u0435\u043d\u044c\u044f \u2013 56 \u0441\u043c.<\/p>\n<p>\u0412\u044b\u0441\u043e\u0442\u0430 \u0441\u0438\u0434\u0435\u043d\u044c\u044f \u2013 46 \u0441\u043c.<\/p>\n<p>Meln\u0101 kr\u0101s\u0101 m\u0101ksl\u012bg\u0101s \u0101das s\u0113\u017eam\u0101 da\u013ca ar koka k\u0101j\u0101m.<\/p>\n<p>ID 100203103<\/p>","protected":false},"excerpt":{"rendered":"<p>Dizainera Says Who GLEE kr\u0113sls ir iecien\u012bts kr\u0113sls. S\u0113\u017eam\u0101 da\u013ca un atzveltne sapl\u016bst viena ar otru, ar nelielu izliekumu uz aug\u0161u un s\u0101niem. Tam ir finiera k\u0101jas, kas pasv\u012btro dizaina spilgtumu. GLEE ir pieejams tikai k\u0101 kr\u0113sls.<\/p>","protected":false},"featured_media":9046,"template":"","meta":{"_acf_changed":false},"product_brand":[],"product_cat":[28,38],"product_tag":[37],"class_list":{"0":"post-31918","1":"product","2":"type-product","3":"status-publish","4":"has-post-thumbnail","6":"product_cat-kresli","7":"product_cat-kresli-pie-galda","8":"product_tag-dan-form","10":"first","11":"instock","12":"shipping-taxable","13":"purchasable","14":"product-type-simple"},"acf":[],"_links":{"self":[{"href":"https:\/\/lightup.lv\/ru\/wp-json\/wp\/v2\/product\/31918","targetHints":{"allow":["GET"]}}],"collection":[{"href":"https:\/\/lightup.lv\/ru\/wp-json\/wp\/v2\/product"}],"about":[{"href":"https:\/\/lightup.lv\/ru\/wp-json\/wp\/v2\/types\/product"}],"wp:featuredmedia":[{"embeddable":true,"href":"https:\/\/lightup.lv\/ru\/wp-json\/wp\/v2\/media\/9046"}],"wp:attachment":[{"href":"https:\/\/lightup.lv\/ru\/wp-json\/wp\/v2\/media?parent=31918"}],"wp:term":[{"taxonomy":"product_brand","embeddable":true,"href":"https:\/\/lightup.lv\/ru\/wp-json\/wp\/v2\/product_brand?post=31918"},{"taxonomy":"product_cat","embeddable":true,"href":"https:\/\/lightup.lv\/ru\/wp-json\/wp\/v2\/product_cat?post=31918"},{"taxonomy":"product_tag","embeddable":true,"href":"https:\/\/lightup.lv\/ru\/wp-json\/wp\/v2\/product_tag?post=31918"}],"curies":[{"name":"wp","href":"https:\/\/api.w.org\/{rel}","templated":true}]}}