{"id":31926,"date":"2021-07-20T09:16:59","date_gmt":"2021-07-20T07:16:59","guid":{"rendered":"https:\/\/lightup.lv\/precu-katalogs\/napoleon-peleks-auduma\/"},"modified":"2024-04-02T13:18:58","modified_gmt":"2024-04-02T11:18:58","slug":"napoleon-peleks-auduma","status":"publish","type":"product","link":"https:\/\/lightup.lv\/ru\/%d0%ba%d0%b0%d1%82%d0%b0%d0%bb%d0%be%d0%b3-%d0%bf%d1%80%d0%be%d0%b4%d1%83%d0%ba%d1%86%d0%b8%d0%b8\/napoleon-peleks-auduma\/","title":{"rendered":"NAPOLEON pel\u0113ks auduma"},"content":{"rendered":"<p>\u0412\u044b\u0441\u043e\u0442\u0430 \u0441\u0442\u0443\u043b\u0430 \u2013 81 \u0441\u043c.<\/p>\n<p>Kr\u0113sla garums \u2013 59 cm<\/p>\n<p>\u0428\u0438\u0440\u0438\u043d\u0430 \u0441\u0438\u0434\u0435\u043d\u044c\u044f \u2013 59,5 \u0441\u043c.<\/p>\n<p>\u0412\u044b\u0441\u043e\u0442\u0430 \u0441\u0438\u0434\u0435\u043d\u044c\u044f \u2013 46 \u0441\u043c.<\/p>\n<p>Pel\u0113k\u0101 kr\u0101s\u0101 auduma s\u0113\u017eam\u0101 da\u013ca ar met\u0101la meln\u0101 kr\u0101s\u0101 k\u0101j\u0101m.<\/p>\n<p>ID 100204102<\/p>","protected":false},"excerpt":{"rendered":"<p>Nav gr\u016bti saprast, no kurienes radusies iedvesma NAPOLEON kr\u0113slam. \u0160\u012b kr\u0113sla atzveltnei, kas gandr\u012bz peld virs maigi izliekt\u0101 s\u0113dek\u013ca, ir p\u0101rsteidzo\u0161a l\u012bdz\u012bba ar Napoleona cepuri. Konusveida k\u0101jas papildina izsmalcin\u0101tu kr\u0113sla izskatu. NAPOLEON ir pieejams tikai k\u0101 kr\u0113sls.<\/p>","protected":false},"featured_media":9136,"template":"","meta":{"_acf_changed":false},"product_brand":[],"product_cat":[28,38],"product_tag":[37],"class_list":{"0":"post-31926","1":"product","2":"type-product","3":"status-publish","4":"has-post-thumbnail","6":"product_cat-kresli","7":"product_cat-kresli-pie-galda","8":"product_tag-dan-form","10":"first","11":"instock","12":"shipping-taxable","13":"purchasable","14":"product-type-simple"},"acf":[],"_links":{"self":[{"href":"https:\/\/lightup.lv\/ru\/wp-json\/wp\/v2\/product\/31926","targetHints":{"allow":["GET"]}}],"collection":[{"href":"https:\/\/lightup.lv\/ru\/wp-json\/wp\/v2\/product"}],"about":[{"href":"https:\/\/lightup.lv\/ru\/wp-json\/wp\/v2\/types\/product"}],"wp:featuredmedia":[{"embeddable":true,"href":"https:\/\/lightup.lv\/ru\/wp-json\/wp\/v2\/media\/9136"}],"wp:attachment":[{"href":"https:\/\/lightup.lv\/ru\/wp-json\/wp\/v2\/media?parent=31926"}],"wp:term":[{"taxonomy":"product_brand","embeddable":true,"href":"https:\/\/lightup.lv\/ru\/wp-json\/wp\/v2\/product_brand?post=31926"},{"taxonomy":"product_cat","embeddable":true,"href":"https:\/\/lightup.lv\/ru\/wp-json\/wp\/v2\/product_cat?post=31926"},{"taxonomy":"product_tag","embeddable":true,"href":"https:\/\/lightup.lv\/ru\/wp-json\/wp\/v2\/product_tag?post=31926"}],"curies":[{"name":"wp","href":"https:\/\/api.w.org\/{rel}","templated":true}]}}