{"id":31934,"date":"2021-08-18T14:16:59","date_gmt":"2021-08-18T12:16:59","guid":{"rendered":"https:\/\/lightup.lv\/precu-katalogs\/sava-bara-kresls\/"},"modified":"2024-04-02T10:33:29","modified_gmt":"2024-04-02T08:33:29","slug":"sava-bara-kresls","status":"publish","type":"product","link":"https:\/\/lightup.lv\/ru\/precu-katalogs\/sava-bara-kresls\/","title":{"rendered":"SAVA b\u0101ra kr\u0113sls"},"content":{"rendered":"<p>Kr\u0113sla augstums \u2013 102 cm<\/p>\n<p>\u0414\u043b\u0438\u043d\u0430 \u0441\u0442\u0443\u043b\u0430 \u2013 47 \u0441\u043c.<\/p>\n<p>S\u0113des platums \u2013 50 cm<\/p>\n<p>S\u0113des augstums \u2013 76,5 cm<\/p>\n<p>Meln\u0101 kr\u0101s\u0101  s\u0113\u017eam\u0101 da\u013ca ar meln\u0101m met\u0101la k\u0101j\u0101m.<\/p>\n<p> ID 200500910<\/p>","protected":false},"excerpt":{"rendered":"<p>B\u0101ra kr\u0113sls SAVA interpret\u0113 klasisk\u0101s Zieme\u013cvalstu dizaina trad\u012bcijas. B\u0101ra kr\u0113slam ir met\u0101la r\u0101mis, k\u0101jas un mugura ar rakstur\u012bg\u0101m 4 st\u012bg\u0101m aizmugur\u0113. T\u0101 iztur\u012bgajam, ar rok\u0101m austajam tr\u012bs sl\u0101\u0146u pap\u012bra auklas s\u0113deklim ir skaista apdare. SAVA COLLECTION sast\u0101v no kr\u0113sliem un b\u0101ra kr\u0113sliem un galda.<\/p>","protected":false},"featured_media":9224,"template":"","meta":{"_acf_changed":false},"product_brand":[],"product_cat":[29,28],"product_tag":[37],"class_list":{"0":"post-31934","1":"product","2":"type-product","3":"status-publish","4":"has-post-thumbnail","6":"product_cat-bara-kresli","7":"product_cat-kresli","8":"product_tag-dan-form","10":"first","11":"instock","12":"shipping-taxable","13":"purchasable","14":"product-type-simple"},"acf":[],"_links":{"self":[{"href":"https:\/\/lightup.lv\/ru\/wp-json\/wp\/v2\/product\/31934","targetHints":{"allow":["GET"]}}],"collection":[{"href":"https:\/\/lightup.lv\/ru\/wp-json\/wp\/v2\/product"}],"about":[{"href":"https:\/\/lightup.lv\/ru\/wp-json\/wp\/v2\/types\/product"}],"wp:featuredmedia":[{"embeddable":true,"href":"https:\/\/lightup.lv\/ru\/wp-json\/wp\/v2\/media\/9224"}],"wp:attachment":[{"href":"https:\/\/lightup.lv\/ru\/wp-json\/wp\/v2\/media?parent=31934"}],"wp:term":[{"taxonomy":"product_brand","embeddable":true,"href":"https:\/\/lightup.lv\/ru\/wp-json\/wp\/v2\/product_brand?post=31934"},{"taxonomy":"product_cat","embeddable":true,"href":"https:\/\/lightup.lv\/ru\/wp-json\/wp\/v2\/product_cat?post=31934"},{"taxonomy":"product_tag","embeddable":true,"href":"https:\/\/lightup.lv\/ru\/wp-json\/wp\/v2\/product_tag?post=31934"}],"curies":[{"name":"WP","href":"https:\/\/api.w.org\/{rel}","templated":true}]}}