{"id":31940,"date":"2021-08-19T13:57:26","date_gmt":"2021-08-19T11:57:26","guid":{"rendered":"https:\/\/lightup.lv\/precu-katalogs\/zimmer-auduma-smilsu-krasa\/"},"modified":"2025-07-23T14:40:16","modified_gmt":"2025-07-23T12:40:16","slug":"zimmer-auduma-smilsu-krasa","status":"publish","type":"product","link":"https:\/\/lightup.lv\/ru\/%d0%ba%d0%b0%d1%82%d0%b0%d0%bb%d0%be%d0%b3-%d0%bf%d1%80%d0%be%d0%b4%d1%83%d0%ba%d1%86%d0%b8%d0%b8\/zimmer-auduma-smilsu-krasa\/","title":{"rendered":"ZIMMER auduma smil\u0161u kr\u0101s\u0101"},"content":{"rendered":"<p>\u0412\u044b\u0441\u043e\u0442\u0430 \u0441\u0442\u0443\u043b\u0430 \u2013 81 \u0441\u043c.<\/p>\n<p>Kr\u0113sla dzi\u013cums \u2013 59 cm<\/p>\n<p>S\u0113des platums \u2013 59 cm<\/p>\n<p>\u0412\u044b\u0441\u043e\u0442\u0430 \u0441\u0438\u0434\u0435\u043d\u044c\u044f \u2013 45 \u0441\u043c.<\/p>\n<p>Smil\u0161u kr\u0101s\u0101 auduma s\u0113\u017eam\u0101 da\u013ca ar met\u0101la meln\u0101 kr\u0101s\u0101 k\u0101j\u0101m.<\/p>\n<p>ID 100202106<\/p>","protected":false},"excerpt":{"rendered":"<p>M\u016bsdien\u012bgs un \u0113rts. ZIMMER kr\u0113slam ir dinamisks izskats ar pla\u0161u s\u0113dekli un \u0161auru atzveltni, kas novietota uz slaid\u0101m met\u0101la k\u0101j\u0101m, lai ieg\u016btu stil\u012bgu izskatu. ZIMMER ir pieejams tikai k\u0101 kr\u0113sls.<\/p>","protected":false},"featured_media":9294,"template":"","meta":{"_acf_changed":false},"product_brand":[],"product_cat":[221,28,38,213],"product_tag":[37],"class_list":{"0":"post-31940","1":"product","2":"type-product","3":"status-publish","4":"has-post-thumbnail","6":"product_cat-atlaizu-preces","7":"product_cat-kresli","8":"product_cat-kresli-pie-galda","9":"product_cat-salona-pieejams","10":"product_tag-dan-form","12":"first","13":"instock","14":"sale","15":"shipping-taxable","16":"purchasable","17":"product-type-simple"},"acf":[],"_links":{"self":[{"href":"https:\/\/lightup.lv\/ru\/wp-json\/wp\/v2\/product\/31940","targetHints":{"allow":["GET"]}}],"collection":[{"href":"https:\/\/lightup.lv\/ru\/wp-json\/wp\/v2\/product"}],"about":[{"href":"https:\/\/lightup.lv\/ru\/wp-json\/wp\/v2\/types\/product"}],"wp:featuredmedia":[{"embeddable":true,"href":"https:\/\/lightup.lv\/ru\/wp-json\/wp\/v2\/media\/9294"}],"wp:attachment":[{"href":"https:\/\/lightup.lv\/ru\/wp-json\/wp\/v2\/media?parent=31940"}],"wp:term":[{"taxonomy":"product_brand","embeddable":true,"href":"https:\/\/lightup.lv\/ru\/wp-json\/wp\/v2\/product_brand?post=31940"},{"taxonomy":"product_cat","embeddable":true,"href":"https:\/\/lightup.lv\/ru\/wp-json\/wp\/v2\/product_cat?post=31940"},{"taxonomy":"product_tag","embeddable":true,"href":"https:\/\/lightup.lv\/ru\/wp-json\/wp\/v2\/product_tag?post=31940"}],"curies":[{"name":"wp","href":"https:\/\/api.w.org\/{rel}","templated":true}]}}