{"id":31941,"date":"2021-08-19T14:04:54","date_gmt":"2021-08-19T12:04:54","guid":{"rendered":"https:\/\/lightup.lv\/precu-katalogs\/zed-bara-kresls-melns\/"},"modified":"2024-04-02T10:33:33","modified_gmt":"2024-04-02T08:33:33","slug":"zed-bara-kresls-melns","status":"publish","type":"product","link":"https:\/\/lightup.lv\/ru\/%d0%ba%d0%b0%d1%82%d0%b0%d0%bb%d0%be%d0%b3-%d0%bf%d1%80%d0%be%d0%b4%d1%83%d0%ba%d1%86%d0%b8%d0%b8\/zed-bara-kresls-melns\/","title":{"rendered":"ZED b\u0101ra kr\u0113sls melns"},"content":{"rendered":"<p>Kr\u0113sla augstums \u2013107 cm<\/p>\n<p>Kr\u0113sla dzi\u013cums \u2013 50 cm<\/p>\n<p>S\u0113des platums \u2013 51 cm<\/p>\n<p>S\u0113des augstums \u2013 77 cm<\/p>\n<p>Meln\u0101 kr\u0101s\u0101 m\u0101ksl\u012bg\u0101s \u0101das s\u0113\u017eam\u0101 da\u013ca ar met\u0101la meln\u0101 kr\u0101s\u0101 k\u0101j\u0101m.<br \/>\nPieejams ar\u012b k\u0101 pusb\u0101ra kr\u0113sls.<\/p>\n<p> ID 200103100<\/p>","protected":false},"excerpt":{"rendered":"<p>Papildinot ZED kolekciju, ZED b\u0101ra kr\u0113sliem ir pl\u0101nas met\u0101la k\u0101jas, kas stiepjas eleganti le\u0146\u0137iskos roku balstos un turpin\u0101s aiz muguras. M\u016bsdien\u012bgs izskats ar stingr\u0101m l\u012bnij\u0101m, kas piest\u0101v\u0113s jebkuram b\u0101ram.<\/p>","protected":false},"featured_media":9305,"template":"","meta":{"_acf_changed":false},"product_brand":[],"product_cat":[29,28],"product_tag":[37],"class_list":{"0":"post-31941","1":"product","2":"type-product","3":"status-publish","4":"has-post-thumbnail","6":"product_cat-bara-kresli","7":"product_cat-kresli","8":"product_tag-dan-form","10":"first","11":"instock","12":"sale","13":"shipping-taxable","14":"purchasable","15":"product-type-simple"},"acf":[],"_links":{"self":[{"href":"https:\/\/lightup.lv\/ru\/wp-json\/wp\/v2\/product\/31941","targetHints":{"allow":["GET"]}}],"collection":[{"href":"https:\/\/lightup.lv\/ru\/wp-json\/wp\/v2\/product"}],"about":[{"href":"https:\/\/lightup.lv\/ru\/wp-json\/wp\/v2\/types\/product"}],"wp:featuredmedia":[{"embeddable":true,"href":"https:\/\/lightup.lv\/ru\/wp-json\/wp\/v2\/media\/9305"}],"wp:attachment":[{"href":"https:\/\/lightup.lv\/ru\/wp-json\/wp\/v2\/media?parent=31941"}],"wp:term":[{"taxonomy":"product_brand","embeddable":true,"href":"https:\/\/lightup.lv\/ru\/wp-json\/wp\/v2\/product_brand?post=31941"},{"taxonomy":"product_cat","embeddable":true,"href":"https:\/\/lightup.lv\/ru\/wp-json\/wp\/v2\/product_cat?post=31941"},{"taxonomy":"product_tag","embeddable":true,"href":"https:\/\/lightup.lv\/ru\/wp-json\/wp\/v2\/product_tag?post=31941"}],"curies":[{"name":"wp","href":"https:\/\/api.w.org\/{rel}","templated":true}]}}