{"id":31942,"date":"2021-08-19T14:08:56","date_gmt":"2021-08-19T12:08:56","guid":{"rendered":"https:\/\/lightup.lv\/precu-katalogs\/zed-bara-kresls-bruns\/"},"modified":"2024-04-02T10:33:33","modified_gmt":"2024-04-02T08:33:33","slug":"zed-bara-kresls-bruns","status":"publish","type":"product","link":"https:\/\/lightup.lv\/ru\/precu-katalogs\/zed-bara-kresls-bruns\/","title":{"rendered":"ZED b\u0101ra kr\u0113sls br\u016bns"},"content":{"rendered":"<p>Kr\u0113sla augstums \u2013107 cm<\/p>\n<p>Kr\u0113sla dzi\u013cums \u2013 50 cm<\/p>\n<p>\u0428\u0438\u0440\u0438\u043d\u0430 \u0441\u0438\u0434\u0435\u043d\u044c\u044f \u2013 51 \u0441\u043c<\/p>\n<p>S\u0113des augstums \u2013 77 cm<\/p>\n<p>\u0421\u0438\u0434\u0435\u043d\u044c\u0435 \u0438\u0437 \u043a\u043e\u0440\u0438\u0447\u043d\u0435\u0432\u043e\u0439 \u0438\u0441\u043a\u0443\u0441\u0441\u0442\u0432\u0435\u043d\u043d\u043e\u0439 \u043a\u043e\u0436\u0438 \u0441 \u0447\u0435\u0440\u043d\u044b\u043c\u0438 \u043c\u0435\u0442\u0430\u043b\u043b\u0438\u0447\u0435\u0441\u043a\u0438\u043c\u0438 \u043d\u043e\u0436\u043a\u0430\u043c\u0438.<br \/>\nPieejams ar\u012b k\u0101 pusb\u0101ra kr\u0113sls.<\/p>\n<p> ID 200103101<\/p>","protected":false},"excerpt":{"rendered":"<p>Papildinot ZED kolekciju, ZED b\u0101ra kr\u0113sliem ir pl\u0101nas met\u0101la k\u0101jas, kas stiepjas eleganti le\u0146\u0137iskos roku balstos un turpin\u0101s aiz muguras. M\u016bsdien\u012bgs izskats ar stingr\u0101m l\u012bnij\u0101m, kas piest\u0101v\u0113s jebkuram b\u0101ram.<\/p>","protected":false},"featured_media":9318,"template":"","meta":{"_acf_changed":false},"product_brand":[],"product_cat":[29,28],"product_tag":[37],"class_list":{"0":"post-31942","1":"product","2":"type-product","3":"status-publish","4":"has-post-thumbnail","6":"product_cat-bara-kresli","7":"product_cat-kresli","8":"product_tag-dan-form","10":"first","11":"instock","12":"sale","13":"shipping-taxable","14":"purchasable","15":"product-type-simple"},"acf":[],"_links":{"self":[{"href":"https:\/\/lightup.lv\/ru\/wp-json\/wp\/v2\/product\/31942","targetHints":{"allow":["GET"]}}],"collection":[{"href":"https:\/\/lightup.lv\/ru\/wp-json\/wp\/v2\/product"}],"about":[{"href":"https:\/\/lightup.lv\/ru\/wp-json\/wp\/v2\/types\/product"}],"wp:featuredmedia":[{"embeddable":true,"href":"https:\/\/lightup.lv\/ru\/wp-json\/wp\/v2\/media\/9318"}],"wp:attachment":[{"href":"https:\/\/lightup.lv\/ru\/wp-json\/wp\/v2\/media?parent=31942"}],"wp:term":[{"taxonomy":"product_brand","embeddable":true,"href":"https:\/\/lightup.lv\/ru\/wp-json\/wp\/v2\/product_brand?post=31942"},{"taxonomy":"product_cat","embeddable":true,"href":"https:\/\/lightup.lv\/ru\/wp-json\/wp\/v2\/product_cat?post=31942"},{"taxonomy":"product_tag","embeddable":true,"href":"https:\/\/lightup.lv\/ru\/wp-json\/wp\/v2\/product_tag?post=31942"}],"curies":[{"name":"WP","href":"https:\/\/api.w.org\/{rel}","templated":true}]}}