{"id":31945,"date":"2022-05-26T18:08:45","date_gmt":"2022-05-26T16:08:45","guid":{"rendered":"https:\/\/lightup.lv\/precu-katalogs\/pusbara-kresls-boto-tumsi-bruns\/"},"modified":"2025-09-12T15:35:13","modified_gmt":"2025-09-12T13:35:13","slug":"pusbara-kresls-boto-tumsi-bruns","status":"publish","type":"product","link":"https:\/\/lightup.lv\/ru\/%d0%ba%d0%b0%d1%82%d0%b0%d0%bb%d0%be%d0%b3-%d0%bf%d1%80%d0%be%d0%b4%d1%83%d0%ba%d1%86%d0%b8%d0%b8\/pusbara-kresls-boto-tumsi-bruns\/","title":{"rendered":"Pusb\u0101ra kr\u0113sls BOTO tum\u0161i br\u016bns"},"content":{"rendered":"<p>\u0426\u0432\u0435\u0442: \u043a\u043e\u0440\u0438\u0447\u043d\u0435\u0432\u044b\u0439<br \/>\nS\u0113des materi\u0101ls: M\u0101ksl\u012bg\u0101 \u0101da<br \/>\nK\u0101ju materi\u0101ls: Met\u0101ls\/t\u0113rauds<br \/>\n\u0412\u043e\u0437\u043c\u043e\u0436\u043d\u043e\u0441\u0442\u044c \u0448\u0442\u0430\u0431\u0435\u043b\u0438\u0440\u043e\u0432\u0430\u043d\u0438\u044f: \u043d\u0435\u0442<br \/>\nKr\u0113sla augstums: 95 cm<br \/>\nKr\u0113sla platums: 55 cm<br \/>\n\u0413\u043b\u0443\u0431\u0438\u043d\u0430 \u0441\u0442\u0443\u043b\u0430: 56 \u0441\u043c<br \/>\nS\u0113des augstums: 67 cm<br \/>\nS\u0113des dzi\u013cums: 33 cm<br \/>\nSvars neto: 7.5 kg<\/p>\n<p>ID 300310304<\/p>","protected":false},"excerpt":{"rendered":"<p>Pusb\u0101ra kr\u0113sls ar pl\u0101n\u0101m met\u0101la k\u0101j\u0101m, kas p\u0101riet roku balstos un ap\u0146em s\u0113dek\u013ca atzveltni. M\u0101ksl\u012bg\u0101 \u0101da ir apt\u012bta ap roku balstiem k\u0101 dekorat\u012bva deta\u013ca, kas pace\u013c dizainu n\u0101kamaj\u0101 l\u012bmen\u012b. Kr\u0113sls ir zems b\u0101ra kr\u0113sls, kas atbilst letes galda virsmas augstumam. BOTO kolekcija sast\u0101v no kr\u0113sliem, b\u0101ra un letes kr\u0113sliem, k\u0101 ar\u012b atp\u016btas kr\u0113sliem.<\/p>","protected":false},"featured_media":14221,"template":"","meta":{"_acf_changed":false},"product_brand":[],"product_cat":[28,38,41],"product_tag":[37],"class_list":{"0":"post-31945","1":"product","2":"type-product","3":"status-publish","4":"has-post-thumbnail","6":"product_cat-kresli","7":"product_cat-kresli-pie-galda","8":"product_cat-pusbara-kresli","9":"product_tag-dan-form","11":"first","12":"instock","13":"shipping-taxable","14":"purchasable","15":"product-type-simple"},"acf":[],"_links":{"self":[{"href":"https:\/\/lightup.lv\/ru\/wp-json\/wp\/v2\/product\/31945","targetHints":{"allow":["GET"]}}],"collection":[{"href":"https:\/\/lightup.lv\/ru\/wp-json\/wp\/v2\/product"}],"about":[{"href":"https:\/\/lightup.lv\/ru\/wp-json\/wp\/v2\/types\/product"}],"wp:featuredmedia":[{"embeddable":true,"href":"https:\/\/lightup.lv\/ru\/wp-json\/wp\/v2\/media\/14221"}],"wp:attachment":[{"href":"https:\/\/lightup.lv\/ru\/wp-json\/wp\/v2\/media?parent=31945"}],"wp:term":[{"taxonomy":"product_brand","embeddable":true,"href":"https:\/\/lightup.lv\/ru\/wp-json\/wp\/v2\/product_brand?post=31945"},{"taxonomy":"product_cat","embeddable":true,"href":"https:\/\/lightup.lv\/ru\/wp-json\/wp\/v2\/product_cat?post=31945"},{"taxonomy":"product_tag","embeddable":true,"href":"https:\/\/lightup.lv\/ru\/wp-json\/wp\/v2\/product_tag?post=31945"}],"curies":[{"name":"wp","href":"https:\/\/api.w.org\/{rel}","templated":true}]}}