{"id":31946,"date":"2022-05-26T18:09:32","date_gmt":"2022-05-26T16:09:32","guid":{"rendered":"https:\/\/lightup.lv\/precu-katalogs\/boto-peleks-maksligas-adas-kresls\/"},"modified":"2025-05-17T13:14:49","modified_gmt":"2025-05-17T11:14:49","slug":"boto-peleks-maksligas-adas-kresls","status":"publish","type":"product","link":"https:\/\/lightup.lv\/ru\/%d0%ba%d0%b0%d1%82%d0%b0%d0%bb%d0%be%d0%b3-%d0%bf%d1%80%d0%be%d0%b4%d1%83%d0%ba%d1%86%d0%b8%d0%b8\/boto-peleks-maksligas-adas-kresls\/","title":{"rendered":"BOTO pel\u0113ks m\u0101ksl\u012bg\u0101s \u0101das kr\u0113sls"},"content":{"rendered":"<p>\u0426\u0432\u0435\u0442: \u0441\u0435\u0440\u044b\u0439<br \/>\nS\u0113des materi\u0101ls: M\u0101ksl\u012bg\u0101 \u0101da<br \/>\nK\u0101ju materi\u0101ls: Met\u0101ls\/t\u0113rauds<br \/>\n\u0412\u043e\u0437\u043c\u043e\u0436\u043d\u043e\u0441\u0442\u044c \u0448\u0442\u0430\u0431\u0435\u043b\u0438\u0440\u043e\u0432\u0430\u043d\u0438\u044f: \u043d\u0435\u0442<br \/>\n\u0412\u044b\u0441\u043e\u0442\u0430 \u0441\u0442\u0443\u043b\u0430: 80 \u0441\u043c.<br \/>\nKr\u0113sla platums: 54 cm<br \/>\nKr\u0113sla dzi\u013cums: 66 cm<br \/>\n\u0412\u044b\u0441\u043e\u0442\u0430 \u0441\u0438\u0434\u0435\u043d\u044c\u044f: 47 \u0441\u043c<br \/>\nS\u0113des dzi\u013cums: 42 cm<br \/>\nSvars neto: 7.8 kg<\/p>\n<p>ID 100310312<\/p>","protected":false},"excerpt":{"rendered":"<p>Pl\u0101n\u0101s met\u0101la k\u0101jas, kas turpin\u0101s roku balstos, aptver kr\u0113sla atzveltni, un s\u0113deklim ir m\u012bksta polster\u0113ta atzveltne un s\u0113deklis. M\u0101ksl\u012bg\u0101s \u0101das apt\u012b\u0161ana ap roku balstiem ir dekorat\u012bva deta\u013ca, kas pace\u013c dizainu n\u0101kamaj\u0101 l\u012bmen\u012b. BOTO kolekcija sast\u0101v no kr\u0113sliem, b\u0101ra un letes kr\u0113sliem, un atp\u016btas kr\u0113sliem.<\/p>","protected":false},"featured_media":14232,"template":"","meta":{"_acf_changed":false},"product_brand":[],"product_cat":[28,38],"product_tag":[37],"class_list":{"0":"post-31946","1":"product","2":"type-product","3":"status-publish","4":"has-post-thumbnail","6":"product_cat-kresli","7":"product_cat-kresli-pie-galda","8":"product_tag-dan-form","10":"first","11":"instock","12":"shipping-taxable","13":"purchasable","14":"product-type-simple"},"acf":[],"_links":{"self":[{"href":"https:\/\/lightup.lv\/ru\/wp-json\/wp\/v2\/product\/31946","targetHints":{"allow":["GET"]}}],"collection":[{"href":"https:\/\/lightup.lv\/ru\/wp-json\/wp\/v2\/product"}],"about":[{"href":"https:\/\/lightup.lv\/ru\/wp-json\/wp\/v2\/types\/product"}],"wp:featuredmedia":[{"embeddable":true,"href":"https:\/\/lightup.lv\/ru\/wp-json\/wp\/v2\/media\/14232"}],"wp:attachment":[{"href":"https:\/\/lightup.lv\/ru\/wp-json\/wp\/v2\/media?parent=31946"}],"wp:term":[{"taxonomy":"product_brand","embeddable":true,"href":"https:\/\/lightup.lv\/ru\/wp-json\/wp\/v2\/product_brand?post=31946"},{"taxonomy":"product_cat","embeddable":true,"href":"https:\/\/lightup.lv\/ru\/wp-json\/wp\/v2\/product_cat?post=31946"},{"taxonomy":"product_tag","embeddable":true,"href":"https:\/\/lightup.lv\/ru\/wp-json\/wp\/v2\/product_tag?post=31946"}],"curies":[{"name":"wp","href":"https:\/\/api.w.org\/{rel}","templated":true}]}}