{"id":31960,"date":"2022-05-26T19:07:54","date_gmt":"2022-05-26T17:07:54","guid":{"rendered":"https:\/\/lightup.lv\/precu-katalogs\/auduma-kresls-cloud-peleks\/"},"modified":"2025-05-16T13:52:55","modified_gmt":"2025-05-16T11:52:55","slug":"auduma-kresls-cloud-peleks","status":"publish","type":"product","link":"https:\/\/lightup.lv\/ru\/%d0%ba%d0%b0%d1%82%d0%b0%d0%bb%d0%be%d0%b3-%d0%bf%d1%80%d0%be%d0%b4%d1%83%d0%ba%d1%86%d0%b8%d0%b8\/auduma-kresls-cloud-peleks\/","title":{"rendered":"Auduma kr\u0113sls Cloud pel\u0113ks"},"content":{"rendered":"<p>\u0426\u0432\u0435\u0442: \u0441\u0435\u0440\u044b\u0439<br \/>\nS\u0113des materi\u0101ls: Audums<br \/>\nK\u0101ju materi\u0101ls: Met\u0101ls\/t\u0113rauds<br \/>\n\u0412\u043e\u0437\u043c\u043e\u0436\u043d\u043e\u0441\u0442\u044c \u0448\u0442\u0430\u0431\u0435\u043b\u0438\u0440\u043e\u0432\u0430\u043d\u0438\u044f: \u043d\u0435\u0442<br \/>\nKr\u0113sla augstums: 85 cm<br \/>\n\u0428\u0438\u0440\u0438\u043d\u0430 \u0441\u0442\u0443\u043b\u0430: 50 \u0441\u043c.<br \/>\n\u0413\u043b\u0443\u0431\u0438\u043d\u0430 \u0441\u0442\u0443\u043b\u0430: 56 \u0441\u043c<br \/>\n\u0412\u044b\u0441\u043e\u0442\u0430 \u0441\u0438\u0434\u0435\u043d\u044c\u044f: 48 \u0441\u043c<br \/>\nS\u0113des dzi\u013cums: 38 cm<br \/>\nSvars neto: 6 kg<\/p>\n<p>ID 100800206<\/p>","protected":false},"excerpt":{"rendered":"<p>Marianne Bjarl\u00f8v izstr\u0101d\u0101tajam kr\u0113slam Cloud ir vienk\u0101r\u0161a, ta\u010du iespaid\u012bga forma ar organisk\u0101m, noapa\u013cot\u0101m s\u0113dek\u013ca mal\u0101m un elegant\u0101m, konisk\u0101m k\u0101j\u0101m, kas pie\u0161\u0137ir dizainam vieglumu. Tas ir kr\u0113sls, kas izskat\u0101s labi no jebkura le\u0146\u0137a, nedomin\u0113jot telp\u0101. Cloud kolekcija sast\u0101v no \u0113damistabas kr\u0113sliem, b\u0101ra kr\u0113sliem un letes kr\u0113sliem.<\/p>","protected":false},"featured_media":35732,"template":"","meta":{"_acf_changed":false},"product_brand":[],"product_cat":[28,38],"product_tag":[37],"class_list":{"0":"post-31960","1":"product","2":"type-product","3":"status-publish","4":"has-post-thumbnail","6":"product_cat-kresli","7":"product_cat-kresli-pie-galda","8":"product_tag-dan-form","10":"first","11":"instock","12":"shipping-taxable","13":"purchasable","14":"product-type-simple"},"acf":[],"_links":{"self":[{"href":"https:\/\/lightup.lv\/ru\/wp-json\/wp\/v2\/product\/31960","targetHints":{"allow":["GET"]}}],"collection":[{"href":"https:\/\/lightup.lv\/ru\/wp-json\/wp\/v2\/product"}],"about":[{"href":"https:\/\/lightup.lv\/ru\/wp-json\/wp\/v2\/types\/product"}],"wp:featuredmedia":[{"embeddable":true,"href":"https:\/\/lightup.lv\/ru\/wp-json\/wp\/v2\/media\/35732"}],"wp:attachment":[{"href":"https:\/\/lightup.lv\/ru\/wp-json\/wp\/v2\/media?parent=31960"}],"wp:term":[{"taxonomy":"product_brand","embeddable":true,"href":"https:\/\/lightup.lv\/ru\/wp-json\/wp\/v2\/product_brand?post=31960"},{"taxonomy":"product_cat","embeddable":true,"href":"https:\/\/lightup.lv\/ru\/wp-json\/wp\/v2\/product_cat?post=31960"},{"taxonomy":"product_tag","embeddable":true,"href":"https:\/\/lightup.lv\/ru\/wp-json\/wp\/v2\/product_tag?post=31960"}],"curies":[{"name":"wp","href":"https:\/\/api.w.org\/{rel}","templated":true}]}}