{"id":31974,"date":"2022-05-27T10:20:22","date_gmt":"2022-05-27T08:20:22","guid":{"rendered":"https:\/\/lightup.lv\/precu-katalogs\/kresls-delta-balts\/"},"modified":"2025-11-13T16:21:43","modified_gmt":"2025-11-13T14:21:43","slug":"kresls-delta-balts","status":"publish","type":"product","link":"https:\/\/lightup.lv\/ru\/%d0%ba%d0%b0%d1%82%d0%b0%d0%bb%d0%be%d0%b3-%d0%bf%d1%80%d0%be%d0%b4%d1%83%d0%ba%d1%86%d0%b8%d0%b8\/kresls-delta-balts\/","title":{"rendered":"Kr\u0113sls Delta balts"},"content":{"rendered":"<p>\u0426\u0432\u0435\u0442: \u0411\u0435\u043b\u044b\u0439\/\u0411\u0435\u0436\u0435\u0432\u044b\u0439<br \/>\nS\u0113des materi\u0101ls: Aukla<br \/>\nK\u0101ju materi\u0101ls: Met\u0101ls\/t\u0113rauds<br \/>\n\u0412\u043e\u0437\u043c\u043e\u0436\u043d\u043e\u0441\u0442\u044c \u0448\u0442\u0430\u0431\u0435\u043b\u0438\u0440\u043e\u0432\u0430\u043d\u0438\u044f: \u043d\u0435\u0442<br \/>\nKr\u0113sla augstums: 78 cm<br \/>\nKr\u0113sla platums: 53 cm<br \/>\n\u0413\u043b\u0443\u0431\u0438\u043d\u0430 \u0441\u0442\u0443\u043b\u0430: 50 \u0441\u043c<br \/>\n\u0412\u044b\u0441\u043e\u0442\u0430 \u0441\u0438\u0434\u0435\u043d\u044c\u044f: 47 \u0441\u043c<br \/>\nSvars neto: 5.4 kg<\/p>\n<p>ID 102320800<\/p>","protected":false},"excerpt":{"rendered":"<p>\u0112damistabas kr\u0113sls DELTA ir klasisks kr\u0113sls, kas atg\u0101dina gadsimta vidus Zieme\u013cvalstu dizaina trad\u012bcijas. Kr\u0113slam ir met\u0101la r\u0101mis, k\u0101jas un atzveltne, k\u0101 ar\u012b iztur\u012bgs 3 k\u0101rtu auklas s\u0113deklis ar skaistu apdari. DELTA ir pieejams tikai k\u0101 \u0113damistabas kr\u0113sls.<\/p>","protected":false},"featured_media":37174,"template":"","meta":{"_acf_changed":false},"product_brand":[],"product_cat":[28,38],"product_tag":[37],"class_list":{"0":"post-31974","1":"product","2":"type-product","3":"status-publish","4":"has-post-thumbnail","6":"product_cat-kresli","7":"product_cat-kresli-pie-galda","8":"product_tag-dan-form","10":"first","11":"instock","12":"sale","13":"shipping-taxable","14":"purchasable","15":"product-type-simple"},"acf":[],"_links":{"self":[{"href":"https:\/\/lightup.lv\/ru\/wp-json\/wp\/v2\/product\/31974","targetHints":{"allow":["GET"]}}],"collection":[{"href":"https:\/\/lightup.lv\/ru\/wp-json\/wp\/v2\/product"}],"about":[{"href":"https:\/\/lightup.lv\/ru\/wp-json\/wp\/v2\/types\/product"}],"wp:featuredmedia":[{"embeddable":true,"href":"https:\/\/lightup.lv\/ru\/wp-json\/wp\/v2\/media\/37174"}],"wp:attachment":[{"href":"https:\/\/lightup.lv\/ru\/wp-json\/wp\/v2\/media?parent=31974"}],"wp:term":[{"taxonomy":"product_brand","embeddable":true,"href":"https:\/\/lightup.lv\/ru\/wp-json\/wp\/v2\/product_brand?post=31974"},{"taxonomy":"product_cat","embeddable":true,"href":"https:\/\/lightup.lv\/ru\/wp-json\/wp\/v2\/product_cat?post=31974"},{"taxonomy":"product_tag","embeddable":true,"href":"https:\/\/lightup.lv\/ru\/wp-json\/wp\/v2\/product_tag?post=31974"}],"curies":[{"name":"wp","href":"https:\/\/api.w.org\/{rel}","templated":true}]}}