{"id":32003,"date":"2022-05-28T17:20:31","date_gmt":"2022-05-28T15:20:31","guid":{"rendered":"https:\/\/lightup.lv\/precu-katalogs\/pusbara-kresls-flair-melns\/"},"modified":"2024-04-02T13:54:09","modified_gmt":"2024-04-02T11:54:09","slug":"%d0%bf%d0%be%d0%bb%d1%83%d0%ba%d1%80%d0%b5%d1%81%d0%bb%d0%be-%d1%84%d0%bb%d0%b5%d1%80-%d1%87%d1%91%d1%80%d0%bd%d1%8b%d0%b9","status":"publish","type":"product","link":"https:\/\/lightup.lv\/ru\/%d0%ba%d0%b0%d1%82%d0%b0%d0%bb%d0%be%d0%b3-%d0%bf%d1%80%d0%be%d0%b4%d1%83%d0%ba%d1%86%d0%b8%d0%b8\/%d0%bf%d0%be%d0%bb%d1%83%d0%ba%d1%80%d0%b5%d1%81%d0%bb%d0%be-%d1%84%d0%bb%d0%b5%d1%80-%d1%87%d1%91%d1%80%d0%bd%d1%8b%d0%b9\/","title":{"rendered":"\u0411\u0430\u0440\u043d\u044b\u0439 \u0441\u0442\u0443\u043b FLAIR \u0447\u0435\u0440\u043d\u044b\u0439"},"content":{"rendered":"<p><span data-sheets-value=\"{&quot;1&quot;:2,&quot;2&quot;:&quot;Kr\u0101sa: MelnanMateri\u0101ls: M\u0101ksl\u012bg\u0101 \u0101danKr\u0113sla k\u0101ju materi\u0101ls: Met\u0101ls\/t\u0113raudsnSakraujams viens uz otra: N\u0113nKr\u0113sla augstums: 90 cmnKr\u0113sla platums: 58 cmnKr\u0113sla dzi\u013cums: 50 cmnS\u0113des augstums: 65 cmnSvars neto: 6.3 kg&quot;}\" data-sheets-userformat=\"{&quot;2&quot;:769,&quot;3&quot;:{&quot;1&quot;:0},&quot;11&quot;:3,&quot;12&quot;:0}\">\u0426\u0432\u0435\u0442: \u0447\u0435\u0440\u043d\u044b\u0439<br \/>\n\u041c\u0430\u0442\u0435\u0440\u0438\u0430\u043b: \u0418\u0441\u043a\u0443\u0441\u0441\u0442\u0432\u0435\u043d\u043d\u0430\u044f \u043a\u043e\u0436\u0430<br \/>\n\u041c\u0430\u0442\u0435\u0440\u0438\u0430\u043b \u043d\u043e\u0436\u0435\u043a \u0441\u0442\u0443\u043b\u0430: \u041c\u0435\u0442\u0430\u043b\u043b\/\u0441\u0442\u0430\u043b\u044c<br \/>\n\u0412\u043e\u0437\u043c\u043e\u0436\u043d\u043e\u0441\u0442\u044c \u0448\u0442\u0430\u0431\u0435\u043b\u0438\u0440\u043e\u0432\u0430\u043d\u0438\u044f: \u043d\u0435\u0442<br \/>\n\u0412\u044b\u0441\u043e\u0442\u0430 \u0441\u0442\u0443\u043b\u0430: 90 \u0441\u043c.<br \/>\n\u0428\u0438\u0440\u0438\u043d\u0430 \u0441\u0442\u0443\u043b\u0430: 58 \u0441\u043c<br \/>\n\u0413\u043b\u0443\u0431\u0438\u043d\u0430 \u0441\u0442\u0443\u043b\u0430: 50 \u0441\u043c<br \/>\n\u0412\u044b\u0441\u043e\u0442\u0430 \u0441\u0438\u0434\u0435\u043d\u044c\u044f: 65 \u0441\u043c<br \/>\n\u0412\u0435\u0441 \u043d\u0435\u0442\u0442\u043e: 6,3 \u043a\u0433<\/span><\/p>\n<p>\u0418\u0434\u0435\u043d\u0442\u0438\u0444\u0438\u043a\u0430\u0442\u043e\u0440 200801590<\/p>","protected":false},"excerpt":{"rendered":"<p><span data-sheets-value=\"{&quot;1&quot;:2,&quot;2&quot;:&quot;FLAIR pusb\u0101ra kr\u0113sli pie\u0161\u0137ir svaigu, modernu izskatu jebkuram b\u0101ram gan m\u0101j\u0101s, gan sabiedrisk\u0101s viet\u0101s. Kr\u0113sla rakstur\u012bg\u0101 atzveltne veido ar\u012b roku balstus. Pusb\u0101ra kr\u0113sla augstums ir piem\u0113rots aptuveni 90 cm letes virsmas augstumam. Kolekcija FLAIR sast\u0101v no kr\u0113sliem, b\u0101ra kr\u0113sliem un letes kr\u0113sliem.&quot;}\" data-sheets-userformat=\"{&quot;2&quot;:769,&quot;3&quot;:{&quot;1&quot;:0},&quot;11&quot;:3,&quot;12&quot;:0}\">\u041f\u043e\u043b\u0443\u0431\u0430\u0440\u043d\u044b\u0435 \u0441\u0442\u0443\u043b\u044c\u044f FLAIR \u0434\u043e\u0431\u0430\u0432\u044f\u0442 \u0441\u0432\u0435\u0436\u0438\u0439 \u0438 \u0441\u043e\u0432\u0440\u0435\u043c\u0435\u043d\u043d\u044b\u0439 \u0432\u0438\u0434 \u043b\u044e\u0431\u043e\u043c\u0443 \u0431\u0430\u0440\u0443, \u043a\u0430\u043a \u0434\u043e\u043c\u0430\u0448\u043d\u0435\u043c\u0443, \u0442\u0430\u043a \u0438 \u043e\u0431\u0449\u0435\u0441\u0442\u0432\u0435\u043d\u043d\u043e\u043c\u0443. \u0425\u0430\u0440\u0430\u043a\u0442\u0435\u0440\u043d\u0430\u044f \u0441\u043f\u0438\u043d\u043a\u0430 \u0441\u0442\u0443\u043b\u0430 \u0442\u0430\u043a\u0436\u0435 \u0441\u043b\u0443\u0436\u0438\u0442 \u043f\u043e\u0434\u043b\u043e\u043a\u043e\u0442\u043d\u0438\u043a\u0430\u043c\u0438. \u0412\u044b\u0441\u043e\u0442\u0430 \u043f\u043e\u043b\u0443\u0431\u0430\u0440\u043d\u043e\u0433\u043e \u0441\u0442\u0443\u043b\u0430 \u043f\u043e\u0434\u0445\u043e\u0434\u0438\u0442 \u0434\u043b\u044f \u0441\u0442\u043e\u0439\u043a\u0438 \u0432\u044b\u0441\u043e\u0442\u043e\u0439 \u043e\u043a\u043e\u043b\u043e 90 \u0441\u043c. \u041a\u043e\u043b\u043b\u0435\u043a\u0446\u0438\u044f FLAIR \u0432\u043a\u043b\u044e\u0447\u0430\u0435\u0442 \u0441\u0442\u0443\u043b\u044c\u044f, \u0431\u0430\u0440\u043d\u044b\u0435 \u0441\u0442\u0443\u043b\u044c\u044f \u0438 \u0431\u0430\u0440\u043d\u044b\u0435 \u0442\u0430\u0431\u0443\u0440\u0435\u0442\u044b.<\/span><\/p>","protected":false},"featured_media":14931,"template":"","meta":{"_acf_changed":false},"product_brand":[],"product_cat":[28,41],"product_tag":[37],"class_list":{"0":"post-32003","1":"product","2":"type-product","3":"status-publish","4":"has-post-thumbnail","6":"product_cat-kresli","7":"product_cat-pusbara-kresli","8":"product_tag-dan-form","10":"first","11":"instock","12":"sale","13":"shipping-taxable","14":"purchasable","15":"product-type-simple"},"acf":[],"_links":{"self":[{"href":"https:\/\/lightup.lv\/ru\/wp-json\/wp\/v2\/product\/32003","targetHints":{"allow":["GET"]}}],"collection":[{"href":"https:\/\/lightup.lv\/ru\/wp-json\/wp\/v2\/product"}],"about":[{"href":"https:\/\/lightup.lv\/ru\/wp-json\/wp\/v2\/types\/product"}],"wp:featuredmedia":[{"embeddable":true,"href":"https:\/\/lightup.lv\/ru\/wp-json\/wp\/v2\/media\/14931"}],"wp:attachment":[{"href":"https:\/\/lightup.lv\/ru\/wp-json\/wp\/v2\/media?parent=32003"}],"wp:term":[{"taxonomy":"product_brand","embeddable":true,"href":"https:\/\/lightup.lv\/ru\/wp-json\/wp\/v2\/product_brand?post=32003"},{"taxonomy":"product_cat","embeddable":true,"href":"https:\/\/lightup.lv\/ru\/wp-json\/wp\/v2\/product_cat?post=32003"},{"taxonomy":"product_tag","embeddable":true,"href":"https:\/\/lightup.lv\/ru\/wp-json\/wp\/v2\/product_tag?post=32003"}],"curies":[{"name":"wp","href":"https:\/\/api.w.org\/{rel}","templated":true}]}}