{"id":32018,"date":"2022-05-28T18:16:08","date_gmt":"2022-05-28T16:16:08","guid":{"rendered":"https:\/\/lightup.lv\/precu-katalogs\/kresls-flair-ada-melns\/"},"modified":"2024-04-02T13:08:22","modified_gmt":"2024-04-02T11:08:22","slug":"%d0%ba%d0%be%d0%b6%d0%b0%d0%bd%d0%be%d0%b5-%d0%ba%d1%80%d0%b5%d1%81%d0%bb%d0%be-flair-%d1%87%d0%b5%d1%80%d0%bd%d0%be%d0%b5","status":"publish","type":"product","link":"https:\/\/lightup.lv\/ru\/%d0%ba%d0%b0%d1%82%d0%b0%d0%bb%d0%be%d0%b3-%d0%bf%d1%80%d0%be%d0%b4%d1%83%d0%ba%d1%86%d0%b8%d0%b8\/%d0%ba%d0%be%d0%b6%d0%b0%d0%bd%d0%be%d0%b5-%d0%ba%d1%80%d0%b5%d1%81%d0%bb%d0%be-flair-%d1%87%d0%b5%d1%80%d0%bd%d0%be%d0%b5\/","title":{"rendered":"\u041a\u0440\u0435\u0441\u043b\u043e FLAIR \u043a\u043e\u0436\u0430\u043d\u043e\u0435 \u0447\u0435\u0440\u043d\u043e\u0435"},"content":{"rendered":"<p><span data-sheets-value=\"{&quot;1&quot;:2,&quot;2&quot;:&quot;Kr\u0101sa: MelnanMateri\u0101ls: \u0100danKr\u0113sla k\u0101ju materi\u0101ls: Met\u0101ls\/t\u0113raudsnSakraujams viens uz otra: N\u0113nKr\u0113sla augstums: 81 cmnKr\u0113sla platums: 64 cmnKr\u0113sla dzi\u013cums: 57 cmnS\u0113des augstums: 49 cmnS\u0113des dzi\u013cums: 39 cmnSvars neto: 5 kg&quot;}\" data-sheets-userformat=\"{&quot;2&quot;:769,&quot;3&quot;:{&quot;1&quot;:0},&quot;11&quot;:3,&quot;12&quot;:0}\">\u0426\u0432\u0435\u0442: \u0447\u0435\u0440\u043d\u044b\u0439<br \/>\n\u041c\u0430\u0442\u0435\u0440\u0438\u0430\u043b: \u041a\u043e\u0436\u0430<br \/>\n\u041c\u0430\u0442\u0435\u0440\u0438\u0430\u043b \u043d\u043e\u0436\u0435\u043a \u0441\u0442\u0443\u043b\u0430: \u041c\u0435\u0442\u0430\u043b\u043b\/\u0441\u0442\u0430\u043b\u044c<br \/>\n\u0412\u043e\u0437\u043c\u043e\u0436\u043d\u043e\u0441\u0442\u044c \u0448\u0442\u0430\u0431\u0435\u043b\u0438\u0440\u043e\u0432\u0430\u043d\u0438\u044f: \u043d\u0435\u0442<br \/>\n\u0412\u044b\u0441\u043e\u0442\u0430 \u0441\u0442\u0443\u043b\u0430: 81 \u0441\u043c<br \/>\n\u0428\u0438\u0440\u0438\u043d\u0430 \u0441\u0442\u0443\u043b\u0430: 64 \u0441\u043c<br \/>\n\u0413\u043b\u0443\u0431\u0438\u043d\u0430 \u0441\u0442\u0443\u043b\u0430: 57 \u0441\u043c<br \/>\n\u0412\u044b\u0441\u043e\u0442\u0430 \u0441\u0438\u0434\u0435\u043d\u044c\u044f: 49 \u0441\u043c<br \/>\n\u0413\u043b\u0443\u0431\u0438\u043d\u0430 \u0441\u0438\u0434\u0435\u043d\u044c\u044f: 39 \u0441\u043c<br \/>\n\u0412\u0435\u0441 \u043d\u0435\u0442\u0442\u043e: 5 \u043a\u0433<\/span><\/p>\n<p>\u0418\u0434\u0435\u043d\u0442\u0438\u0444\u0438\u043a\u0430\u0442\u043e\u0440 100221222<\/p>","protected":false},"excerpt":{"rendered":"<p><span data-sheets-value=\"{&quot;1&quot;:2,&quot;2&quot;:&quot;FLAIR ienes m\u016bsdien\u012bgu, greznu un zieme\u013cniecisku stilu ar muguru, kas izstiepta l\u012bdz roku balstiem, un ar rok\u0101m \u0161\u016bt\u0101m \u0161uv\u0113m ap kr\u0113sla mal\u0101m. FLAIR kr\u0113sls pied\u0101v\u0101 lielisku s\u0113d\u0113\u0161anas komfortu, kas ir ide\u0101li piem\u0113rots gar\u0101m sarun\u0101m pie vakari\u0146u vai san\u0101ksmju galda. Kolekcija FLAIR sast\u0101v no kr\u0113sliem, b\u0101ra kr\u0113sliem un letes kr\u0113sliem.&quot;}\" data-sheets-userformat=\"{&quot;2&quot;:769,&quot;3&quot;:{&quot;1&quot;:0},&quot;11&quot;:3,&quot;12&quot;:0}\">FLAIR \u0432\u043e\u043f\u043b\u043e\u0449\u0430\u0435\u0442 \u0441\u043e\u0432\u0440\u0435\u043c\u0435\u043d\u043d\u044b\u0439, \u0440\u043e\u0441\u043a\u043e\u0448\u043d\u044b\u0439 \u0441\u043a\u0430\u043d\u0434\u0438\u043d\u0430\u0432\u0441\u043a\u0438\u0439 \u0441\u0442\u0438\u043b\u044c \u0431\u043b\u0430\u0433\u043e\u0434\u0430\u0440\u044f \u0441\u043f\u0438\u043d\u043a\u0435, \u0434\u043e\u0445\u043e\u0434\u044f\u0449\u0435\u0439 \u0434\u043e \u043f\u043e\u0434\u043b\u043e\u043a\u043e\u0442\u043d\u0438\u043a\u043e\u0432, \u0438 \u0440\u0443\u0447\u043d\u043e\u0439 \u0441\u0442\u0440\u043e\u0447\u043a\u0435 \u043f\u043e \u043a\u0440\u0430\u044f\u043c. \u041a\u0440\u0435\u0441\u043b\u043e FLAIR \u043e\u0431\u0435\u0441\u043f\u0435\u0447\u0438\u0432\u0430\u0435\u0442 \u043f\u0440\u0435\u0432\u043e\u0441\u0445\u043e\u0434\u043d\u044b\u0439 \u043a\u043e\u043c\u0444\u043e\u0440\u0442 \u0438 \u0438\u0434\u0435\u0430\u043b\u044c\u043d\u043e \u043f\u043e\u0434\u0445\u043e\u0434\u0438\u0442 \u0434\u043b\u044f \u0434\u043e\u043b\u0433\u0438\u0445 \u0431\u0435\u0441\u0435\u0434 \u0437\u0430 \u043e\u0431\u0435\u0434\u0435\u043d\u043d\u044b\u043c \u0441\u0442\u043e\u043b\u043e\u043c \u0438\u043b\u0438 \u0437\u0430 \u0441\u0442\u043e\u043b\u043e\u043c \u0434\u043b\u044f \u0441\u043e\u0432\u0435\u0449\u0430\u043d\u0438\u0439. \u041a\u043e\u043b\u043b\u0435\u043a\u0446\u0438\u044f FLAIR \u0432\u043a\u043b\u044e\u0447\u0430\u0435\u0442 \u0432 \u0441\u0435\u0431\u044f \u0441\u0442\u0443\u043b\u044c\u044f, \u0431\u0430\u0440\u043d\u044b\u0435 \u0441\u0442\u0443\u043b\u044c\u044f \u0438 \u0431\u0430\u0440\u043d\u044b\u0435 \u0442\u0430\u0431\u0443\u0440\u0435\u0442\u044b.<\/span><\/p>","protected":false},"featured_media":15130,"template":"","meta":{"_acf_changed":false},"product_brand":[],"product_cat":[28],"product_tag":[37],"class_list":{"0":"post-32018","1":"product","2":"type-product","3":"status-publish","4":"has-post-thumbnail","6":"product_cat-kresli","7":"product_tag-dan-form","9":"first","10":"instock","11":"sale","12":"shipping-taxable","13":"purchasable","14":"product-type-simple"},"acf":[],"_links":{"self":[{"href":"https:\/\/lightup.lv\/ru\/wp-json\/wp\/v2\/product\/32018","targetHints":{"allow":["GET"]}}],"collection":[{"href":"https:\/\/lightup.lv\/ru\/wp-json\/wp\/v2\/product"}],"about":[{"href":"https:\/\/lightup.lv\/ru\/wp-json\/wp\/v2\/types\/product"}],"wp:featuredmedia":[{"embeddable":true,"href":"https:\/\/lightup.lv\/ru\/wp-json\/wp\/v2\/media\/15130"}],"wp:attachment":[{"href":"https:\/\/lightup.lv\/ru\/wp-json\/wp\/v2\/media?parent=32018"}],"wp:term":[{"taxonomy":"product_brand","embeddable":true,"href":"https:\/\/lightup.lv\/ru\/wp-json\/wp\/v2\/product_brand?post=32018"},{"taxonomy":"product_cat","embeddable":true,"href":"https:\/\/lightup.lv\/ru\/wp-json\/wp\/v2\/product_cat?post=32018"},{"taxonomy":"product_tag","embeddable":true,"href":"https:\/\/lightup.lv\/ru\/wp-json\/wp\/v2\/product_tag?post=32018"}],"curies":[{"name":"wp","href":"https:\/\/api.w.org\/{rel}","templated":true}]}}