{"id":32025,"date":"2022-05-29T11:39:18","date_gmt":"2022-05-29T09:39:18","guid":{"rendered":"https:\/\/lightup.lv\/precu-katalogs\/pusbara-kresls-gaia-gaisi-bruns\/"},"modified":"2025-12-01T17:24:02","modified_gmt":"2025-12-01T15:24:02","slug":"pusbara-kresls-gaia-gaisi-bruns","status":"publish","type":"product","link":"https:\/\/lightup.lv\/ru\/%d0%ba%d0%b0%d1%82%d0%b0%d0%bb%d0%be%d0%b3-%d0%bf%d1%80%d0%be%d0%b4%d1%83%d0%ba%d1%86%d0%b8%d0%b8\/pusbara-kresls-gaia-gaisi-bruns\/","title":{"rendered":"Pusb\u0101ra kr\u0113sls GAIA gai\u0161i br\u016bns"},"content":{"rendered":"<p><span data-sheets-value=\"{&quot;1&quot;:2,&quot;2&quot;:&quot;Kr\u0101sa: Gai\u0161i br\u016bnanMateri\u0101ls: M\u0101ksl\u012bg\u0101 \u0101danKr\u0113sla k\u0101ju materi\u0101ls: Met\u0101ls\/t\u0113raudsnSakraujams viens uz otra: N\u0113nKr\u0113sla augstums: 87 cmnKr\u0113sla platums: 55 cmnKr\u0113sla dzi\u013cums: 53 cmnS\u0113des augstums: 65 cmnS\u0113des dzi\u013cums: 37 cmnSvars neto: 7 kg&quot;}\" data-sheets-userformat=\"{&quot;2&quot;:769,&quot;3&quot;:{&quot;1&quot;:0},&quot;11&quot;:3,&quot;12&quot;:0}\">Kr\u0101sa: Gai\u0161i br\u016bna<br \/>\n\u041c\u0430\u0442\u0435\u0440\u0438\u0430\u043b: \u0418\u0441\u043a\u0443\u0441\u0441\u0442\u0432\u0435\u043d\u043d\u0430\u044f \u043a\u043e\u0436\u0430<br \/>\n\u041c\u0430\u0442\u0435\u0440\u0438\u0430\u043b \u043d\u043e\u0436\u0435\u043a \u0441\u0442\u0443\u043b\u0430: \u041c\u0435\u0442\u0430\u043b\u043b\/\u0441\u0442\u0430\u043b\u044c<br \/>\n\u0412\u043e\u0437\u043c\u043e\u0436\u043d\u043e\u0441\u0442\u044c \u0448\u0442\u0430\u0431\u0435\u043b\u0438\u0440\u043e\u0432\u0430\u043d\u0438\u044f: \u043d\u0435\u0442<br \/>\nKr\u0113sla augstums: 87 cm<br \/>\nKr\u0113sla platums: 55 cm<br \/>\nKr\u0113sla dzi\u013cums: 53 cm<br \/>\n\u0412\u044b\u0441\u043e\u0442\u0430 \u0441\u0438\u0434\u0435\u043d\u044c\u044f: 65 \u0441\u043c<br \/>\nS\u0113des dzi\u013cums: 37 cm<br \/>\nSvars neto: 7 kg<\/span><\/p>\n<p>ID 200200220<\/p>","protected":false},"excerpt":{"rendered":"<p><span data-sheets-value=\"{&quot;1&quot;:2,&quot;2&quot;:&quot;GAIA galda kr\u0113sliem ir dramatisks siluets, kas pie\u0161\u0137irs m\u016bsdien\u012bgu saj\u016btu jebkuram b\u0101ram. Pusb\u0101ra kr\u0113sls, kas ir piem\u0113rots letes augstumam. GAIA kolekcija sast\u0101v no \u0113damistabas kr\u0113sliem, atp\u016btas kr\u0113sliem, b\u0101ra kr\u0113sliem, galda kr\u0113sliem un biroja kr\u0113sliem.&quot;}\" data-sheets-userformat=\"{&quot;2&quot;:769,&quot;3&quot;:{&quot;1&quot;:0},&quot;11&quot;:3,&quot;12&quot;:0}\">GAIA galda kr\u0113sliem ir dramatisks siluets, kas pie\u0161\u0137irs m\u016bsdien\u012bgu saj\u016btu jebkuram b\u0101ram. Pusb\u0101ra kr\u0113sls, kas ir piem\u0113rots letes augstumam. GAIA kolekcija sast\u0101v no \u0113damistabas kr\u0113sliem, atp\u016btas kr\u0113sliem, b\u0101ra kr\u0113sliem, galda kr\u0113sliem un biroja kr\u0113sliem.<\/span><\/p>","protected":false},"featured_media":37191,"template":"","meta":{"_acf_changed":false},"product_brand":[],"product_cat":[28,41],"product_tag":[37],"class_list":{"0":"post-32025","1":"product","2":"type-product","3":"status-publish","4":"has-post-thumbnail","6":"product_cat-kresli","7":"product_cat-pusbara-kresli","8":"product_tag-dan-form","10":"first","11":"instock","12":"shipping-taxable","13":"purchasable","14":"product-type-simple"},"acf":[],"_links":{"self":[{"href":"https:\/\/lightup.lv\/ru\/wp-json\/wp\/v2\/product\/32025","targetHints":{"allow":["GET"]}}],"collection":[{"href":"https:\/\/lightup.lv\/ru\/wp-json\/wp\/v2\/product"}],"about":[{"href":"https:\/\/lightup.lv\/ru\/wp-json\/wp\/v2\/types\/product"}],"wp:featuredmedia":[{"embeddable":true,"href":"https:\/\/lightup.lv\/ru\/wp-json\/wp\/v2\/media\/37191"}],"wp:attachment":[{"href":"https:\/\/lightup.lv\/ru\/wp-json\/wp\/v2\/media?parent=32025"}],"wp:term":[{"taxonomy":"product_brand","embeddable":true,"href":"https:\/\/lightup.lv\/ru\/wp-json\/wp\/v2\/product_brand?post=32025"},{"taxonomy":"product_cat","embeddable":true,"href":"https:\/\/lightup.lv\/ru\/wp-json\/wp\/v2\/product_cat?post=32025"},{"taxonomy":"product_tag","embeddable":true,"href":"https:\/\/lightup.lv\/ru\/wp-json\/wp\/v2\/product_tag?post=32025"}],"curies":[{"name":"wp","href":"https:\/\/api.w.org\/{rel}","templated":true}]}}