{"id":32027,"date":"2022-05-29T11:45:29","date_gmt":"2022-05-29T09:45:29","guid":{"rendered":"https:\/\/lightup.lv\/precu-katalogs\/bara-kresls-glam-gaisi-bruns\/"},"modified":"2025-11-04T12:44:38","modified_gmt":"2025-11-04T10:44:38","slug":"%d0%b1%d0%b0%d1%80%d0%bd%d1%8b%d0%b9-%d1%81%d1%82%d1%83%d0%bb-%d0%b3%d0%bb%d0%b0%d0%bc%d1%83%d1%80%d0%bd%d1%8b%d0%b9-%d0%b2%d0%be%d0%b7%d0%b4%d1%83%d1%88%d0%bd%d1%8b%d0%b9-%d0%ba%d0%be%d1%80%d0%b8","status":"publish","type":"product","link":"https:\/\/lightup.lv\/ru\/precu-katalogs\/bara-kresls-glam-gaisi-bruns\/","title":{"rendered":"\u0411\u0430\u0440\u043d\u044b\u0439 \u0441\u0442\u0443\u043b GLAM \u0441\u0432\u0435\u0442\u043b\u043e-\u043a\u043e\u0440\u0438\u0447\u043d\u0435\u0432\u044b\u0439"},"content":{"rendered":"<p><span data-sheets-value=\"{&quot;1&quot;:2,&quot;2&quot;:&quot;Kr\u0101sa: Gai\u0161i br\u016bnanMateri\u0101ls: AudumsnKr\u0113sla k\u0101ju materi\u0101ls: Met\u0101ls\/t\u0113raudsnSakraujams viens uz otra: N\u0113nKr\u0113sla augstums: 106 cmnKr\u0113sla platums: 49 cmnKr\u0113sla dzi\u013cums: 56 cmnS\u0113des augstums: 78 cmnS\u0113des dzi\u013cums: 41.50 cmnSvars neto: 7 kg&quot;}\" data-sheets-userformat=\"{&quot;2&quot;:769,&quot;3&quot;:{&quot;1&quot;:0},&quot;11&quot;:3,&quot;12&quot;:0}\">\u0426\u0432\u0435\u0442: \u0421\u0432\u0435\u0442\u043b\u043e-\u043a\u043e\u0440\u0438\u0447\u043d\u0435\u0432\u044b\u0439<br \/>\n\u041c\u0430\u0442\u0435\u0440\u0438\u0430\u043b: \u0422\u043a\u0430\u043d\u044c<br \/>\n\u041c\u0430\u0442\u0435\u0440\u0438\u0430\u043b \u043d\u043e\u0436\u0435\u043a \u0441\u0442\u0443\u043b\u0430: \u041c\u0435\u0442\u0430\u043b\u043b\/\u0441\u0442\u0430\u043b\u044c<br \/>\n\u0412\u043e\u0437\u043c\u043e\u0436\u043d\u043e\u0441\u0442\u044c \u0448\u0442\u0430\u0431\u0435\u043b\u0438\u0440\u043e\u0432\u0430\u043d\u0438\u044f: \u043d\u0435\u0442<br \/>\n\u0412\u044b\u0441\u043e\u0442\u0430 \u0441\u0442\u0443\u043b\u0430: 106 \u0441\u043c.<br \/>\n\u0428\u0438\u0440\u0438\u043d\u0430 \u0441\u0442\u0443\u043b\u0430: 49 \u0441\u043c<br \/>\n\u0413\u043b\u0443\u0431\u0438\u043d\u0430 \u0441\u0442\u0443\u043b\u0430: 56 \u0441\u043c<br \/>\n\u0412\u044b\u0441\u043e\u0442\u0430 \u0441\u0438\u0434\u0435\u043d\u044c\u044f: 78 \u0441\u043c<br \/>\n\u0413\u043b\u0443\u0431\u0438\u043d\u0430 \u0441\u0438\u0434\u0435\u043d\u044c\u044f: 41,50 \u0441\u043c<br \/>\n\u0412\u0435\u0441 \u043d\u0435\u0442\u0442\u043e: 7 \u043a\u0433<\/span><\/p>\n<p>ID 200206105<\/p>","protected":false},"excerpt":{"rendered":"<p><span data-sheets-value=\"{&quot;1&quot;:2,&quot;2&quot;:&quot;\u0112rts un stil\u012bgs b\u0101ra kr\u0113sls iederas gan sabiedrisk\u0101s viet\u0101s, piem\u0113ram, viesn\u012bc\u0101s un restor\u0101nos, gan priv\u0101tm\u0101j\u0101s. GLAM kolekcija sast\u0101v no kr\u0113sliem, b\u0101ra kr\u0113sliem un letes kr\u0113sliem.&quot;}\" data-sheets-userformat=\"{&quot;2&quot;:769,&quot;3&quot;:{&quot;1&quot;:0},&quot;11&quot;:3,&quot;12&quot;:0}\">\u0423\u0434\u043e\u0431\u043d\u044b\u0439 \u0438 \u0441\u0442\u0438\u043b\u044c\u043d\u044b\u0439 \u0431\u0430\u0440\u043d\u044b\u0439 \u0441\u0442\u0443\u043b, \u043f\u043e\u0434\u0445\u043e\u0434\u044f\u0449\u0438\u0439 \u043a\u0430\u043a \u0434\u043b\u044f \u043e\u0431\u0449\u0435\u0441\u0442\u0432\u0435\u043d\u043d\u044b\u0445 \u043c\u0435\u0441\u0442, \u0442\u0430\u043a\u0438\u0445 \u043a\u0430\u043a \u043e\u0442\u0435\u043b\u0438 \u0438 \u0440\u0435\u0441\u0442\u043e\u0440\u0430\u043d\u044b, \u0442\u0430\u043a \u0438 \u0434\u043b\u044f \u0447\u0430\u0441\u0442\u043d\u044b\u0445 \u0434\u043e\u043c\u043e\u0432. \u041a\u043e\u043b\u043b\u0435\u043a\u0446\u0438\u044f GLAM \u0432\u043a\u043b\u044e\u0447\u0430\u0435\u0442 \u0432 \u0441\u0435\u0431\u044f \u0441\u0442\u0443\u043b\u044c\u044f, \u0431\u0430\u0440\u043d\u044b\u0435 \u0441\u0442\u0443\u043b\u044c\u044f \u0438 \u0441\u0442\u0443\u043b\u044c\u044f \u0434\u043b\u044f \u0431\u0430\u0440\u043d\u043e\u0439 \u0441\u0442\u043e\u0439\u043a\u0438.<\/span><\/p>","protected":false},"featured_media":35750,"template":"","meta":{"_acf_changed":false},"product_brand":[],"product_cat":[28,29,213],"product_tag":[37],"class_list":{"0":"post-32027","1":"product","2":"type-product","3":"status-publish","4":"has-post-thumbnail","6":"product_cat-kresli","7":"product_cat-bara-kresli","8":"product_cat-salona-pieejams","9":"product_tag-dan-form","11":"first","12":"instock","13":"shipping-taxable","14":"purchasable","15":"product-type-simple"},"acf":[],"_links":{"self":[{"href":"https:\/\/lightup.lv\/ru\/wp-json\/wp\/v2\/product\/32027","targetHints":{"allow":["GET"]}}],"collection":[{"href":"https:\/\/lightup.lv\/ru\/wp-json\/wp\/v2\/product"}],"about":[{"href":"https:\/\/lightup.lv\/ru\/wp-json\/wp\/v2\/types\/product"}],"wp:featuredmedia":[{"embeddable":true,"href":"https:\/\/lightup.lv\/ru\/wp-json\/wp\/v2\/media\/35750"}],"wp:attachment":[{"href":"https:\/\/lightup.lv\/ru\/wp-json\/wp\/v2\/media?parent=32027"}],"wp:term":[{"taxonomy":"product_brand","embeddable":true,"href":"https:\/\/lightup.lv\/ru\/wp-json\/wp\/v2\/product_brand?post=32027"},{"taxonomy":"product_cat","embeddable":true,"href":"https:\/\/lightup.lv\/ru\/wp-json\/wp\/v2\/product_cat?post=32027"},{"taxonomy":"product_tag","embeddable":true,"href":"https:\/\/lightup.lv\/ru\/wp-json\/wp\/v2\/product_tag?post=32027"}],"curies":[{"name":"WP","href":"https:\/\/api.w.org\/{rel}","templated":true}]}}