{"id":32033,"date":"2022-05-29T12:05:51","date_gmt":"2022-05-29T10:05:51","guid":{"rendered":"https:\/\/lightup.lv\/precu-katalogs\/kresls-glam-auduma-gaisi-peleks\/"},"modified":"2025-09-12T15:49:23","modified_gmt":"2025-09-12T13:49:23","slug":"%d1%82%d0%ba%d0%b0%d0%bd%d1%8c-%d0%b4%d0%bb%d1%8f-%d0%ba%d1%80%d0%b5%d1%81%d0%bb%d0%b0-glam-%d1%81%d0%b2%d0%b5%d1%82%d0%bb%d0%be-%d1%81%d0%b5%d1%80%d0%be%d0%b3%d0%be-%d1%86%d0%b2%d0%b5%d1%82%d0%b0","status":"publish","type":"product","link":"https:\/\/lightup.lv\/ru\/precu-katalogs\/kresls-glam-auduma-gaisi-peleks\/","title":{"rendered":"\u041e\u0431\u0438\u0432\u043a\u0430 \u043a\u0440\u0435\u0441\u043b\u0430 GLAM, \u0441\u0432\u0435\u0442\u043b\u043e-\u0441\u0435\u0440\u044b\u0439 \u0446\u0432\u0435\u0442"},"content":{"rendered":"<p><span data-sheets-value=\"{&quot;1&quot;:2,&quot;2&quot;:&quot;Kr\u0101sa: Gai\u0161i pel\u0113kanMateri\u0101ls: AudumsnKr\u0113sla k\u0101ju materi\u0101ls: Met\u0101ls\/t\u0113raudsnSakraujams viens uz otra: N\u0113nKr\u0113sla augstums: 82 cmnKr\u0113sla platums: 59 cmnKr\u0113sla dzi\u013cums: 61 cmnS\u0113des augstums: 47 cmnS\u0113des dzi\u013cums: 45 cmnSvars neto: 7 kg&quot;}\" data-sheets-userformat=\"{&quot;2&quot;:769,&quot;3&quot;:{&quot;1&quot;:0},&quot;11&quot;:3,&quot;12&quot;:0}\">\u0426\u0432\u0435\u0442: \u0421\u0432\u0435\u0442\u043b\u043e-\u0441\u0435\u0440\u044b\u0439<br \/>\n\u041c\u0430\u0442\u0435\u0440\u0438\u0430\u043b: \u0422\u043a\u0430\u043d\u044c<br \/>\n\u041c\u0430\u0442\u0435\u0440\u0438\u0430\u043b \u043d\u043e\u0436\u0435\u043a \u0441\u0442\u0443\u043b\u0430: \u041c\u0435\u0442\u0430\u043b\u043b\/\u0441\u0442\u0430\u043b\u044c<br \/>\n\u0412\u043e\u0437\u043c\u043e\u0436\u043d\u043e\u0441\u0442\u044c \u0448\u0442\u0430\u0431\u0435\u043b\u0438\u0440\u043e\u0432\u0430\u043d\u0438\u044f: \u043d\u0435\u0442<br \/>\n\u0412\u044b\u0441\u043e\u0442\u0430 \u0441\u0442\u0443\u043b\u0430: 82 \u0441\u043c.<br \/>\n\u0428\u0438\u0440\u0438\u043d\u0430 \u0441\u0442\u0443\u043b\u0430: 59 \u0441\u043c<br \/>\n\u0413\u043b\u0443\u0431\u0438\u043d\u0430 \u0441\u0442\u0443\u043b\u0430: 61 \u0441\u043c<br \/>\n\u0412\u044b\u0441\u043e\u0442\u0430 \u0441\u0438\u0434\u0435\u043d\u044c\u044f: 47 \u0441\u043c<br \/>\n\u0413\u043b\u0443\u0431\u0438\u043d\u0430 \u0441\u0438\u0434\u0435\u043d\u044c\u044f: 45 \u0441\u043c<br \/>\n\u0412\u0435\u0441 \u043d\u0435\u0442\u0442\u043e: 7 \u043a\u0433<\/span><\/p>\n<p>ID 100206208<\/p>","protected":false},"excerpt":{"rendered":"<p><span data-sheets-value=\"{&quot;1&quot;:2,&quot;2&quot;:&quot;GLAM kr\u0113slam piem\u012bt elegance, maigas formas s\u0113deklis un pl\u0101nas, nedaudz koniskas k\u0101jas. K\u0101jas ir izstieptas l\u012bdz mugurai, kas akcent\u0113 GLAM kr\u0113sla luksusa saj\u016btu. GLAM kolekcija sast\u0101v no kr\u0113sliem, b\u0101ra kr\u0113sliem un letes kr\u0113sliem.&quot;}\" data-sheets-userformat=\"{&quot;2&quot;:769,&quot;3&quot;:{&quot;1&quot;:0},&quot;11&quot;:3,&quot;12&quot;:0}\">\u0421\u0442\u0443\u043b GLAM \u043e\u0442\u043b\u0438\u0447\u0430\u0435\u0442\u0441\u044f \u044d\u043b\u0435\u0433\u0430\u043d\u0442\u043d\u044b\u043c \u0441\u0438\u0434\u0435\u043d\u044c\u0435\u043c \u043c\u044f\u0433\u043a\u043e\u0439 \u0444\u043e\u0440\u043c\u044b \u0438 \u0442\u043e\u043d\u043a\u0438\u043c\u0438, \u0441\u043b\u0435\u0433\u043a\u0430 \u0441\u0443\u0436\u0430\u044e\u0449\u0438\u043c\u0438\u0441\u044f \u043a \u043d\u0438\u0437\u0443 \u043d\u043e\u0436\u043a\u0430\u043c\u0438. \u041d\u043e\u0436\u043a\u0438 \u043f\u0440\u043e\u0434\u043e\u043b\u0436\u0430\u044e\u0442\u0441\u044f \u0434\u043e \u0441\u043f\u0438\u043d\u043a\u0438, \u0447\u0442\u043e \u043f\u043e\u0434\u0447\u0435\u0440\u043a\u0438\u0432\u0430\u0435\u0442 \u0440\u043e\u0441\u043a\u043e\u0448\u043d\u044b\u0439 \u0432\u0438\u0434 \u0441\u0442\u0443\u043b\u0430 GLAM. \u041a\u043e\u043b\u043b\u0435\u043a\u0446\u0438\u044f GLAM \u0432\u043a\u043b\u044e\u0447\u0430\u0435\u0442 \u0432 \u0441\u0435\u0431\u044f \u0441\u0442\u0443\u043b\u044c\u044f, \u0431\u0430\u0440\u043d\u044b\u0435 \u0441\u0442\u0443\u043b\u044c\u044f \u0438 \u0441\u0442\u0443\u043b\u044c\u044f \u0434\u043b\u044f \u0431\u0430\u0440\u043d\u043e\u0439 \u0441\u0442\u043e\u0439\u043a\u0438.<\/span><\/p>","protected":false},"featured_media":36912,"template":"","meta":{"_acf_changed":false},"product_brand":[],"product_cat":[28,38],"product_tag":[37],"class_list":{"0":"post-32033","1":"product","2":"type-product","3":"status-publish","4":"has-post-thumbnail","6":"product_cat-kresli","7":"product_cat-kresli-pie-galda","8":"product_tag-dan-form","10":"first","11":"instock","12":"shipping-taxable","13":"purchasable","14":"product-type-simple"},"acf":[],"_links":{"self":[{"href":"https:\/\/lightup.lv\/ru\/wp-json\/wp\/v2\/product\/32033","targetHints":{"allow":["GET"]}}],"collection":[{"href":"https:\/\/lightup.lv\/ru\/wp-json\/wp\/v2\/product"}],"about":[{"href":"https:\/\/lightup.lv\/ru\/wp-json\/wp\/v2\/types\/product"}],"wp:featuredmedia":[{"embeddable":true,"href":"https:\/\/lightup.lv\/ru\/wp-json\/wp\/v2\/media\/36912"}],"wp:attachment":[{"href":"https:\/\/lightup.lv\/ru\/wp-json\/wp\/v2\/media?parent=32033"}],"wp:term":[{"taxonomy":"product_brand","embeddable":true,"href":"https:\/\/lightup.lv\/ru\/wp-json\/wp\/v2\/product_brand?post=32033"},{"taxonomy":"product_cat","embeddable":true,"href":"https:\/\/lightup.lv\/ru\/wp-json\/wp\/v2\/product_cat?post=32033"},{"taxonomy":"product_tag","embeddable":true,"href":"https:\/\/lightup.lv\/ru\/wp-json\/wp\/v2\/product_tag?post=32033"}],"curies":[{"name":"WP","href":"https:\/\/api.w.org\/{rel}","templated":true}]}}