{"id":32053,"date":"2022-05-29T18:41:42","date_gmt":"2022-05-29T16:41:42","guid":{"rendered":"https:\/\/lightup.lv\/precu-katalogs\/hype-atzveltnes-kresls-melns\/"},"modified":"2024-04-02T13:47:11","modified_gmt":"2024-04-02T11:47:11","slug":"%d0%ba%d1%80%d0%b5%d1%81%d0%bb%d0%be-%d1%85%d0%b0%d0%b9%d0%bf-%d1%87%d0%b5%d1%80%d0%bd%d0%be%d0%b5","status":"publish","type":"product","link":"https:\/\/lightup.lv\/ru\/%d0%ba%d0%b0%d1%82%d0%b0%d0%bb%d0%be%d0%b3-%d0%bf%d1%80%d0%be%d0%b4%d1%83%d0%ba%d1%86%d0%b8%d0%b8\/%d0%ba%d1%80%d0%b5%d1%81%d0%bb%d0%be-%d1%85%d0%b0%d0%b9%d0%bf-%d1%87%d0%b5%d1%80%d0%bd%d0%be%d0%b5\/","title":{"rendered":"\u041a\u0440\u0435\u0441\u043b\u043e HYPE \u0447\u0435\u0440\u043d\u043e\u0435"},"content":{"rendered":"<p><span data-sheets-value=\"{&quot;1&quot;:2,&quot;2&quot;:&quot;Kr\u0101sa: MelnanMateri\u0101ls: M\u0101ksl\u012bg\u0101 \u0101danKr\u0113sla k\u0101ju materi\u0101ls: Met\u0101ls\/t\u0113raudsnSakraujams viens uz otra: N\u0113nKr\u0113sla augstums: 80 cmnKr\u0113sla platums: 52 cmnKr\u0113sla dzi\u013cums: 58 cmnS\u0113des augstums: 46 cmnS\u0113des dzi\u013cums: 44 cmnSvars neto: 5.8 kg&quot;}\" data-sheets-userformat=\"{&quot;2&quot;:769,&quot;3&quot;:{&quot;1&quot;:0},&quot;11&quot;:3,&quot;12&quot;:0}\">\u0426\u0432\u0435\u0442: \u0447\u0435\u0440\u043d\u044b\u0439<br \/>\n\u041c\u0430\u0442\u0435\u0440\u0438\u0430\u043b: \u0418\u0441\u043a\u0443\u0441\u0441\u0442\u0432\u0435\u043d\u043d\u0430\u044f \u043a\u043e\u0436\u0430<br \/>\n\u041c\u0430\u0442\u0435\u0440\u0438\u0430\u043b \u043d\u043e\u0436\u0435\u043a \u0441\u0442\u0443\u043b\u0430: \u041c\u0435\u0442\u0430\u043b\u043b\/\u0441\u0442\u0430\u043b\u044c<br \/>\n\u0412\u043e\u0437\u043c\u043e\u0436\u043d\u043e\u0441\u0442\u044c \u0448\u0442\u0430\u0431\u0435\u043b\u0438\u0440\u043e\u0432\u0430\u043d\u0438\u044f: \u043d\u0435\u0442<br \/>\n\u0412\u044b\u0441\u043e\u0442\u0430 \u0441\u0442\u0443\u043b\u0430: 80 \u0441\u043c.<br \/>\n\u0428\u0438\u0440\u0438\u043d\u0430 \u0441\u0442\u0443\u043b\u0430: 52 \u0441\u043c<br \/>\n\u0413\u043b\u0443\u0431\u0438\u043d\u0430 \u0441\u0442\u0443\u043b\u0430: 58 \u0441\u043c<br \/>\n\u0412\u044b\u0441\u043e\u0442\u0430 \u0441\u0438\u0434\u0435\u043d\u044c\u044f: 46 \u0441\u043c<br \/>\n\u0413\u043b\u0443\u0431\u0438\u043d\u0430 \u0441\u0438\u0434\u0435\u043d\u044c\u044f: 44 \u0441\u043c<br \/>\n\u0412\u0435\u0441 \u043d\u0435\u0442\u0442\u043e: 5,8 \u043a\u0433<\/span><\/p>\n<p>\u0418\u0434\u0435\u043d\u0442\u0438\u0444\u0438\u043a\u0430\u0442\u043e\u0440 100690610<\/p>","protected":false},"excerpt":{"rendered":"<p><span data-sheets-value=\"{&quot;1&quot;:2,&quot;2&quot;:&quot;HYPE kolekcijas ikonisks s\u0113dek\u013ca siluets ar beisbola bumbas \u0161uv\u0113m. Polster\u0113tajam s\u0113deklim ir lielisks s\u0113d\u0113\u0161anas komforts, un elegantais, modernais dizains padara \u0161o kr\u0113slu \u013coti popul\u0101ru. Pati forma ir vienk\u0101r\u0161a ar malu, un tas pier\u0101da, ka labs dizains patiesi sl\u0113pjas deta\u013c\u0101s. HYPE KOLEKCIJA sast\u0101v no kr\u0113sliem, soliem, b\u0101ra kr\u0113sliem, letes kr\u0113sliem un biroja kr\u0113sliem.&quot;}\" data-sheets-userformat=\"{&quot;2&quot;:769,&quot;3&quot;:{&quot;1&quot;:0},&quot;11&quot;:3,&quot;12&quot;:0}\">\u041a\u0443\u043b\u044c\u0442\u043e\u0432\u044b\u0439 \u0441\u0438\u043b\u0443\u044d\u0442 \u0441\u0438\u0434\u0435\u043d\u044c\u044f \u043a\u043e\u043b\u043b\u0435\u043a\u0446\u0438\u0438 HYPE \u0441 \u0431\u0435\u0439\u0441\u0431\u043e\u043b\u044c\u043d\u044b\u043c\u0438 \u0448\u0432\u0430\u043c\u0438. \u041c\u044f\u0433\u043a\u043e\u0435 \u0441\u0438\u0434\u0435\u043d\u044c\u0435 \u043e\u0431\u0435\u0441\u043f\u0435\u0447\u0438\u0432\u0430\u0435\u0442 \u043f\u0440\u0435\u0432\u043e\u0441\u0445\u043e\u0434\u043d\u044b\u0439 \u043a\u043e\u043c\u0444\u043e\u0440\u0442, \u0430 \u044d\u043b\u0435\u0433\u0430\u043d\u0442\u043d\u044b\u0439 \u0441\u043e\u0432\u0440\u0435\u043c\u0435\u043d\u043d\u044b\u0439 \u0434\u0438\u0437\u0430\u0439\u043d \u0434\u0435\u043b\u0430\u0435\u0442 \u044d\u0442\u043e \u043a\u0440\u0435\u0441\u043b\u043e \u043e\u0447\u0435\u043d\u044c \u043f\u043e\u043f\u0443\u043b\u044f\u0440\u043d\u044b\u043c. \u041f\u0440\u043e\u0441\u0442\u0430\u044f \u0444\u043e\u0440\u043c\u0430 \u0441 \u0438\u0437\u044f\u0449\u043d\u044b\u043c\u0438 \u043b\u0438\u043d\u0438\u044f\u043c\u0438 \u0434\u043e\u043a\u0430\u0437\u044b\u0432\u0430\u0435\u0442, \u0447\u0442\u043e \u0445\u043e\u0440\u043e\u0448\u0438\u0439 \u0434\u0438\u0437\u0430\u0439\u043d \u043a\u0440\u043e\u0435\u0442\u0441\u044f \u0432 \u0434\u0435\u0442\u0430\u043b\u044f\u0445. \u041a\u043e\u043b\u043b\u0435\u043a\u0446\u0438\u044f HYPE \u0432\u043a\u043b\u044e\u0447\u0430\u0435\u0442 \u0441\u0442\u0443\u043b\u044c\u044f, \u0441\u043a\u0430\u043c\u044c\u0438, \u0431\u0430\u0440\u043d\u044b\u0435 \u0441\u0442\u0443\u043b\u044c\u044f, \u0431\u0430\u0440\u043d\u044b\u0435 \u0441\u0442\u0443\u043b\u044c\u044f \u0438 \u043e\u0444\u0438\u0441\u043d\u044b\u0435 \u043a\u0440\u0435\u0441\u043b\u0430.<\/span><\/p>","protected":false},"featured_media":15557,"template":"","meta":{"_acf_changed":false},"product_brand":[],"product_cat":[28,38],"product_tag":[37],"class_list":{"0":"post-32053","1":"product","2":"type-product","3":"status-publish","4":"has-post-thumbnail","6":"product_cat-kresli","7":"product_cat-kresli-pie-galda","8":"product_tag-dan-form","10":"first","11":"instock","12":"sale","13":"shipping-taxable","14":"purchasable","15":"product-type-simple"},"acf":[],"_links":{"self":[{"href":"https:\/\/lightup.lv\/ru\/wp-json\/wp\/v2\/product\/32053","targetHints":{"allow":["GET"]}}],"collection":[{"href":"https:\/\/lightup.lv\/ru\/wp-json\/wp\/v2\/product"}],"about":[{"href":"https:\/\/lightup.lv\/ru\/wp-json\/wp\/v2\/types\/product"}],"wp:featuredmedia":[{"embeddable":true,"href":"https:\/\/lightup.lv\/ru\/wp-json\/wp\/v2\/media\/15557"}],"wp:attachment":[{"href":"https:\/\/lightup.lv\/ru\/wp-json\/wp\/v2\/media?parent=32053"}],"wp:term":[{"taxonomy":"product_brand","embeddable":true,"href":"https:\/\/lightup.lv\/ru\/wp-json\/wp\/v2\/product_brand?post=32053"},{"taxonomy":"product_cat","embeddable":true,"href":"https:\/\/lightup.lv\/ru\/wp-json\/wp\/v2\/product_cat?post=32053"},{"taxonomy":"product_tag","embeddable":true,"href":"https:\/\/lightup.lv\/ru\/wp-json\/wp\/v2\/product_tag?post=32053"}],"curies":[{"name":"wp","href":"https:\/\/api.w.org\/{rel}","templated":true}]}}