{"id":3208,"date":"2020-04-18T13:05:27","date_gmt":"2020-04-18T13:05:27","guid":{"rendered":"https:\/\/lightup.lv\/product\/pits-regulejams-terases-kresls-rosita\/"},"modified":"2024-01-29T11:30:23","modified_gmt":"2024-01-29T11:30:23","slug":"pits-regulejams-terases-kresls-rosita","status":"publish","type":"product","link":"https:\/\/lightup.lv\/ru\/%d0%ba%d0%b0%d1%82%d0%b0%d0%bb%d0%be%d0%b3-%d0%bf%d1%80%d0%be%d0%b4%d1%83%d0%ba%d1%86%d0%b8%d0%b8\/pits-regulejams-terases-kresls-rosita\/","title":{"rendered":"\u041f\u043b\u0435\u0442\u0435\u043d\u043e\u0435 \u0440\u0435\u0433\u0443\u043b\u0438\u0440\u0443\u0435\u043c\u043e\u0435 \u043f\u0430\u0442\u0438\u043e-\u043a\u0440\u0435\u0441\u043b\u043e Rosita"},"content":{"rendered":"<p>Kr\u0101sa:\u00a0 gai\u0161i br\u016bns rotangs\/gai\u0161i pel\u0113ks rotangs<br \/>\nGarums: 170 cm<br \/>\n\u0428\u0438\u0440\u0438\u043d\u0430: 86 \u0441\u043c<br \/>\nAugstums: 103 cm<br \/>\n\u0412\u044b\u0441\u043e\u0442\u0430 \u0441\u0438\u0434\u0435\u043d\u044c\u044f: 48 \u0441\u043c<br \/>\nRosita regul\u0113jams terases kr\u0113sls pieejams div\u0101s kr\u0101su vari\u0101cij\u0101s.<\/p>\n<p>ID 3901-21-20<\/p>","protected":false},"excerpt":{"rendered":"<p>Rosita terases m\u0113be\u013cu kl\u0101st\u0101 ir skaists atzveltnes kr\u0113sls, d\u0101rza kr\u0113sls ar augstu muguru un tam pievienoto k\u0101ju kr\u0113slu, tr\u012bsviet\u012bgs d\u012bv\u0101ns un divi galdi, 50&#215;50 cm un 180&#215;80 cm.<br \/>\nBRAFAB Rosita kolekcija ir pieejama pel\u0113k\u0101 un dab\u012bg\u0101 gai\u0161\u0101 rotanga kr\u0101s\u0101.<\/p>","protected":false},"featured_media":3209,"template":"","meta":{"_acf_changed":false},"product_brand":[],"product_cat":[80,73,51,50],"product_tag":[52],"class_list":{"0":"post-3208","1":"product","2":"type-product","3":"status-publish","4":"has-post-thumbnail","6":"product_cat-atputas-kresli","7":"product_cat-divani-terases","8":"product_cat-kresli-terases-mebeles","9":"product_cat-terases-mebeles","10":"product_tag-brafab","12":"first","13":"instock","14":"shipping-taxable","15":"purchasable","16":"product-type-simple"},"acf":[],"_links":{"self":[{"href":"https:\/\/lightup.lv\/ru\/wp-json\/wp\/v2\/product\/3208","targetHints":{"allow":["GET"]}}],"collection":[{"href":"https:\/\/lightup.lv\/ru\/wp-json\/wp\/v2\/product"}],"about":[{"href":"https:\/\/lightup.lv\/ru\/wp-json\/wp\/v2\/types\/product"}],"wp:featuredmedia":[{"embeddable":true,"href":"https:\/\/lightup.lv\/ru\/wp-json\/wp\/v2\/media\/3209"}],"wp:attachment":[{"href":"https:\/\/lightup.lv\/ru\/wp-json\/wp\/v2\/media?parent=3208"}],"wp:term":[{"taxonomy":"product_brand","embeddable":true,"href":"https:\/\/lightup.lv\/ru\/wp-json\/wp\/v2\/product_brand?post=3208"},{"taxonomy":"product_cat","embeddable":true,"href":"https:\/\/lightup.lv\/ru\/wp-json\/wp\/v2\/product_cat?post=3208"},{"taxonomy":"product_tag","embeddable":true,"href":"https:\/\/lightup.lv\/ru\/wp-json\/wp\/v2\/product_tag?post=3208"}],"curies":[{"name":"wp","href":"https:\/\/api.w.org\/{rel}","templated":true}]}}