{"id":32088,"date":"2022-05-30T17:49:35","date_gmt":"2022-05-30T15:49:35","guid":{"rendered":"https:\/\/lightup.lv\/precu-katalogs\/ovals-pusdienu-galds-ooid-tumsi-bruns\/"},"modified":"2025-05-13T11:26:49","modified_gmt":"2025-05-13T09:26:49","slug":"ovals-pusdienu-galds-ooid-tumsi-bruns","status":"publish","type":"product","link":"https:\/\/lightup.lv\/ru\/%d0%ba%d0%b0%d1%82%d0%b0%d0%bb%d0%be%d0%b3-%d0%bf%d1%80%d0%be%d0%b4%d1%83%d0%ba%d1%86%d0%b8%d0%b8\/ovals-pusdienu-galds-ooid-tumsi-bruns\/","title":{"rendered":"\u041e\u0432\u0430\u043b\u044c\u043d\u044b\u0439 \u043e\u0431\u0435\u0434\u0435\u043d\u043d\u044b\u0439 \u0441\u0442\u043e\u043b OOID \u0442\u0435\u043c\u043d\u043e-\u043a\u043e\u0440\u0438\u0447\u043d\u0435\u0432\u044b\u0439"},"content":{"rendered":"<p><span data-sheets-value=\"{&quot;1&quot;:2,&quot;2&quot;:&quot;Kr\u0101sa: Tum\u0161i br\u016bnanMateri\u0101ls: FinierisnGalda k\u0101ju kr\u0101sa: MelnanGalda k\u0101ju materi\u0101ls: Met\u0101ls\/t\u0113raudsnGalda augstums: 75 cmnGalda platums: 110 cmnGalda garums: 220 cmnSvars neto: 51 kg&quot;}\" data-sheets-userformat=\"{&quot;2&quot;:769,&quot;3&quot;:{&quot;1&quot;:0},&quot;11&quot;:3,&quot;12&quot;:0}\">Kr\u0101sa: Tum\u0161i br\u016bna<br \/>\nMateri\u0101ls: Finieris<br \/>\nGalda k\u0101ju kr\u0101sa: Melna<br \/>\nGalda k\u0101ju materi\u0101ls: Met\u0101ls\/t\u0113rauds<br \/>\nGalda augstums: 75 cm<br \/>\nGalda platums: 110 cm<br \/>\nGalda garums: 220 cm<br \/>\nSvars neto: 51 kg<\/span><\/p>\n<p>ID 400900101<\/p>","protected":false},"excerpt":{"rendered":"<p><span data-sheets-value=\"{&quot;1&quot;:2,&quot;2&quot;:&quot;Ov\u0101lais OOID galds ir elegants un stil\u012bgs. Galda virsma rada viegluma iespaidu, pateicoties sl\u012bpajai malai. K\u0101jas, kas krustojas zem galda, ir noapa\u013cotas, kas nodro\u0161ina maig\u0101ku izskatu. \u0145emiet v\u0113r\u0101, ka \u0161is galds nav pagarin\u0101ms.&quot;}\" data-sheets-userformat=\"{&quot;2&quot;:769,&quot;3&quot;:{&quot;1&quot;:0},&quot;11&quot;:3,&quot;12&quot;:0}\">Ov\u0101lais OOID galds ir elegants un stil\u012bgs. Galda virsma rada viegluma iespaidu, pateicoties sl\u012bpajai malai. K\u0101jas, kas krustojas zem galda, ir noapa\u013cotas, kas nodro\u0161ina maig\u0101ku izskatu. \u0145emiet v\u0113r\u0101, ka \u0161is galds nav pagarin\u0101ms.<\/span><\/p>","protected":false},"featured_media":35710,"template":"","meta":{"_acf_changed":false},"product_brand":[],"product_cat":[22,23],"product_tag":[37],"class_list":{"0":"post-32088","1":"product","2":"type-product","3":"status-publish","4":"has-post-thumbnail","6":"product_cat-galdi","7":"product_cat-pusdienu-galdi","8":"product_tag-dan-form","10":"first","11":"instock","12":"shipping-taxable","13":"purchasable","14":"product-type-simple"},"acf":[],"_links":{"self":[{"href":"https:\/\/lightup.lv\/ru\/wp-json\/wp\/v2\/product\/32088","targetHints":{"allow":["GET"]}}],"collection":[{"href":"https:\/\/lightup.lv\/ru\/wp-json\/wp\/v2\/product"}],"about":[{"href":"https:\/\/lightup.lv\/ru\/wp-json\/wp\/v2\/types\/product"}],"wp:featuredmedia":[{"embeddable":true,"href":"https:\/\/lightup.lv\/ru\/wp-json\/wp\/v2\/media\/35710"}],"wp:attachment":[{"href":"https:\/\/lightup.lv\/ru\/wp-json\/wp\/v2\/media?parent=32088"}],"wp:term":[{"taxonomy":"product_brand","embeddable":true,"href":"https:\/\/lightup.lv\/ru\/wp-json\/wp\/v2\/product_brand?post=32088"},{"taxonomy":"product_cat","embeddable":true,"href":"https:\/\/lightup.lv\/ru\/wp-json\/wp\/v2\/product_cat?post=32088"},{"taxonomy":"product_tag","embeddable":true,"href":"https:\/\/lightup.lv\/ru\/wp-json\/wp\/v2\/product_tag?post=32088"}],"curies":[{"name":"wp","href":"https:\/\/api.w.org\/{rel}","templated":true}]}}