{"id":32091,"date":"2022-05-30T17:57:20","date_gmt":"2022-05-30T15:57:20","guid":{"rendered":"https:\/\/lightup.lv\/precu-katalogs\/apals-pusdienu-galds-ooid-tumsi-bruns\/"},"modified":"2025-05-09T13:46:06","modified_gmt":"2025-05-09T11:46:06","slug":"%d0%ba%d1%80%d1%83%d0%b3%d0%bb%d1%8b%d0%b9-%d0%be%d0%b1%d0%b5%d0%b4%d0%b5%d0%bd%d0%bd%d1%8b%d0%b9-%d1%81%d1%82%d0%be%d0%bb-%d1%82%d0%b5%d0%bc%d0%bd%d0%be-%d0%ba%d0%be%d1%80%d0%b8%d1%87%d0%bd%d0%b5","status":"publish","type":"product","link":"https:\/\/lightup.lv\/ru\/precu-katalogs\/apals-pusdienu-galds-ooid-tumsi-bruns\/","title":{"rendered":"\u041a\u0440\u0443\u0433\u043b\u044b\u0439 \u043e\u0431\u0435\u0434\u0435\u043d\u043d\u044b\u0439 \u0441\u0442\u043e\u043b OOID \u0442\u0435\u043c\u043d\u043e-\u043a\u043e\u0440\u0438\u0447\u043d\u0435\u0432\u044b\u0439"},"content":{"rendered":"<p><span data-sheets-value=\"{&quot;1&quot;:2,&quot;2&quot;:&quot;Kr\u0101sa: Tum\u0161i br\u016bnanMateri\u0101ls: FinierisnGalda k\u0101ju kr\u0101sa: MelnanGalda k\u0101ju materi\u0101ls: Met\u0101ls\/t\u0113raudsnGalda augstums: 75 cmnGalda platums: 120 cmnGalda garums: 120 cmnSvars neto: 32 kg&quot;}\" data-sheets-userformat=\"{&quot;2&quot;:769,&quot;3&quot;:{&quot;1&quot;:0},&quot;11&quot;:3,&quot;12&quot;:0}\">\u0426\u0432\u0435\u0442: \u0422\u0435\u043c\u043d\u043e-\u043a\u043e\u0440\u0438\u0447\u043d\u0435\u0432\u044b\u0439<br \/>\n\u041c\u0430\u0442\u0435\u0440\u0438\u0430\u043b: \u0428\u043f\u043e\u043d<br \/>\n\u0426\u0432\u0435\u0442 \u043d\u043e\u0436\u0435\u043a \u0441\u0442\u043e\u043b\u0430: \u0447\u0435\u0440\u043d\u044b\u0439<br \/>\n\u041c\u0430\u0442\u0435\u0440\u0438\u0430\u043b \u043d\u043e\u0436\u0435\u043a \u0441\u0442\u043e\u043b\u0430: \u043c\u0435\u0442\u0430\u043b\u043b\/\u0441\u0442\u0430\u043b\u044c<br \/>\n\u0412\u044b\u0441\u043e\u0442\u0430 \u0441\u0442\u043e\u043b\u0430: 75 \u0441\u043c<br \/>\n\u0428\u0438\u0440\u0438\u043d\u0430 \u0441\u0442\u043e\u043b\u0430: 120 \u0441\u043c<br \/>\n\u0414\u043b\u0438\u043d\u0430 \u0441\u0442\u043e\u043b\u0430: 120 \u0441\u043c<br \/>\n\u0412\u0435\u0441 \u043d\u0435\u0442\u0442\u043e: 32 \u043a\u0433<\/span><\/p>\n<p>ID 400900111<\/p>","protected":false},"excerpt":{"rendered":"<p><span data-sheets-value=\"{&quot;1&quot;:2,&quot;2&quot;:&quot;Apa\u013cais OOID galds ir elegants un stil\u012bgs. Galda virsma rada viegluma iespaidu, pateicoties sl\u012bpajai malai. K\u0101jas, kas krustojas zem galda, ir noapa\u013cotas, kas nodro\u0161ina maig\u0101ku izskatu. \u0145emiet v\u0113r\u0101, ka \u0161is galds nav pagarin\u0101ms.&quot;}\" data-sheets-userformat=\"{&quot;2&quot;:769,&quot;3&quot;:{&quot;1&quot;:0},&quot;11&quot;:3,&quot;12&quot;:0}\">\u041a\u0440\u0443\u0433\u043b\u044b\u0439 \u0441\u0442\u043e\u043b OOID \u044d\u043b\u0435\u0433\u0430\u043d\u0442\u0435\u043d \u0438 \u0441\u0442\u0438\u043b\u0435\u043d. \u0421\u0442\u043e\u043b\u0435\u0448\u043d\u0438\u0446\u0430 \u0441\u043e\u0437\u0434\u0430\u0435\u0442 \u043e\u0449\u0443\u0449\u0435\u043d\u0438\u0435 \u043b\u0435\u0433\u043a\u043e\u0441\u0442\u0438 \u0431\u043b\u0430\u0433\u043e\u0434\u0430\u0440\u044f \u0441\u043a\u043e\u0448\u0435\u043d\u043d\u044b\u043c \u043a\u0440\u0430\u044f\u043c. \u041d\u043e\u0436\u043a\u0438, \u043f\u0435\u0440\u0435\u043a\u0440\u0435\u0449\u0438\u0432\u0430\u044e\u0449\u0438\u0435\u0441\u044f \u043f\u043e\u0434 \u0441\u0442\u043e\u043b\u043e\u043c, \u0438\u043c\u0435\u044e\u0442 \u0437\u0430\u043a\u0440\u0443\u0433\u043b\u0435\u043d\u043d\u044b\u0435 \u043a\u0440\u0430\u044f, \u0447\u0442\u043e \u043f\u0440\u0438\u0434\u0430\u0435\u0442 \u0435\u043c\u0443 \u0431\u043e\u043b\u0435\u0435 \u043c\u044f\u0433\u043a\u0438\u0439 \u0432\u0438\u0434. \u041e\u0431\u0440\u0430\u0442\u0438\u0442\u0435 \u0432\u043d\u0438\u043c\u0430\u043d\u0438\u0435, \u0447\u0442\u043e \u044d\u0442\u043e\u0442 \u0441\u0442\u043e\u043b \u043d\u0435 \u0440\u0430\u0437\u0434\u0432\u0438\u0433\u0430\u0435\u0442\u0441\u044f.<\/span><\/p>","protected":false},"featured_media":35621,"template":"","meta":{"_acf_changed":false},"product_brand":[],"product_cat":[22,23],"product_tag":[37],"class_list":{"0":"post-32091","1":"product","2":"type-product","3":"status-publish","4":"has-post-thumbnail","6":"product_cat-galdi","7":"product_cat-pusdienu-galdi","8":"product_tag-dan-form","10":"first","11":"instock","12":"shipping-taxable","13":"purchasable","14":"product-type-simple"},"acf":[],"_links":{"self":[{"href":"https:\/\/lightup.lv\/ru\/wp-json\/wp\/v2\/product\/32091","targetHints":{"allow":["GET"]}}],"collection":[{"href":"https:\/\/lightup.lv\/ru\/wp-json\/wp\/v2\/product"}],"about":[{"href":"https:\/\/lightup.lv\/ru\/wp-json\/wp\/v2\/types\/product"}],"wp:featuredmedia":[{"embeddable":true,"href":"https:\/\/lightup.lv\/ru\/wp-json\/wp\/v2\/media\/35621"}],"wp:attachment":[{"href":"https:\/\/lightup.lv\/ru\/wp-json\/wp\/v2\/media?parent=32091"}],"wp:term":[{"taxonomy":"product_brand","embeddable":true,"href":"https:\/\/lightup.lv\/ru\/wp-json\/wp\/v2\/product_brand?post=32091"},{"taxonomy":"product_cat","embeddable":true,"href":"https:\/\/lightup.lv\/ru\/wp-json\/wp\/v2\/product_cat?post=32091"},{"taxonomy":"product_tag","embeddable":true,"href":"https:\/\/lightup.lv\/ru\/wp-json\/wp\/v2\/product_tag?post=32091"}],"curies":[{"name":"WP","href":"https:\/\/api.w.org\/{rel}","templated":true}]}}