{"id":32101,"date":"2022-05-31T11:48:10","date_gmt":"2022-05-31T09:48:10","guid":{"rendered":"https:\/\/lightup.lv\/precu-katalogs\/kresls-rover-melns\/"},"modified":"2025-06-14T13:00:18","modified_gmt":"2025-06-14T11:00:18","slug":"kresls-rover-melns","status":"publish","type":"product","link":"https:\/\/lightup.lv\/ru\/%d0%ba%d0%b0%d1%82%d0%b0%d0%bb%d0%be%d0%b3-%d0%bf%d1%80%d0%be%d0%b4%d1%83%d0%ba%d1%86%d0%b8%d0%b8\/kresls-rover-melns\/","title":{"rendered":"Kr\u0113sls ROVER melns"},"content":{"rendered":"<p>\u0426\u0432\u0435\u0442: \u0447\u0435\u0440\u043d\u044b\u0439<br \/>\n\u041c\u0430\u0442\u0435\u0440\u0438\u0430\u043b: \u0418\u0441\u043a\u0443\u0441\u0441\u0442\u0432\u0435\u043d\u043d\u0430\u044f \u043a\u043e\u0436\u0430<br \/>\n\u041c\u0430\u0442\u0435\u0440\u0438\u0430\u043b \u043d\u043e\u0436\u0435\u043a \u0441\u0442\u0443\u043b\u0430: \u0421\u0442\u0430\u043b\u044c\/\u043c\u0435\u0442\u0430\u043b\u043b<br \/>\n\u0412\u043e\u0437\u043c\u043e\u0436\u043d\u043e\u0441\u0442\u044c \u0448\u0442\u0430\u0431\u0435\u043b\u0438\u0440\u043e\u0432\u0430\u043d\u0438\u044f: \u043d\u0435\u0442<br \/>\n\u0412\u044b\u0441\u043e\u0442\u0430 \u0441\u0442\u0443\u043b\u0430: 80 \u0441\u043c.<br \/>\nKr\u0113sla platums: 60 cm<br \/>\n\u0413\u043b\u0443\u0431\u0438\u043d\u0430 \u0441\u0442\u0443\u043b\u0430: 54,5 \u0441\u043c<br \/>\nRoku balstu augstums: 71 cm<br \/>\n\u0412\u044b\u0441\u043e\u0442\u0430 \u0441\u0438\u0434\u0435\u043d\u044c\u044f: 49 \u0441\u043c<br \/>\nS\u0113des dzi\u013cums: 45.5 cm<\/p>\n<p>ID 100370120<\/p>","protected":false},"excerpt":{"rendered":"<p>Kr\u0113sla atzveltne veido \u0113rtus roku balstus, un ar dekorat\u012bv\u0101m \u0161uv\u0113m un \u0113rtu s\u0113dekli \u0161is kr\u0113sls ir \u012bsts d\u0101rgakmens. ROVER kolekcija sast\u0101v no atzveltnes kr\u0113sliem un atp\u016btas kr\u0113sliem.<\/p>","protected":false},"featured_media":35928,"template":"","meta":{"_acf_changed":false},"product_brand":[],"product_cat":[119,28],"product_tag":[37],"class_list":{"0":"post-32101","1":"product","2":"type-product","3":"status-publish","4":"has-post-thumbnail","6":"product_cat-atputas-kresli-kresli","7":"product_cat-kresli","8":"product_tag-dan-form","10":"first","11":"instock","12":"shipping-taxable","13":"purchasable","14":"product-type-simple"},"acf":[],"_links":{"self":[{"href":"https:\/\/lightup.lv\/ru\/wp-json\/wp\/v2\/product\/32101","targetHints":{"allow":["GET"]}}],"collection":[{"href":"https:\/\/lightup.lv\/ru\/wp-json\/wp\/v2\/product"}],"about":[{"href":"https:\/\/lightup.lv\/ru\/wp-json\/wp\/v2\/types\/product"}],"wp:featuredmedia":[{"embeddable":true,"href":"https:\/\/lightup.lv\/ru\/wp-json\/wp\/v2\/media\/35928"}],"wp:attachment":[{"href":"https:\/\/lightup.lv\/ru\/wp-json\/wp\/v2\/media?parent=32101"}],"wp:term":[{"taxonomy":"product_brand","embeddable":true,"href":"https:\/\/lightup.lv\/ru\/wp-json\/wp\/v2\/product_brand?post=32101"},{"taxonomy":"product_cat","embeddable":true,"href":"https:\/\/lightup.lv\/ru\/wp-json\/wp\/v2\/product_cat?post=32101"},{"taxonomy":"product_tag","embeddable":true,"href":"https:\/\/lightup.lv\/ru\/wp-json\/wp\/v2\/product_tag?post=32101"}],"curies":[{"name":"wp","href":"https:\/\/api.w.org\/{rel}","templated":true}]}}