{"id":32110,"date":"2022-05-31T11:48:19","date_gmt":"2022-05-31T09:48:19","guid":{"rendered":"https:\/\/lightup.lv\/precu-katalogs\/bara-kresls-s-i-t-no-koka-bruns\/"},"modified":"2025-07-23T15:29:31","modified_gmt":"2025-07-23T13:29:31","slug":"bara-kresls-s-i-t-no-koka-bruns","status":"publish","type":"product","link":"https:\/\/lightup.lv\/ru\/precu-katalogs\/bara-kresls-s-i-t-no-koka-bruns\/","title":{"rendered":"B\u0101ra kr\u0113sls S.I.T no koka br\u016bns"},"content":{"rendered":"<p>\u0426\u0432\u0435\u0442: \u043a\u043e\u0440\u0438\u0447\u043d\u0435\u0432\u044b\u0439<br \/>\nMateri\u0101ls: Sapl\u0101ksnis<br \/>\nKr\u0113sla k\u0101ju materi\u0101ls: Koks<br \/>\n\u0412\u043e\u0437\u043c\u043e\u0436\u043d\u043e\u0441\u0442\u044c \u0448\u0442\u0430\u0431\u0435\u043b\u0438\u0440\u043e\u0432\u0430\u043d\u0438\u044f: \u043d\u0435\u0442<br \/>\nKr\u0113sla augstums: 110 cm<br \/>\nKr\u0113sla platums: 44 cm<br \/>\nKr\u0113sla dzi\u013cums: 51 cm<br \/>\nS\u0113des augstums: 75 cm<br \/>\n\u0413\u043b\u0443\u0431\u0438\u043d\u0430 \u0441\u0438\u0434\u0435\u043d\u044c\u044f: 39 \u0441\u043c<br \/>\n\u0412\u0435\u0441 \u043d\u0435\u0442\u0442\u043e: 5,8 \u043a\u0433<\/p>\n<p>ID 200208102<\/p>","protected":false},"excerpt":{"rendered":"<p>S.I.T b\u0101ra kr\u0113slam ir izsmalcin\u0101ta muguras forma. Liekta koka s\u0113deklis nodro\u0161ina augstu s\u0113d\u0113\u0161anas komfortu. S.I.T kolekcija sast\u0101v no kr\u0113sliem un b\u0101ra un letes kr\u0113sliem.<\/p>","protected":false},"featured_media":35766,"template":"","meta":{"_acf_changed":false},"product_brand":[],"product_cat":[221,29,28,213],"product_tag":[37],"class_list":{"0":"post-32110","1":"product","2":"type-product","3":"status-publish","4":"has-post-thumbnail","6":"product_cat-atlaizu-preces","7":"product_cat-bara-kresli","8":"product_cat-kresli","9":"product_cat-salona-pieejams","10":"product_tag-dan-form","12":"first","13":"instock","14":"sale","15":"shipping-taxable","16":"purchasable","17":"product-type-simple"},"acf":[],"_links":{"self":[{"href":"https:\/\/lightup.lv\/ru\/wp-json\/wp\/v2\/product\/32110","targetHints":{"allow":["GET"]}}],"collection":[{"href":"https:\/\/lightup.lv\/ru\/wp-json\/wp\/v2\/product"}],"about":[{"href":"https:\/\/lightup.lv\/ru\/wp-json\/wp\/v2\/types\/product"}],"wp:featuredmedia":[{"embeddable":true,"href":"https:\/\/lightup.lv\/ru\/wp-json\/wp\/v2\/media\/35766"}],"wp:attachment":[{"href":"https:\/\/lightup.lv\/ru\/wp-json\/wp\/v2\/media?parent=32110"}],"wp:term":[{"taxonomy":"product_brand","embeddable":true,"href":"https:\/\/lightup.lv\/ru\/wp-json\/wp\/v2\/product_brand?post=32110"},{"taxonomy":"product_cat","embeddable":true,"href":"https:\/\/lightup.lv\/ru\/wp-json\/wp\/v2\/product_cat?post=32110"},{"taxonomy":"product_tag","embeddable":true,"href":"https:\/\/lightup.lv\/ru\/wp-json\/wp\/v2\/product_tag?post=32110"}],"curies":[{"name":"WP","href":"https:\/\/api.w.org\/{rel}","templated":true}]}}