{"id":32112,"date":"2022-05-31T15:34:29","date_gmt":"2022-05-31T13:34:29","guid":{"rendered":"https:\/\/lightup.lv\/precu-katalogs\/kresls-s-i-t-no-koka-bruns\/"},"modified":"2025-06-14T12:13:30","modified_gmt":"2025-06-14T10:13:30","slug":"kresls-s-i-t-no-koka-bruns","status":"publish","type":"product","link":"https:\/\/lightup.lv\/ru\/%d0%ba%d0%b0%d1%82%d0%b0%d0%bb%d0%be%d0%b3-%d0%bf%d1%80%d0%be%d0%b4%d1%83%d0%ba%d1%86%d0%b8%d0%b8\/kresls-s-i-t-no-koka-bruns\/","title":{"rendered":"Kr\u0113sls S.I.T no koka br\u016bns"},"content":{"rendered":"<p>\u0426\u0432\u0435\u0442: \u043a\u043e\u0440\u0438\u0447\u043d\u0435\u0432\u044b\u0439<br \/>\nMateri\u0101ls: Koks<br \/>\nKr\u0113sla k\u0101ju materi\u0101ls: Koks<br \/>\n\u0412\u043e\u0437\u043c\u043e\u0436\u043d\u043e\u0441\u0442\u044c \u0448\u0442\u0430\u0431\u0435\u043b\u0438\u0440\u043e\u0432\u0430\u043d\u0438\u044f: \u043d\u0435\u0442<br \/>\nKr\u0113sla augstums: 86 cm<br \/>\nKr\u0113sla platums: 46 cm<br \/>\n\u0413\u043b\u0443\u0431\u0438\u043d\u0430 \u0441\u0442\u0443\u043b\u0430: 50 \u0441\u043c<br \/>\n\u0412\u044b\u0441\u043e\u0442\u0430 \u0441\u0438\u0434\u0435\u043d\u044c\u044f: 47 \u0441\u043c<br \/>\n\u0413\u043b\u0443\u0431\u0438\u043d\u0430 \u0441\u0438\u0434\u0435\u043d\u044c\u044f: 39 \u0441\u043c<br \/>\nSvars neto: 4.2 kg<\/p>\n<p>ID 100208101<\/p>","protected":false},"excerpt":{"rendered":"<p>S.I.T kr\u0113sls ir liekta koka kr\u0113sls ar nelielu S formu aizmugur\u0113, lai nodro\u0161in\u0101tu augstu s\u0113d\u0113\u0161anas komfortu, apvienojum\u0101 ar izsmalcin\u0101tu atzveltnes formu, kas padara \u0161o kr\u0113slu par m\u016bsdien\u012bgu, bet ar skaidr\u0101m l\u012bnij\u0101m. S.I.T kolekcija sast\u0101v no kr\u0113sliem un b\u0101ra un letes kr\u0113sliem.<\/p>","protected":false},"featured_media":35927,"template":"","meta":{"_acf_changed":false},"product_brand":[],"product_cat":[28,38],"product_tag":[37],"class_list":{"0":"post-32112","1":"product","2":"type-product","3":"status-publish","4":"has-post-thumbnail","6":"product_cat-kresli","7":"product_cat-kresli-pie-galda","8":"product_tag-dan-form","10":"first","11":"instock","12":"shipping-taxable","13":"purchasable","14":"product-type-simple"},"acf":[],"_links":{"self":[{"href":"https:\/\/lightup.lv\/ru\/wp-json\/wp\/v2\/product\/32112","targetHints":{"allow":["GET"]}}],"collection":[{"href":"https:\/\/lightup.lv\/ru\/wp-json\/wp\/v2\/product"}],"about":[{"href":"https:\/\/lightup.lv\/ru\/wp-json\/wp\/v2\/types\/product"}],"wp:featuredmedia":[{"embeddable":true,"href":"https:\/\/lightup.lv\/ru\/wp-json\/wp\/v2\/media\/35927"}],"wp:attachment":[{"href":"https:\/\/lightup.lv\/ru\/wp-json\/wp\/v2\/media?parent=32112"}],"wp:term":[{"taxonomy":"product_brand","embeddable":true,"href":"https:\/\/lightup.lv\/ru\/wp-json\/wp\/v2\/product_brand?post=32112"},{"taxonomy":"product_cat","embeddable":true,"href":"https:\/\/lightup.lv\/ru\/wp-json\/wp\/v2\/product_cat?post=32112"},{"taxonomy":"product_tag","embeddable":true,"href":"https:\/\/lightup.lv\/ru\/wp-json\/wp\/v2\/product_tag?post=32112"}],"curies":[{"name":"wp","href":"https:\/\/api.w.org\/{rel}","templated":true}]}}