{"id":3216,"date":"2020-04-18T13:13:52","date_gmt":"2020-04-18T13:13:52","guid":{"rendered":"https:\/\/lightup.lv\/product\/kaju-solins-pits-rosita\/"},"modified":"2024-01-29T11:29:48","modified_gmt":"2024-01-29T11:29:48","slug":"kaju-solins-pits-rosita","status":"publish","type":"product","link":"https:\/\/lightup.lv\/ru\/precu-katalogs\/kaju-solins-pits-rosita\/","title":{"rendered":"\u041f\u043b\u0435\u0442\u0435\u043d\u0430\u044f \u043f\u043e\u0434\u0441\u0442\u0430\u0432\u043a\u0430 \u0434\u043b\u044f \u043d\u043e\u0433 \u0420\u043e\u0437\u0438\u0442\u0430"},"content":{"rendered":"<p>Kr\u0101sa:\u00a0 gai\u0161i br\u016bns rotangs\/gai\u0161i pel\u0113ks rotangs<br \/>\nGarums: 51 cm<br \/>\nPlatums: 54 cm<br \/>\n\u0412\u044b\u0441\u043e\u0442\u0430: 43 \u0441\u043c.<br \/>\nRosita k\u0101ju soli\u0146\u0161 p\u012bts\u00a0 pieejams div\u0101s kr\u0101su vari\u0101cij\u0101s.<\/p>\n<p>ID 3910-21-20<\/p>","protected":false},"excerpt":{"rendered":"<p>Rosita terases m\u0113be\u013cu kl\u0101st\u0101 ir skaists atzveltnes kr\u0113sls, d\u0101rza kr\u0113sls ar augstu muguru un tam pievienoto k\u0101ju kr\u0113slu, tr\u012bsviet\u012bgs d\u012bv\u0101ns un divi galdi, 50&#215;50 cm un 180&#215;80 cm.<br \/>\nBRAFAB Rosita kolekcija ir pieejama pel\u0113k\u0101 un dab\u012bg\u0101 gai\u0161\u0101 rotanga kr\u0101s\u0101.<\/p>","protected":false},"featured_media":3146,"template":"","meta":{"_acf_changed":false},"product_brand":[],"product_cat":[80,50],"product_tag":[52],"class_list":{"0":"post-3216","1":"product","2":"type-product","3":"status-publish","4":"has-post-thumbnail","6":"product_cat-atputas-kresli","7":"product_cat-terases-mebeles","8":"product_tag-brafab","10":"first","11":"instock","12":"shipping-taxable","13":"purchasable","14":"product-type-simple"},"acf":[],"_links":{"self":[{"href":"https:\/\/lightup.lv\/ru\/wp-json\/wp\/v2\/product\/3216","targetHints":{"allow":["GET"]}}],"collection":[{"href":"https:\/\/lightup.lv\/ru\/wp-json\/wp\/v2\/product"}],"about":[{"href":"https:\/\/lightup.lv\/ru\/wp-json\/wp\/v2\/types\/product"}],"wp:featuredmedia":[{"embeddable":true,"href":"https:\/\/lightup.lv\/ru\/wp-json\/wp\/v2\/media\/3146"}],"wp:attachment":[{"href":"https:\/\/lightup.lv\/ru\/wp-json\/wp\/v2\/media?parent=3216"}],"wp:term":[{"taxonomy":"product_brand","embeddable":true,"href":"https:\/\/lightup.lv\/ru\/wp-json\/wp\/v2\/product_brand?post=3216"},{"taxonomy":"product_cat","embeddable":true,"href":"https:\/\/lightup.lv\/ru\/wp-json\/wp\/v2\/product_cat?post=3216"},{"taxonomy":"product_tag","embeddable":true,"href":"https:\/\/lightup.lv\/ru\/wp-json\/wp\/v2\/product_tag?post=3216"}],"curies":[{"name":"WP","href":"https:\/\/api.w.org\/{rel}","templated":true}]}}