{"id":3222,"date":"2020-04-19T21:33:04","date_gmt":"2020-04-19T21:33:04","guid":{"rendered":"https:\/\/lightup.lv\/product\/urchin-griestu-lampa\/"},"modified":"2024-01-15T12:10:39","modified_gmt":"2024-01-15T12:10:39","slug":"urchin-griestu-lampa","status":"publish","type":"product","link":"https:\/\/lightup.lv\/ru\/%d0%ba%d0%b0%d1%82%d0%b0%d0%bb%d0%be%d0%b3-%d0%bf%d1%80%d0%be%d0%b4%d1%83%d0%ba%d1%86%d0%b8%d0%b8\/urchin-griestu-lampa\/","title":{"rendered":"Urchin griestu lampa"},"content":{"rendered":"<p>G9 6 x 42W Max<br \/>\n\u00d8: 64 cm<br \/>\nH: max 33 cm<br \/>\n\u0426\u0432\u0435\u0442: \u0437\u043e\u043b\u043e\u0442\u043e\u0439<br \/>\n\u041c\u0430\u0442\u0435\u0440\u0438\u0430\u043b: \u043c\u0435\u0442\u0430\u043b\u043b<\/p>\n<p>&nbsp;<\/p>\n<p> ID C0491-06B-F7DY<\/p>","protected":false},"excerpt":{"rendered":"<p>Zuma Line pied\u0101v\u0101 pla\u0161u &#8211; modernu un klasisku &#8211; apgaismes ier\u012b\u010du izv\u0113li, kas lieliski papildina interjera dizainu. LightUp ir Zuma Line z\u012bmola tie\u0161ie izplat\u012bt\u0101ji, un t\u0101d\u0113\u013c varam nodro\u0161in\u0101t tik pievilc\u012bgas cenas. \u012apa\u0161u uzman\u012bbu piev\u0113r\u0161am kvalit\u0101tei. R\u016bp\u0113jamies un kontrol\u0113jam produktus no to pas\u016bt\u012b\u0161anas br\u012b\u017ea r\u016bpn\u012bc\u0101 l\u012bdz transport\u0113\u0161anai uz noliktavu. Tad r\u016bp\u012bgi tos iesai\u0146ojam un nos\u016bt\u0101m klientam.<\/p>","protected":false},"featured_media":3223,"template":"","meta":{"_acf_changed":false},"product_brand":[],"product_cat":[42,54],"product_tag":[],"class_list":{"0":"post-3222","1":"product","2":"type-product","3":"status-publish","4":"has-post-thumbnail","6":"product_cat-apgaismojums","7":"product_cat-griestu-lampas-plafoni","9":"first","10":"instock","11":"shipping-taxable","12":"purchasable","13":"product-type-simple"},"acf":[],"_links":{"self":[{"href":"https:\/\/lightup.lv\/ru\/wp-json\/wp\/v2\/product\/3222","targetHints":{"allow":["GET"]}}],"collection":[{"href":"https:\/\/lightup.lv\/ru\/wp-json\/wp\/v2\/product"}],"about":[{"href":"https:\/\/lightup.lv\/ru\/wp-json\/wp\/v2\/types\/product"}],"wp:featuredmedia":[{"embeddable":true,"href":"https:\/\/lightup.lv\/ru\/wp-json\/wp\/v2\/media\/3223"}],"wp:attachment":[{"href":"https:\/\/lightup.lv\/ru\/wp-json\/wp\/v2\/media?parent=3222"}],"wp:term":[{"taxonomy":"product_brand","embeddable":true,"href":"https:\/\/lightup.lv\/ru\/wp-json\/wp\/v2\/product_brand?post=3222"},{"taxonomy":"product_cat","embeddable":true,"href":"https:\/\/lightup.lv\/ru\/wp-json\/wp\/v2\/product_cat?post=3222"},{"taxonomy":"product_tag","embeddable":true,"href":"https:\/\/lightup.lv\/ru\/wp-json\/wp\/v2\/product_tag?post=3222"}],"curies":[{"name":"wp","href":"https:\/\/api.w.org\/{rel}","templated":true}]}}