{"id":3271,"date":"2020-04-30T12:01:57","date_gmt":"2020-04-30T12:01:57","guid":{"rendered":"https:\/\/lightup.lv\/product\/regulejams-kresls-ar-roku-balstiem-andy\/"},"modified":"2024-01-29T11:12:51","modified_gmt":"2024-01-29T11:12:51","slug":"regulejams-kresls-ar-roku-balstiem-andy","status":"publish","type":"product","link":"https:\/\/lightup.lv\/ru\/%d0%ba%d0%b0%d1%82%d0%b0%d0%bb%d0%be%d0%b3-%d0%bf%d1%80%d0%be%d0%b4%d1%83%d0%ba%d1%86%d0%b8%d0%b8\/regulejams-kresls-ar-roku-balstiem-andy\/","title":{"rendered":"\u0420\u0435\u0433\u0443\u043b\u0438\u0440\u0443\u0435\u043c\u044b\u0439 \u0441\u0442\u0443\u043b \u0441 \u043f\u043e\u0434\u043b\u043e\u043a\u043e\u0442\u043d\u0438\u043a\u0430\u043c\u0438 \u042d\u043d\u0434\u0438"},"content":{"rendered":"<p>Kr\u0101sa: balts\/ mat\u0113ts , khaki<br \/>\nGarums: 59 cm<br \/>\nRegul\u0113jamais garums: 73 cm<br \/>\n\u0412\u044b\u0441\u043e\u0442\u0430 \u0441\u0438\u0434\u0435\u043d\u044c\u044f: 43 \u0441\u043c<br \/>\nAugstums: 109 cm<br \/>\nRegul\u0113jams kr\u0113sls ar roku balstiem.<\/p>\n<p>ID 4470-05-51<\/p>","protected":false},"excerpt":{"rendered":"<p>Brafab regul\u0113jamo kr\u0113sls s\u0113rija Andy\u00a0 joproj\u0101m ir viens no popul\u0101r\u0101kajiem kr\u0113sliem. R\u0101mis izgatavots no alum\u012bnija, s\u0113deklis un atzveltne no tekstilmateri\u0101la, tagad ar\u012b ar deta\u013c\u0101m no t\u012bkkoka vai bez koka. Andy kr\u0113slu s\u0113riju var saska\u0146ot ar m\u016bsu da\u017e\u0101du izm\u0113ru un materi\u0101lu galdiem.<\/p>","protected":false},"featured_media":3272,"template":"","meta":{"_acf_changed":false},"product_brand":[],"product_cat":[80,51,50],"product_tag":[52],"class_list":{"0":"post-3271","1":"product","2":"type-product","3":"status-publish","4":"has-post-thumbnail","6":"product_cat-atputas-kresli","7":"product_cat-kresli-terases-mebeles","8":"product_cat-terases-mebeles","9":"product_tag-brafab","11":"first","12":"instock","13":"shipping-taxable","14":"purchasable","15":"product-type-simple"},"acf":[],"_links":{"self":[{"href":"https:\/\/lightup.lv\/ru\/wp-json\/wp\/v2\/product\/3271","targetHints":{"allow":["GET"]}}],"collection":[{"href":"https:\/\/lightup.lv\/ru\/wp-json\/wp\/v2\/product"}],"about":[{"href":"https:\/\/lightup.lv\/ru\/wp-json\/wp\/v2\/types\/product"}],"wp:featuredmedia":[{"embeddable":true,"href":"https:\/\/lightup.lv\/ru\/wp-json\/wp\/v2\/media\/3272"}],"wp:attachment":[{"href":"https:\/\/lightup.lv\/ru\/wp-json\/wp\/v2\/media?parent=3271"}],"wp:term":[{"taxonomy":"product_brand","embeddable":true,"href":"https:\/\/lightup.lv\/ru\/wp-json\/wp\/v2\/product_brand?post=3271"},{"taxonomy":"product_cat","embeddable":true,"href":"https:\/\/lightup.lv\/ru\/wp-json\/wp\/v2\/product_cat?post=3271"},{"taxonomy":"product_tag","embeddable":true,"href":"https:\/\/lightup.lv\/ru\/wp-json\/wp\/v2\/product_tag?post=3271"}],"curies":[{"name":"wp","href":"https:\/\/api.w.org\/{rel}","templated":true}]}}