{"id":3284,"date":"2020-04-30T12:09:05","date_gmt":"2020-04-30T12:09:05","guid":{"rendered":"https:\/\/lightup.lv\/product\/solins-kaju-atbalstam-andy-terasei-vai-darzam-brafab\/"},"modified":"2024-01-29T11:12:10","modified_gmt":"2024-01-29T11:12:10","slug":"solins-kaju-atbalstam-andy-terasei-vai-darzam-brafab","status":"publish","type":"product","link":"https:\/\/lightup.lv\/ru\/precu-katalogs\/solins-kaju-atbalstam-andy-terasei-vai-darzam-brafab\/","title":{"rendered":"\u041f\u043e\u0434\u0441\u0442\u0430\u0432\u043a\u0430 \u0434\u043b\u044f \u043d\u043e\u0433 Andy \u0434\u043b\u044f \u0442\u0435\u0440\u0440\u0430\u0441\u044b \u0438\u043b\u0438 \u0441\u0430\u0434\u0430 | Brafab"},"content":{"rendered":"<p>Kr\u0101sa: pel\u0113ks\/ tum\u0161i pel\u0113ks\/ melns<br \/>\nGarums: 46 cm<br \/>\nPlatums: 40 cm<br \/>\nAugstums: 42 cm<br \/>\nK\u0101ju soli\u0146s terasei Andy pieejams div\u0101s kr\u0101su vari\u0101cij\u0101s.<\/p>\n<p>ID 4768-05-51<\/p>","protected":false},"excerpt":{"rendered":"<p>Brafab regul\u0113jamo kr\u0113sls s\u0113rija Andy\u00a0 joproj\u0101m ir viens no popul\u0101r\u0101kajiem kr\u0113sliem. R\u0101mis izgatavots no alum\u012bnija, s\u0113deklis un atzveltne no tekstilmateri\u0101la, tagad ar\u012b ar deta\u013c\u0101m no t\u012bkkoka vai bez koka. Andy kr\u0113slu s\u0113riju var saska\u0146ot ar m\u016bsu da\u017e\u0101du izm\u0113ru un materi\u0101lu galdiem.<\/p>","protected":false},"featured_media":3285,"template":"","meta":{"_acf_changed":false},"product_brand":[],"product_cat":[51,50],"product_tag":[52],"class_list":{"0":"post-3284","1":"product","2":"type-product","3":"status-publish","4":"has-post-thumbnail","6":"product_cat-kresli-terases-mebeles","7":"product_cat-terases-mebeles","8":"product_tag-brafab","10":"first","11":"instock","12":"shipping-taxable","13":"purchasable","14":"product-type-simple"},"acf":[],"_links":{"self":[{"href":"https:\/\/lightup.lv\/ru\/wp-json\/wp\/v2\/product\/3284","targetHints":{"allow":["GET"]}}],"collection":[{"href":"https:\/\/lightup.lv\/ru\/wp-json\/wp\/v2\/product"}],"about":[{"href":"https:\/\/lightup.lv\/ru\/wp-json\/wp\/v2\/types\/product"}],"wp:featuredmedia":[{"embeddable":true,"href":"https:\/\/lightup.lv\/ru\/wp-json\/wp\/v2\/media\/3285"}],"wp:attachment":[{"href":"https:\/\/lightup.lv\/ru\/wp-json\/wp\/v2\/media?parent=3284"}],"wp:term":[{"taxonomy":"product_brand","embeddable":true,"href":"https:\/\/lightup.lv\/ru\/wp-json\/wp\/v2\/product_brand?post=3284"},{"taxonomy":"product_cat","embeddable":true,"href":"https:\/\/lightup.lv\/ru\/wp-json\/wp\/v2\/product_cat?post=3284"},{"taxonomy":"product_tag","embeddable":true,"href":"https:\/\/lightup.lv\/ru\/wp-json\/wp\/v2\/product_tag?post=3284"}],"curies":[{"name":"WP","href":"https:\/\/api.w.org\/{rel}","templated":true}]}}