{"id":33342,"date":"2024-06-25T11:48:21","date_gmt":"2024-06-25T09:48:21","guid":{"rendered":"https:\/\/lightup.lv\/?post_type=product&#038;p=33342"},"modified":"2025-05-31T12:03:29","modified_gmt":"2025-05-31T10:03:29","slug":"griestu-lampa-white-reeds","status":"publish","type":"product","link":"https:\/\/lightup.lv\/ru\/%d0%ba%d0%b0%d1%82%d0%b0%d0%bb%d0%be%d0%b3-%d0%bf%d1%80%d0%be%d0%b4%d1%83%d0%ba%d1%86%d0%b8%d0%b8\/griestu-lampa-white-reeds\/","title":{"rendered":"\u041f\u043e\u0442\u043e\u043b\u043e\u0447\u043d\u044b\u0439 \u0441\u0432\u0435\u0442\u0438\u043b\u044c\u043d\u0438\u043a White Reeds"},"content":{"rendered":"<p>\u0412 \u0446\u0435\u043d\u0442\u0440\u0435 \u0432\u043d\u0438\u043c\u0430\u043d\u0438\u044f<br \/>\n\u0413\u042310<br \/>\nMAX 50W<br \/>\nIP: IP20<br \/>\n\u2300: 62<br \/>\nA: 150<br \/>\n\u041d\u0430\u043f\u0440\u044f\u0436\u0435\u043d\u0438\u0435: 220-240 \u0412 \u043f\u0435\u0440\u0435\u043c\u0435\u043d\u043d\u043e\u0433\u043e \u0442\u043e\u043a\u0430<br \/>\n\u0426\u0432\u0435\u0442: \u0411\u0435\u043b\u044b\u0439<br \/>\nMateri\u0101ls: Elektrostatiski kr\u0101sots t\u0113rauds<\/p>\n<p>ID 4184100<\/p>","protected":false},"excerpt":{"rendered":"<p>Viokef \u043f\u0440\u0435\u0434\u043b\u0430\u0433\u0430\u0435\u0442 \u0448\u0438\u0440\u043e\u043a\u0438\u0439 \u0432\u044b\u0431\u043e\u0440 \u0441\u0432\u0435\u0442\u0438\u043b\u044c\u043d\u0438\u043a\u043e\u0432 \u2013 \u043a\u0430\u043a \u0441\u043e\u0432\u0440\u0435\u043c\u0435\u043d\u043d\u044b\u0445, \u0442\u0430\u043a \u0438 \u043a\u043b\u0430\u0441\u0441\u0438\u0447\u0435\u0441\u043a\u0438\u0445 \u2013 \u043a\u043e\u0442\u043e\u0440\u044b\u0435 \u0438\u0434\u0435\u0430\u043b\u044c\u043d\u043e \u0434\u043e\u043f\u043e\u043b\u043d\u044f\u044e\u0442 \u0438\u043d\u0442\u0435\u0440\u044c\u0435\u0440. LightUp \u2013 \u043f\u0440\u044f\u043c\u043e\u0439 \u0434\u0438\u0441\u0442\u0440\u0438\u0431\u044c\u044e\u0442\u043e\u0440 \u0431\u0440\u0435\u043d\u0434\u0430 Viokef, \u0447\u0442\u043e \u043f\u043e\u0437\u0432\u043e\u043b\u044f\u0435\u0442 \u043d\u0430\u043c \u043f\u0440\u0435\u0434\u043b\u0430\u0433\u0430\u0442\u044c \u0442\u0430\u043a\u0438\u0435 \u043f\u0440\u0438\u0432\u043b\u0435\u043a\u0430\u0442\u0435\u043b\u044c\u043d\u044b\u0435 \u0446\u0435\u043d\u044b. \u041c\u044b \u0443\u0434\u0435\u043b\u044f\u0435\u043c \u043e\u0441\u043e\u0431\u043e\u0435 \u0432\u043d\u0438\u043c\u0430\u043d\u0438\u0435 \u043a\u0430\u0447\u0435\u0441\u0442\u0432\u0443. \u041c\u044b \u0437\u0430\u0431\u043e\u0442\u0438\u043c\u0441\u044f \u043e \u043a\u0430\u0447\u0435\u0441\u0442\u0432\u0435 \u0438 \u043a\u043e\u043d\u0442\u0440\u043e\u043b\u0438\u0440\u0443\u0435\u043c \u043f\u0440\u043e\u0434\u0443\u043a\u0446\u0438\u044e \u0441 \u043c\u043e\u043c\u0435\u043d\u0442\u0430 \u0437\u0430\u043a\u0430\u0437\u0430 \u043d\u0430 \u0444\u0430\u0431\u0440\u0438\u043a\u0435 \u0434\u043e \u0442\u0440\u0430\u043d\u0441\u043f\u043e\u0440\u0442\u0438\u0440\u043e\u0432\u043a\u0438 \u043d\u0430 \u0441\u043a\u043b\u0430\u0434. \u0417\u0430\u0442\u0435\u043c \u043c\u044b \u0431\u0435\u0440\u0435\u0436\u043d\u043e \u0443\u043f\u0430\u043a\u043e\u0432\u044b\u0432\u0430\u0435\u043c \u0435\u0451 \u0438 \u043e\u0442\u043f\u0440\u0430\u0432\u043b\u044f\u0435\u043c \u043a\u043b\u0438\u0435\u043d\u0442\u0443.<\/p>","protected":false},"featured_media":33343,"template":"","meta":{"_acf_changed":false},"product_brand":[],"product_cat":[42,55],"product_tag":[105],"class_list":{"0":"post-33342","1":"product","2":"type-product","3":"status-publish","4":"has-post-thumbnail","6":"product_cat-apgaismojums","7":"product_cat-prozektori","8":"product_tag-viokef","10":"first","11":"instock","12":"shipping-taxable","13":"purchasable","14":"product-type-simple"},"acf":[],"_links":{"self":[{"href":"https:\/\/lightup.lv\/ru\/wp-json\/wp\/v2\/product\/33342","targetHints":{"allow":["GET"]}}],"collection":[{"href":"https:\/\/lightup.lv\/ru\/wp-json\/wp\/v2\/product"}],"about":[{"href":"https:\/\/lightup.lv\/ru\/wp-json\/wp\/v2\/types\/product"}],"wp:featuredmedia":[{"embeddable":true,"href":"https:\/\/lightup.lv\/ru\/wp-json\/wp\/v2\/media\/33343"}],"wp:attachment":[{"href":"https:\/\/lightup.lv\/ru\/wp-json\/wp\/v2\/media?parent=33342"}],"wp:term":[{"taxonomy":"product_brand","embeddable":true,"href":"https:\/\/lightup.lv\/ru\/wp-json\/wp\/v2\/product_brand?post=33342"},{"taxonomy":"product_cat","embeddable":true,"href":"https:\/\/lightup.lv\/ru\/wp-json\/wp\/v2\/product_cat?post=33342"},{"taxonomy":"product_tag","embeddable":true,"href":"https:\/\/lightup.lv\/ru\/wp-json\/wp\/v2\/product_tag?post=33342"}],"curies":[{"name":"wp","href":"https:\/\/api.w.org\/{rel}","templated":true}]}}