{"id":33400,"date":"2024-06-26T16:48:47","date_gmt":"2024-06-26T14:48:47","guid":{"rendered":"https:\/\/lightup.lv\/?post_type=product&#038;p=33400"},"modified":"2024-06-26T16:50:39","modified_gmt":"2024-06-26T14:50:39","slug":"melna-iebuvejama-lampa-12w-3000k-38-alea","status":"publish","type":"product","link":"https:\/\/lightup.lv\/ru\/%d0%ba%d0%b0%d1%82%d0%b0%d0%bb%d0%be%d0%b3-%d0%bf%d1%80%d0%be%d0%b4%d1%83%d0%ba%d1%86%d0%b8%d0%b8\/melna-iebuvejama-lampa-12w-3000k-38-alea\/","title":{"rendered":"\u0427\u0435\u0440\u043d\u044b\u0439 \u0432\u0441\u0442\u0440\u0430\u0438\u0432\u0430\u0435\u043c\u044b\u0439 \u0441\u0432\u0435\u0442\u0438\u043b\u044c\u043d\u0438\u043a 12 \u0412\u0442 3000\u041a 38\u00b0 Alea"},"content":{"rendered":"<p>\u0412 \u0446\u0435\u043d\u0442\u0440\u0435 \u0432\u043d\u0438\u043c\u0430\u043d\u0438\u044f<br \/>\n\u0441\u0432\u0435\u0442\u043e\u0434\u0438\u043e\u0434\u043d\u044b\u0439 \u043c\u043e\u0434\u0443\u043b\u044c<br \/>\n12W &#8211; 1082 Lm<br \/>\n\u041a: 3000<br \/>\nIP: IP44<br \/>\n\u2300: 85<br \/>\nA: 76<br \/>\n\u041d\u0430\u043f\u0440\u044f\u0436\u0435\u043d\u0438\u0435: 220-240 \u0412 \u043f\u0435\u0440\u0435\u043c\u0435\u043d\u043d\u043e\u0433\u043e \u0442\u043e\u043a\u0430<br \/>\n\u0426\u0432\u0435\u0442: \u0447\u0435\u0440\u043d\u044b\u0439<br \/>\n\u041c\u0430\u0442\u0435\u0440\u0438\u0430\u043b: \u0430\u043b\u044e\u043c\u0438\u043d\u0438\u0439<br \/>\nIesp\u0113ja main\u012bt gaismas intensit\u0101ti: Nav<\/p>\n<p>ID 3914-011B-3-S-38<\/p>","protected":false},"excerpt":{"rendered":"<p>Viokef \u043f\u0440\u0435\u0434\u043b\u0430\u0433\u0430\u0435\u0442 \u0448\u0438\u0440\u043e\u043a\u0438\u0439 \u0432\u044b\u0431\u043e\u0440 \u0441\u0432\u0435\u0442\u0438\u043b\u044c\u043d\u0438\u043a\u043e\u0432 \u2013 \u043a\u0430\u043a \u0441\u043e\u0432\u0440\u0435\u043c\u0435\u043d\u043d\u044b\u0445, \u0442\u0430\u043a \u0438 \u043a\u043b\u0430\u0441\u0441\u0438\u0447\u0435\u0441\u043a\u0438\u0445 \u2013 \u043a\u043e\u0442\u043e\u0440\u044b\u0435 \u0438\u0434\u0435\u0430\u043b\u044c\u043d\u043e \u0434\u043e\u043f\u043e\u043b\u043d\u044f\u044e\u0442 \u0438\u043d\u0442\u0435\u0440\u044c\u0435\u0440. LightUp \u2013 \u043f\u0440\u044f\u043c\u043e\u0439 \u0434\u0438\u0441\u0442\u0440\u0438\u0431\u044c\u044e\u0442\u043e\u0440 \u0431\u0440\u0435\u043d\u0434\u0430 Viokef, \u0447\u0442\u043e \u043f\u043e\u0437\u0432\u043e\u043b\u044f\u0435\u0442 \u043d\u0430\u043c \u043f\u0440\u0435\u0434\u043b\u0430\u0433\u0430\u0442\u044c \u0442\u0430\u043a\u0438\u0435 \u043f\u0440\u0438\u0432\u043b\u0435\u043a\u0430\u0442\u0435\u043b\u044c\u043d\u044b\u0435 \u0446\u0435\u043d\u044b. \u041c\u044b \u0443\u0434\u0435\u043b\u044f\u0435\u043c \u043e\u0441\u043e\u0431\u043e\u0435 \u0432\u043d\u0438\u043c\u0430\u043d\u0438\u0435 \u043a\u0430\u0447\u0435\u0441\u0442\u0432\u0443. \u041c\u044b \u0437\u0430\u0431\u043e\u0442\u0438\u043c\u0441\u044f \u043e \u043a\u0430\u0447\u0435\u0441\u0442\u0432\u0435 \u0438 \u043a\u043e\u043d\u0442\u0440\u043e\u043b\u0438\u0440\u0443\u0435\u043c \u043f\u0440\u043e\u0434\u0443\u043a\u0446\u0438\u044e \u0441 \u043c\u043e\u043c\u0435\u043d\u0442\u0430 \u0437\u0430\u043a\u0430\u0437\u0430 \u043d\u0430 \u0444\u0430\u0431\u0440\u0438\u043a\u0435 \u0434\u043e \u0442\u0440\u0430\u043d\u0441\u043f\u043e\u0440\u0442\u0438\u0440\u043e\u0432\u043a\u0438 \u043d\u0430 \u0441\u043a\u043b\u0430\u0434. \u0417\u0430\u0442\u0435\u043c \u043c\u044b \u0431\u0435\u0440\u0435\u0436\u043d\u043e \u0443\u043f\u0430\u043a\u043e\u0432\u044b\u0432\u0430\u0435\u043c \u0435\u0451 \u0438 \u043e\u0442\u043f\u0440\u0430\u0432\u043b\u044f\u0435\u043c \u043a\u043b\u0438\u0435\u043d\u0442\u0443.<\/p>","protected":false},"featured_media":33401,"template":"","meta":{"_acf_changed":false},"product_brand":[],"product_cat":[42,86,213],"product_tag":[105],"class_list":{"0":"post-33400","1":"product","2":"type-product","3":"status-publish","4":"has-post-thumbnail","6":"product_cat-apgaismojums","7":"product_cat-iebuvejamas-lampas","8":"product_cat-salona-pieejams","9":"product_tag-viokef","11":"first","12":"instock","13":"shipping-taxable","14":"purchasable","15":"product-type-simple"},"acf":[],"_links":{"self":[{"href":"https:\/\/lightup.lv\/ru\/wp-json\/wp\/v2\/product\/33400","targetHints":{"allow":["GET"]}}],"collection":[{"href":"https:\/\/lightup.lv\/ru\/wp-json\/wp\/v2\/product"}],"about":[{"href":"https:\/\/lightup.lv\/ru\/wp-json\/wp\/v2\/types\/product"}],"wp:featuredmedia":[{"embeddable":true,"href":"https:\/\/lightup.lv\/ru\/wp-json\/wp\/v2\/media\/33401"}],"wp:attachment":[{"href":"https:\/\/lightup.lv\/ru\/wp-json\/wp\/v2\/media?parent=33400"}],"wp:term":[{"taxonomy":"product_brand","embeddable":true,"href":"https:\/\/lightup.lv\/ru\/wp-json\/wp\/v2\/product_brand?post=33400"},{"taxonomy":"product_cat","embeddable":true,"href":"https:\/\/lightup.lv\/ru\/wp-json\/wp\/v2\/product_cat?post=33400"},{"taxonomy":"product_tag","embeddable":true,"href":"https:\/\/lightup.lv\/ru\/wp-json\/wp\/v2\/product_tag?post=33400"}],"curies":[{"name":"wp","href":"https:\/\/api.w.org\/{rel}","templated":true}]}}