{"id":33764,"date":"2024-07-01T09:47:23","date_gmt":"2024-07-01T07:47:23","guid":{"rendered":"https:\/\/lightup.lv\/?post_type=product&#038;p=33764"},"modified":"2025-03-06T17:17:32","modified_gmt":"2025-03-06T15:17:32","slug":"una-sienas-lampa","status":"publish","type":"product","link":"https:\/\/lightup.lv\/ru\/%d0%ba%d0%b0%d1%82%d0%b0%d0%bb%d0%be%d0%b3-%d0%bf%d1%80%d0%be%d0%b4%d1%83%d0%ba%d1%86%d0%b8%d0%b8\/una-sienas-lampa\/","title":{"rendered":"UNA sienas lampa"},"content":{"rendered":"<p>1 x max 10W led<br \/>\nSpuldze: E14<br \/>\nP: 140<br \/>\nA: 970<br \/>\nD: 420<br \/>\nKr\u0101sa: Kora\u013c\u013cu<br \/>\n\u041c\u0430\u0442\u0435\u0440\u0438\u0430\u043b: \u041c\u0435\u0442\u0430\u043b\u043b\/\u0421\u0442\u0435\u043a\u043b\u043e<\/p>\n<p>ID 1116C11<\/p>","protected":false},"excerpt":{"rendered":"<p>\u041a\u043e\u043c\u043f\u0430\u043d\u0438\u044f Aldex \u0438\u043c\u0435\u0435\u0442 \u0431\u043e\u043b\u0435\u0435 \u0447\u0435\u043c 40-\u043b\u0435\u0442\u043d\u0438\u0439 \u043e\u043f\u044b\u0442 \u043f\u0440\u043e\u0438\u0437\u0432\u043e\u0434\u0441\u0442\u0432\u0430 \u0438 \u043f\u0440\u043e\u0434\u0430\u0436\u0438 \u0441\u0432\u0435\u0442\u043e\u0442\u0435\u0445\u043d\u0438\u043a\u0438. \u0421\u043e\u0432\u0440\u0435\u043c\u0435\u043d\u043d\u043e\u0435 \u0442\u0435\u0445\u043d\u043e\u043b\u043e\u0433\u0438\u0447\u0435\u0441\u043a\u043e\u0435 \u043e\u0431\u043e\u0440\u0443\u0434\u043e\u0432\u0430\u043d\u0438\u0435 \u0438 \u0441\u043b\u0435\u0434\u043e\u0432\u0430\u043d\u0438\u0435 \u043f\u043e\u0441\u043b\u0435\u0434\u043d\u0438\u043c \u0442\u0435\u043d\u0434\u0435\u043d\u0446\u0438\u044f\u043c \u2014 \u0441\u0438\u043b\u044c\u043d\u044b\u0435 \u0441\u0442\u043e\u0440\u043e\u043d\u044b \u0431\u0440\u0435\u043d\u0434\u0430.<\/p>","protected":false},"featured_media":33765,"template":"","meta":{"_acf_changed":false},"product_brand":[],"product_cat":[42,49],"product_tag":[214],"class_list":{"0":"post-33764","1":"product","2":"type-product","3":"status-publish","4":"has-post-thumbnail","6":"product_cat-apgaismojums","7":"product_cat-sienas-lampas","8":"product_tag-aldex","10":"first","11":"instock","12":"shipping-taxable","13":"purchasable","14":"product-type-simple"},"acf":[],"_links":{"self":[{"href":"https:\/\/lightup.lv\/ru\/wp-json\/wp\/v2\/product\/33764","targetHints":{"allow":["GET"]}}],"collection":[{"href":"https:\/\/lightup.lv\/ru\/wp-json\/wp\/v2\/product"}],"about":[{"href":"https:\/\/lightup.lv\/ru\/wp-json\/wp\/v2\/types\/product"}],"wp:featuredmedia":[{"embeddable":true,"href":"https:\/\/lightup.lv\/ru\/wp-json\/wp\/v2\/media\/33765"}],"wp:attachment":[{"href":"https:\/\/lightup.lv\/ru\/wp-json\/wp\/v2\/media?parent=33764"}],"wp:term":[{"taxonomy":"product_brand","embeddable":true,"href":"https:\/\/lightup.lv\/ru\/wp-json\/wp\/v2\/product_brand?post=33764"},{"taxonomy":"product_cat","embeddable":true,"href":"https:\/\/lightup.lv\/ru\/wp-json\/wp\/v2\/product_cat?post=33764"},{"taxonomy":"product_tag","embeddable":true,"href":"https:\/\/lightup.lv\/ru\/wp-json\/wp\/v2\/product_tag?post=33764"}],"curies":[{"name":"wp","href":"https:\/\/api.w.org\/{rel}","templated":true}]}}