{"id":34881,"date":"2024-08-09T15:35:24","date_gmt":"2024-08-09T13:35:24","guid":{"rendered":"https:\/\/lightup.lv\/?post_type=product&#038;p=34881"},"modified":"2025-02-07T14:15:55","modified_gmt":"2025-02-07T12:15:55","slug":"magnetisko-sliezu-prozektors-20w","status":"publish","type":"product","link":"https:\/\/lightup.lv\/ru\/%d0%ba%d0%b0%d1%82%d0%b0%d0%bb%d0%be%d0%b3-%d0%bf%d1%80%d0%be%d0%b4%d1%83%d0%ba%d1%86%d0%b8%d0%b8\/magnetisko-sliezu-prozektors-20w\/","title":{"rendered":"Magn\u0113tisko slie\u017eu pro\u017eektors, 20W ON\/OFF"},"content":{"rendered":"<p>Integr\u0113ts LED, 20W, 1332LM, 3000K<br \/>\nG: 115<br \/>\nP: 70<br \/>\n\u0426\u0432\u0435\u0442: \u0447\u0435\u0440\u043d\u044b\u0439<br \/>\n\u0412\u041a\u041b\/\u0412\u042b\u041a\u041b<br \/>\n! \u0422\u0430\u043a\u0436\u0435 \u0434\u043e\u0441\u0442\u0443\u043f\u043d\u0430 \u0432\u0435\u0440\u0441\u0438\u044f ZIGBEE \u2014 \u0432\u043e\u0437\u043c\u043e\u0436\u043d\u0430 \u0440\u0435\u0433\u0443\u043b\u0438\u0440\u043e\u0432\u043a\u0430 \u044f\u0440\u043a\u043e\u0441\u0442\u0438 \u0438 \u0442\u0435\u043c\u043f\u0435\u0440\u0430\u0442\u0443\u0440\u044b \u0441\u0432\u0435\u0442\u0430.<\/p>\n<p>ID M0010N<\/p>","protected":false},"excerpt":{"rendered":"<p>Maxlight \u2014 \u043a\u043e\u043c\u043f\u0430\u043d\u0438\u044f \u0441 \u0431\u043e\u043b\u0435\u0435 \u0447\u0435\u043c \u0434\u0435\u0441\u044f\u0442\u0438\u043b\u0435\u0442\u043d\u0438\u043c \u043e\u043f\u044b\u0442\u043e\u043c \u0440\u0430\u0431\u043e\u0442\u044b \u0432 \u0441\u0444\u0435\u0440\u0435 \u043e\u0441\u0432\u0435\u0449\u0435\u043d\u0438\u044f, \u043a\u043e\u0442\u043e\u0440\u043e\u0435 \u0443\u0434\u0438\u0432\u043b\u044f\u0435\u0442 \u0438 \u0432\u0434\u043e\u0445\u043d\u043e\u0432\u043b\u044f\u0435\u0442 \u0441\u043c\u0435\u043b\u044b\u043c \u0434\u0438\u0437\u0430\u0439\u043d\u043e\u043c \u0438 \u0431\u0435\u0437\u0433\u0440\u0430\u043d\u0438\u0447\u043d\u044b\u043c\u0438 \u0432\u043e\u0437\u043c\u043e\u0436\u043d\u043e\u0441\u0442\u044f\u043c\u0438 \u043a\u043e\u043c\u043f\u043e\u043d\u043e\u0432\u043a\u0438. \u041c\u044b \u043f\u0440\u0435\u0434\u043b\u0430\u0433\u0430\u0435\u043c \u0441\u0432\u0435\u0442\u0438\u043b\u044c\u043d\u0438\u043a\u0438 \u0432 \u0440\u0430\u0437\u043b\u0438\u0447\u043d\u044b\u0445 \u0441\u0442\u0438\u043b\u044f\u0445, \u043a\u043e\u0442\u043e\u0440\u044b\u0435 \u0432\u043f\u0438\u0448\u0443\u0442\u0441\u044f \u0432 \u043b\u044e\u0431\u043e\u0439 \u0438\u043d\u0442\u0435\u0440\u044c\u0435\u0440.<\/p>","protected":false},"featured_media":34882,"template":"","meta":{"_acf_changed":false},"product_brand":[],"product_cat":[42,217],"product_tag":[44],"class_list":{"0":"post-34881","1":"product","2":"type-product","3":"status-publish","4":"has-post-thumbnail","6":"product_cat-apgaismojums","7":"product_cat-magnetiskas-sliezu-sistemas-on-off","8":"product_tag-maxlight","10":"first","11":"instock","12":"shipping-taxable","13":"purchasable","14":"product-type-simple"},"acf":[],"_links":{"self":[{"href":"https:\/\/lightup.lv\/ru\/wp-json\/wp\/v2\/product\/34881","targetHints":{"allow":["GET"]}}],"collection":[{"href":"https:\/\/lightup.lv\/ru\/wp-json\/wp\/v2\/product"}],"about":[{"href":"https:\/\/lightup.lv\/ru\/wp-json\/wp\/v2\/types\/product"}],"wp:featuredmedia":[{"embeddable":true,"href":"https:\/\/lightup.lv\/ru\/wp-json\/wp\/v2\/media\/34882"}],"wp:attachment":[{"href":"https:\/\/lightup.lv\/ru\/wp-json\/wp\/v2\/media?parent=34881"}],"wp:term":[{"taxonomy":"product_brand","embeddable":true,"href":"https:\/\/lightup.lv\/ru\/wp-json\/wp\/v2\/product_brand?post=34881"},{"taxonomy":"product_cat","embeddable":true,"href":"https:\/\/lightup.lv\/ru\/wp-json\/wp\/v2\/product_cat?post=34881"},{"taxonomy":"product_tag","embeddable":true,"href":"https:\/\/lightup.lv\/ru\/wp-json\/wp\/v2\/product_tag?post=34881"}],"curies":[{"name":"wp","href":"https:\/\/api.w.org\/{rel}","templated":true}]}}