{"id":35316,"date":"2025-01-31T17:16:16","date_gmt":"2025-01-31T15:16:16","guid":{"rendered":"https:\/\/lightup.lv\/?post_type=product&#038;p=35316"},"modified":"2025-02-07T15:15:19","modified_gmt":"2025-02-07T13:15:19","slug":"stura-magnetisko-sliezu-lampa-18w-on-off","status":"publish","type":"product","link":"https:\/\/lightup.lv\/ru\/precu-katalogs\/stura-magnetisko-sliezu-lampa-18w-on-off\/","title":{"rendered":"St\u016bra magn\u0113tisko slie\u017eu lampa, 18W ON\/OFF"},"content":{"rendered":"<p>Integr\u0113ts LED, 18W, 1111LM, 3000K<br \/>\n\u041f: 300<br \/>\n\u0413: 300<br \/>\n\u0426\u0432\u0435\u0442: \u0447\u0435\u0440\u043d\u044b\u0439<br \/>\n\u0412\u041a\u041b\/\u0412\u042b\u041a\u041b<br \/>\n! \u0422\u0430\u043a\u0436\u0435 \u0434\u043e\u0441\u0442\u0443\u043f\u043d\u0430 \u0432\u0435\u0440\u0441\u0438\u044f ZIGBEE \u2014 \u0432\u043e\u0437\u043c\u043e\u0436\u043d\u0430 \u0440\u0435\u0433\u0443\u043b\u0438\u0440\u043e\u0432\u043a\u0430 \u044f\u0440\u043a\u043e\u0441\u0442\u0438 \u0438 \u0442\u0435\u043c\u043f\u0435\u0440\u0430\u0442\u0443\u0440\u044b \u0441\u0432\u0435\u0442\u0430.<\/p>\n<p>ID M0006N<\/p>","protected":false},"excerpt":{"rendered":"<p>Maxlight ir ra\u017eot\u0101js ar vair\u0101k nek\u0101 desmit gadu pieredzi apgaismojuma nodro\u0161in\u0101\u0161an\u0101, kas p\u0101rsteidz un iedvesmo ar drosm\u012bgu dizainu un bezgal\u012bg\u0101m izk\u0101rtojuma iesp\u0113j\u0101m, pied\u0101v\u0101jot da\u017e\u0101du stilu gaismek\u013cus, kas ieder\u0113sies jebkur\u0101 dizain\u0101.<\/p>","protected":false},"featured_media":35317,"template":"","meta":{"_acf_changed":false},"product_brand":[],"product_cat":[42,217],"product_tag":[44],"class_list":{"0":"post-35316","1":"product","2":"type-product","3":"status-publish","4":"has-post-thumbnail","6":"product_cat-apgaismojums","7":"product_cat-magnetiskas-sliezu-sistemas-on-off","8":"product_tag-maxlight","10":"first","11":"instock","12":"shipping-taxable","13":"purchasable","14":"product-type-simple"},"acf":[],"_links":{"self":[{"href":"https:\/\/lightup.lv\/ru\/wp-json\/wp\/v2\/product\/35316","targetHints":{"allow":["GET"]}}],"collection":[{"href":"https:\/\/lightup.lv\/ru\/wp-json\/wp\/v2\/product"}],"about":[{"href":"https:\/\/lightup.lv\/ru\/wp-json\/wp\/v2\/types\/product"}],"wp:featuredmedia":[{"embeddable":true,"href":"https:\/\/lightup.lv\/ru\/wp-json\/wp\/v2\/media\/35317"}],"wp:attachment":[{"href":"https:\/\/lightup.lv\/ru\/wp-json\/wp\/v2\/media?parent=35316"}],"wp:term":[{"taxonomy":"product_brand","embeddable":true,"href":"https:\/\/lightup.lv\/ru\/wp-json\/wp\/v2\/product_brand?post=35316"},{"taxonomy":"product_cat","embeddable":true,"href":"https:\/\/lightup.lv\/ru\/wp-json\/wp\/v2\/product_cat?post=35316"},{"taxonomy":"product_tag","embeddable":true,"href":"https:\/\/lightup.lv\/ru\/wp-json\/wp\/v2\/product_tag?post=35316"}],"curies":[{"name":"WP","href":"https:\/\/api.w.org\/{rel}","templated":true}]}}