{"id":35594,"date":"2025-04-03T16:09:48","date_gmt":"2025-04-03T14:09:48","guid":{"rendered":"https:\/\/lightup.lv\/?post_type=product&#038;p=35594"},"modified":"2025-04-03T16:13:18","modified_gmt":"2025-04-03T14:13:18","slug":"sienas-lampa-tilos-h150","status":"publish","type":"product","link":"https:\/\/lightup.lv\/ru\/precu-katalogs\/sienas-lampa-tilos-h150\/","title":{"rendered":"\u0423\u043b\u0438\u0447\u043d\u044b\u0439 \u0444\u0430\u0441\u0430\u0434\u043d\u044b\u0439 \u043d\u0430\u0441\u0442\u0435\u043d\u043d\u044b\u0439 \u0441\u0432\u0435\u0442\u0438\u043b\u044c\u043d\u0438\u043a Tilos H:150"},"content":{"rendered":"<p>GU10, MAX 35W, IP54<br \/>\nH: 80 mm<br \/>\nP: 90 x 75 mm<br \/>\nSpriegums: 220-240V<br \/>\nKr\u0101sa: Sudraba<\/p>\n<p>ID 4099702<\/p>","protected":false},"excerpt":{"rendered":"<p>Viokef pied\u0101v\u0101 pla\u0161u \u2013 modernu un klasisku \u2013 apgaismes ier\u012b\u010du izv\u0113li, kas lieliski papildina interjera dizainu. LightUp ir Viokef z\u012bmola tie\u0161ie izplat\u012bt\u0101ji, t\u0101d\u0113\u013c varam nodro\u0161in\u0101t pievilc\u012bgas cenas un \u012bpa\u0161u uzman\u012bbu v\u0113r\u0161am produktu kvalit\u0101tei! R\u016bp\u0113jamies un kontrol\u0113jam produktus no to pas\u016bt\u012b\u0161anas br\u012b\u017ea r\u016bpn\u012bc\u0101 l\u012bdz transport\u0113\u0161anai uz noliktavu, tad r\u016bp\u012bgi tos iepakojam un nos\u016btam klientam.<\/p>","protected":false},"featured_media":35595,"template":"","meta":{"_acf_changed":false},"product_brand":[],"product_cat":[42,129,213],"product_tag":[],"class_list":{"0":"post-35594","1":"product","2":"type-product","3":"status-publish","4":"has-post-thumbnail","6":"product_cat-apgaismojums","7":"product_cat-fasades-un-darza-apgaismojums","8":"product_cat-salona-pieejams","10":"first","11":"instock","12":"shipping-taxable","13":"purchasable","14":"product-type-simple"},"acf":[],"_links":{"self":[{"href":"https:\/\/lightup.lv\/ru\/wp-json\/wp\/v2\/product\/35594","targetHints":{"allow":["GET"]}}],"collection":[{"href":"https:\/\/lightup.lv\/ru\/wp-json\/wp\/v2\/product"}],"about":[{"href":"https:\/\/lightup.lv\/ru\/wp-json\/wp\/v2\/types\/product"}],"wp:featuredmedia":[{"embeddable":true,"href":"https:\/\/lightup.lv\/ru\/wp-json\/wp\/v2\/media\/35595"}],"wp:attachment":[{"href":"https:\/\/lightup.lv\/ru\/wp-json\/wp\/v2\/media?parent=35594"}],"wp:term":[{"taxonomy":"product_brand","embeddable":true,"href":"https:\/\/lightup.lv\/ru\/wp-json\/wp\/v2\/product_brand?post=35594"},{"taxonomy":"product_cat","embeddable":true,"href":"https:\/\/lightup.lv\/ru\/wp-json\/wp\/v2\/product_cat?post=35594"},{"taxonomy":"product_tag","embeddable":true,"href":"https:\/\/lightup.lv\/ru\/wp-json\/wp\/v2\/product_tag?post=35594"}],"curies":[{"name":"WP","href":"https:\/\/api.w.org\/{rel}","templated":true}]}}