{"id":35657,"date":"2025-05-09T14:57:08","date_gmt":"2025-05-09T12:57:08","guid":{"rendered":"https:\/\/lightup.lv\/?post_type=product&#038;p=35657"},"modified":"2025-05-09T14:57:09","modified_gmt":"2025-05-09T12:57:09","slug":"%d0%b6%d1%83%d1%80%d0%bd%d0%b0%d0%bb%d1%8c%d0%bd%d1%8b%d0%b9-%d1%81%d1%82%d0%be%d0%bb%d0%b8%d0%ba-sullivan-60-%d1%81%d0%bc-%d0%ba%d0%be%d1%80%d0%b8%d1%87%d0%bd%d0%b5%d0%b2%d1%8b%d0%b9","status":"publish","type":"product","link":"https:\/\/lightup.lv\/ru\/precu-katalogs\/kafijas-galds-sullivan-60-cm-bruns\/","title":{"rendered":"\u0416\u0443\u0440\u043d\u0430\u043b\u044c\u043d\u044b\u0439 \u0441\u0442\u043e\u043b\u0438\u043a Sullivan 60 \u0441\u043c, \u043a\u043e\u0440\u0438\u0447\u043d\u0435\u0432\u044b\u0439"},"content":{"rendered":"<div>\n<p id=\"tw-target-text\" class=\"tw-data-text tw-text-large tw-ta\" dir=\"ltr\" data-placeholder=\"Tulkojums\" data-ved=\"2ahUKEwibn4-iopaNAxVDSvEDHQa6HBMQ3ewLegQICRAV\" aria-label=\"\u041f\u0435\u0440\u0435\u0432\u043e\u0434 \u0442\u0435\u043a\u0441\u0442\u0430: \u0421\u0442\u043e\u043b\u0435\u0448\u043d\u0438\u0446\u0430 \u0438\u0437 \u041c\u0414\u0424 \u0441 \u0434\u0443\u0431\u043e\u0432\u044b\u043c \u0448\u043f\u043e\u043d\u043e\u043c, \u043a\u0440\u043e\u043c\u043a\u0430 \u0438\u0437 \u043c\u0430\u0441\u0441\u0438\u0432\u0430 \u0434\u0443\u0431\u0430. \u0426\u0435\u043d\u0442\u0440\u0430\u043b\u044c\u043d\u044b\u0435 \u043d\u043e\u0436\u043a\u0438 \u0441 \u0444\u0440\u0435\u0437\u0435\u0440\u043e\u0432\u0430\u043d\u043d\u044b\u043c\u0438 \u043f\u0430\u0437\u0430\u043c\u0438 \u0438\u0437 \u043c\u0430\u0441\u0441\u0438\u0432\u0430 \u0434\u0443\u0431\u0430.\"><span class=\"Y2IQFc\" lang=\"lv\">\u041c\u0430\u0442\u0435\u0440\u0438\u0430\u043b \u0441\u0442\u043e\u043b\u0435\u0448\u043d\u0438\u0446\u044b: \u041c\u0414\u0424 \u0441 \u0434\u0443\u0431\u043e\u0432\u044b\u043c \u0448\u043f\u043e\u043d\u043e\u043c, \u043a\u0440\u043e\u043c\u043a\u0430 \u0438\u0437 \u043c\u0430\u0441\u0441\u0438\u0432\u0430 \u0434\u0443\u0431\u0430.<\/span><\/p>\n<p class=\"tw-data-text tw-text-large tw-ta\" dir=\"ltr\" data-placeholder=\"Tulkojums\" data-ved=\"2ahUKEwibn4-iopaNAxVDSvEDHQa6HBMQ3ewLegQICRAV\" aria-label=\"\u041f\u0435\u0440\u0435\u0432\u043e\u0434 \u0442\u0435\u043a\u0441\u0442\u0430: \u0421\u0442\u043e\u043b\u0435\u0448\u043d\u0438\u0446\u0430 \u0438\u0437 \u041c\u0414\u0424 \u0441 \u0434\u0443\u0431\u043e\u0432\u044b\u043c \u0448\u043f\u043e\u043d\u043e\u043c, \u043a\u0440\u043e\u043c\u043a\u0430 \u0438\u0437 \u043c\u0430\u0441\u0441\u0438\u0432\u0430 \u0434\u0443\u0431\u0430. \u0426\u0435\u043d\u0442\u0440\u0430\u043b\u044c\u043d\u044b\u0435 \u043d\u043e\u0436\u043a\u0438 \u0441 \u0444\u0440\u0435\u0437\u0435\u0440\u043e\u0432\u0430\u043d\u043d\u044b\u043c\u0438 \u043f\u0430\u0437\u0430\u043c\u0438 \u0438\u0437 \u043c\u0430\u0441\u0441\u0438\u0432\u0430 \u0434\u0443\u0431\u0430.\"><span class=\"Y2IQFc\" lang=\"lv\">\u041e\u043f\u043e\u0440\u043d\u0430\u044f \u043d\u043e\u0436\u043a\u0430 \u0438 \u043f\u0430\u043d\u0435\u043b\u0438: \u041c\u0430\u0441\u0441\u0438\u0432 \u0434\u0443\u0431\u0430 \u0441 \u0444\u0440\u0435\u0437\u0435\u0440\u043e\u0432\u0430\u043d\u043d\u044b\u043c\u0438 \u043f\u0430\u0437\u0430\u043c\u0438.<\/span><\/p>\n<\/div>\n<p class=\"col\">\u0414\u043b\u0438\u043d\u0430: 60 \u0441\u043c.<\/p>\n<p class=\"col\">\u0428\u0438\u0440\u0438\u043d\u0430: 60 \u0441\u043c.<\/p>\n<p class=\"col\">\u0412\u044b\u0441\u043e\u0442\u0430: 37 \u0441\u043c.<\/p>\n<p class=\"col\">\u0422\u043e\u043b\u0449\u0438\u043d\u0430 \u0441\u0442\u043e\u043b\u0435\u0448\u043d\u0438\u0446\u044b (\u0441\u043c): 1,8 \u0441\u043c<\/p>\n<p class=\"col\">\u0418\u0434\u0435\u043d\u0442\u0438\u0444\u0438\u043a\u0430\u0442\u043e\u0440: 120105<\/p>","protected":false},"excerpt":{"rendered":"<p>Galda virsmas materi\u0101ls: MDF ar ozola finier\u0113jumu, mala ozola mas\u012bvkoka. Balsta k\u0101ja un pane\u013ci: Ozola mas\u012bvkoks ar fr\u0113z\u0113t\u0101m riev\u0101m. Garums: 60 cm Platums: 60 cm Augsrums :37 cm Galda vrismas biezums (cm): 1.8 cm ID: 120105<\/p>","protected":false},"featured_media":35658,"template":"","meta":{"_acf_changed":false},"product_brand":[],"product_cat":[22,109],"product_tag":[218],"class_list":{"0":"post-35657","1":"product","2":"type-product","3":"status-publish","4":"has-post-thumbnail","6":"product_cat-galdi","7":"product_cat-zurnalu-galdini-galdi","8":"product_tag-rowico","10":"first","11":"instock","12":"shipping-taxable","13":"purchasable","14":"product-type-simple"},"acf":[],"_links":{"self":[{"href":"https:\/\/lightup.lv\/ru\/wp-json\/wp\/v2\/product\/35657","targetHints":{"allow":["GET"]}}],"collection":[{"href":"https:\/\/lightup.lv\/ru\/wp-json\/wp\/v2\/product"}],"about":[{"href":"https:\/\/lightup.lv\/ru\/wp-json\/wp\/v2\/types\/product"}],"wp:featuredmedia":[{"embeddable":true,"href":"https:\/\/lightup.lv\/ru\/wp-json\/wp\/v2\/media\/35658"}],"wp:attachment":[{"href":"https:\/\/lightup.lv\/ru\/wp-json\/wp\/v2\/media?parent=35657"}],"wp:term":[{"taxonomy":"product_brand","embeddable":true,"href":"https:\/\/lightup.lv\/ru\/wp-json\/wp\/v2\/product_brand?post=35657"},{"taxonomy":"product_cat","embeddable":true,"href":"https:\/\/lightup.lv\/ru\/wp-json\/wp\/v2\/product_cat?post=35657"},{"taxonomy":"product_tag","embeddable":true,"href":"https:\/\/lightup.lv\/ru\/wp-json\/wp\/v2\/product_tag?post=35657"}],"curies":[{"name":"WP","href":"https:\/\/api.w.org\/{rel}","templated":true}]}}