{"id":35681,"date":"2025-05-13T10:24:07","date_gmt":"2025-05-13T08:24:07","guid":{"rendered":"https:\/\/lightup.lv\/?post_type=product&#038;p=35681"},"modified":"2025-05-13T10:27:15","modified_gmt":"2025-05-13T08:27:15","slug":"%d0%be%d0%b1%d0%b5%d0%b4%d0%b5%d0%bd%d0%bd%d1%8b%d0%b9-%d1%81%d1%82%d0%be%d0%bb-%d0%ba%d0%b0%d0%bb%d0%b2%d0%b5%d1%80%d1%82%d0%be%d0%bd","status":"publish","type":"product","link":"https:\/\/lightup.lv\/ru\/precu-katalogs\/pusdienu-galds-calverton\/","title":{"rendered":"\u041e\u0431\u0435\u0434\u0435\u043d\u043d\u044b\u0439 \u0441\u0442\u043e\u043b \u041a\u0430\u043b\u0432\u0435\u0440\u0442\u043e\u043d"},"content":{"rendered":"<div>\n<p id=\"tw-target-text\" class=\"tw-data-text tw-text-large tw-ta\" dir=\"ltr\" data-placeholder=\"Tulkojums\" data-ved=\"2ahUKEwibn4-iopaNAxVDSvEDHQa6HBMQ3ewLegQICRAV\" aria-label=\"\u041f\u0435\u0440\u0435\u0432\u043e\u0434 \u0442\u0435\u043a\u0441\u0442\u0430: \u0421\u0442\u043e\u043b\u0435\u0448\u043d\u0438\u0446\u0430 \u0438\u0437 \u041c\u0414\u0424 \u0441 \u0434\u0443\u0431\u043e\u0432\u044b\u043c \u0448\u043f\u043e\u043d\u043e\u043c, \u043a\u0440\u043e\u043c\u043a\u0430 \u0438\u0437 \u043c\u0430\u0441\u0441\u0438\u0432\u0430 \u0434\u0443\u0431\u0430. \u0426\u0435\u043d\u0442\u0440\u0430\u043b\u044c\u043d\u044b\u0435 \u043d\u043e\u0436\u043a\u0438 \u0441 \u0444\u0440\u0435\u0437\u0435\u0440\u043e\u0432\u0430\u043d\u043d\u044b\u043c\u0438 \u043f\u0430\u0437\u0430\u043c\u0438 \u0438\u0437 \u043c\u0430\u0441\u0441\u0438\u0432\u0430 \u0434\u0443\u0431\u0430.\"><span class=\"Y2IQFc\" lang=\"lv\">\u041c\u0430\u0442\u0435\u0440\u0438\u0430\u043b \u0441\u0442\u043e\u043b\u0435\u0448\u043d\u0438\u0446\u044b: \u041c\u0414\u0424 \u0441 \u0434\u0443\u0431\u043e\u0432\u044b\u043c \u0448\u043f\u043e\u043d\u043e\u043c.<\/span><\/p>\n<p class=\"tw-data-text tw-text-large tw-ta\" dir=\"ltr\" data-placeholder=\"Tulkojums\" data-ved=\"2ahUKEwibn4-iopaNAxVDSvEDHQa6HBMQ3ewLegQICRAV\" aria-label=\"\u041f\u0435\u0440\u0435\u0432\u043e\u0434 \u0442\u0435\u043a\u0441\u0442\u0430: \u0421\u0442\u043e\u043b\u0435\u0448\u043d\u0438\u0446\u0430 \u0438\u0437 \u041c\u0414\u0424 \u0441 \u0434\u0443\u0431\u043e\u0432\u044b\u043c \u0448\u043f\u043e\u043d\u043e\u043c, \u043a\u0440\u043e\u043c\u043a\u0430 \u0438\u0437 \u043c\u0430\u0441\u0441\u0438\u0432\u0430 \u0434\u0443\u0431\u0430. \u0426\u0435\u043d\u0442\u0440\u0430\u043b\u044c\u043d\u044b\u0435 \u043d\u043e\u0436\u043a\u0438 \u0441 \u0444\u0440\u0435\u0437\u0435\u0440\u043e\u0432\u0430\u043d\u043d\u044b\u043c\u0438 \u043f\u0430\u0437\u0430\u043c\u0438 \u0438\u0437 \u043c\u0430\u0441\u0441\u0438\u0432\u0430 \u0434\u0443\u0431\u0430.\"><span class=\"Y2IQFc\" lang=\"lv\">\u041c\u0430\u0442\u0435\u0440\u0438\u0430\u043b \u043e\u043f\u043e\u0440\u043d\u044b\u0445 \u043d\u043e\u0436\u0435\u043a: \u041c\u0430\u0441\u0441\u0438\u0432 \u0434\u0443\u0431\u0430.<\/span><\/p>\n<\/div>\n<p class=\"col\">\u0414\u043b\u0438\u043d\u0430: 120 \u0441\u043c.<\/p>\n<p class=\"col\">\u0428\u0438\u0440\u0438\u043d\u0430: 120 \u0441\u043c.<\/p>\n<p class=\"col\">\u0420\u043e\u0441\u0442: 75 \u0441\u043c.<\/p>\n<p class=\"col\">\u0422\u043e\u043b\u0449\u0438\u043d\u0430 \u0441\u0442\u043e\u043b\u0435\u0448\u043d\u0438\u0446\u044b (\u0441\u043c): 2,5 \u0441\u043c<\/p>\n<p class=\"col\">\u0418\u0434\u0435\u043d\u0442\u0438\u0444\u0438\u043a\u0430\u0442\u043e\u0440 120652<\/p>","protected":false},"excerpt":{"rendered":"<p>Galda virsmas materi\u0101ls: MDF ar ozola finier\u0113jumu. Balsta k\u0101ju materi\u0101ls: Ozola mas\u012bvkoks. Garums: 120 cm Platums: 120 cm Augstums: 75 cm Galda vrismas biezums (cm): 2.5 cm ID 120652<\/p>","protected":false},"featured_media":35683,"template":"","meta":{"_acf_changed":false},"product_brand":[],"product_cat":[22,23],"product_tag":[218],"class_list":{"0":"post-35681","1":"product","2":"type-product","3":"status-publish","4":"has-post-thumbnail","6":"product_cat-galdi","7":"product_cat-pusdienu-galdi","8":"product_tag-rowico","10":"first","11":"instock","12":"shipping-taxable","13":"purchasable","14":"product-type-simple"},"acf":[],"_links":{"self":[{"href":"https:\/\/lightup.lv\/ru\/wp-json\/wp\/v2\/product\/35681","targetHints":{"allow":["GET"]}}],"collection":[{"href":"https:\/\/lightup.lv\/ru\/wp-json\/wp\/v2\/product"}],"about":[{"href":"https:\/\/lightup.lv\/ru\/wp-json\/wp\/v2\/types\/product"}],"wp:featuredmedia":[{"embeddable":true,"href":"https:\/\/lightup.lv\/ru\/wp-json\/wp\/v2\/media\/35683"}],"wp:attachment":[{"href":"https:\/\/lightup.lv\/ru\/wp-json\/wp\/v2\/media?parent=35681"}],"wp:term":[{"taxonomy":"product_brand","embeddable":true,"href":"https:\/\/lightup.lv\/ru\/wp-json\/wp\/v2\/product_brand?post=35681"},{"taxonomy":"product_cat","embeddable":true,"href":"https:\/\/lightup.lv\/ru\/wp-json\/wp\/v2\/product_cat?post=35681"},{"taxonomy":"product_tag","embeddable":true,"href":"https:\/\/lightup.lv\/ru\/wp-json\/wp\/v2\/product_tag?post=35681"}],"curies":[{"name":"WP","href":"https:\/\/api.w.org\/{rel}","templated":true}]}}