{"id":35716,"date":"2025-05-13T12:28:38","date_gmt":"2025-05-13T10:28:38","guid":{"rendered":"https:\/\/lightup.lv\/?post_type=product&#038;p=35716"},"modified":"2025-05-13T12:31:00","modified_gmt":"2025-05-13T10:31:00","slug":"konsoles-galds-haddington","status":"publish","type":"product","link":"https:\/\/lightup.lv\/ru\/precu-katalogs\/konsoles-galds-haddington\/","title":{"rendered":"\u041a\u043e\u043d\u0441\u043e\u043b\u044c\u043d\u044b\u0439 \u0441\u0442\u043e\u043b\u0438\u043a Haddington"},"content":{"rendered":"<div>\n<p id=\"tw-target-text\" class=\"tw-data-text tw-text-large tw-ta\" dir=\"ltr\" data-placeholder=\"Tulkojums\" data-ved=\"2ahUKEwibn4-iopaNAxVDSvEDHQa6HBMQ3ewLegQICRAV\" aria-label=\"\u041f\u0435\u0440\u0435\u0432\u043e\u0434 \u0442\u0435\u043a\u0441\u0442\u0430: \u0421\u0442\u043e\u043b\u0435\u0448\u043d\u0438\u0446\u0430 \u0438\u0437 \u041c\u0414\u0424 \u0441 \u0434\u0443\u0431\u043e\u0432\u044b\u043c \u0448\u043f\u043e\u043d\u043e\u043c, \u043a\u0440\u043e\u043c\u043a\u0430 \u0438\u0437 \u043c\u0430\u0441\u0441\u0438\u0432\u0430 \u0434\u0443\u0431\u0430. \u0426\u0435\u043d\u0442\u0440\u0430\u043b\u044c\u043d\u044b\u0435 \u043d\u043e\u0436\u043a\u0438 \u0441 \u0444\u0440\u0435\u0437\u0435\u0440\u043e\u0432\u0430\u043d\u043d\u044b\u043c\u0438 \u043f\u0430\u0437\u0430\u043c\u0438 \u0438\u0437 \u043c\u0430\u0441\u0441\u0438\u0432\u0430 \u0434\u0443\u0431\u0430.\"><span class=\"Y2IQFc\" lang=\"lv\">Galda virsmas materi\u0101ls: MDF ar ozola finier\u0113jumu, ozola mas\u012bvkoks atvilkt\u0146u deta\u013c\u0101s.<\/span><\/p>\n<p class=\"tw-data-text tw-text-large tw-ta\" dir=\"ltr\" data-placeholder=\"Tulkojums\" data-ved=\"2ahUKEwibn4-iopaNAxVDSvEDHQa6HBMQ3ewLegQICRAV\" aria-label=\"\u041f\u0435\u0440\u0435\u0432\u043e\u0434 \u0442\u0435\u043a\u0441\u0442\u0430: \u0421\u0442\u043e\u043b\u0435\u0448\u043d\u0438\u0446\u0430 \u0438\u0437 \u041c\u0414\u0424 \u0441 \u0434\u0443\u0431\u043e\u0432\u044b\u043c \u0448\u043f\u043e\u043d\u043e\u043c, \u043a\u0440\u043e\u043c\u043a\u0430 \u0438\u0437 \u043c\u0430\u0441\u0441\u0438\u0432\u0430 \u0434\u0443\u0431\u0430. \u0426\u0435\u043d\u0442\u0440\u0430\u043b\u044c\u043d\u044b\u0435 \u043d\u043e\u0436\u043a\u0438 \u0441 \u0444\u0440\u0435\u0437\u0435\u0440\u043e\u0432\u0430\u043d\u043d\u044b\u043c\u0438 \u043f\u0430\u0437\u0430\u043c\u0438 \u0438\u0437 \u043c\u0430\u0441\u0441\u0438\u0432\u0430 \u0434\u0443\u0431\u0430.\"><span class=\"Y2IQFc\" lang=\"lv\">Balsta k\u0101ju materi\u0101ls: Met\u0101ls<\/span><\/p>\n<\/div>\n<p class=\"col\">Garums: 142 cm<\/p>\n<p class=\"col\">Platums: 47 cm<\/p>\n<p class=\"col\">\u0412\u044b\u0441\u043e\u0442\u0430: 77 \u0441\u043c<\/p>\n<p class=\"col\">ID 120134<\/p>","protected":false},"excerpt":{"rendered":"<p>Galda virsmas materi\u0101ls: MDF ar ozola finier\u0113jumu, ozola mas\u012bvkoks atvilkt\u0146u deta\u013c\u0101s. Balsta k\u0101ju materi\u0101ls: Met\u0101ls Garums: 142 cm Platums: 47 cm Augstums: 77 cm ID 120134<\/p>","protected":false},"featured_media":35718,"template":"","meta":{"_acf_changed":false},"product_brand":[],"product_cat":[22,103],"product_tag":[218],"class_list":{"0":"post-35716","1":"product","2":"type-product","3":"status-publish","4":"has-post-thumbnail","6":"product_cat-galdi","7":"product_cat-darba-galdi","8":"product_tag-rowico","10":"first","11":"instock","12":"shipping-taxable","13":"purchasable","14":"product-type-simple"},"acf":[],"_links":{"self":[{"href":"https:\/\/lightup.lv\/ru\/wp-json\/wp\/v2\/product\/35716","targetHints":{"allow":["GET"]}}],"collection":[{"href":"https:\/\/lightup.lv\/ru\/wp-json\/wp\/v2\/product"}],"about":[{"href":"https:\/\/lightup.lv\/ru\/wp-json\/wp\/v2\/types\/product"}],"wp:featuredmedia":[{"embeddable":true,"href":"https:\/\/lightup.lv\/ru\/wp-json\/wp\/v2\/media\/35718"}],"wp:attachment":[{"href":"https:\/\/lightup.lv\/ru\/wp-json\/wp\/v2\/media?parent=35716"}],"wp:term":[{"taxonomy":"product_brand","embeddable":true,"href":"https:\/\/lightup.lv\/ru\/wp-json\/wp\/v2\/product_brand?post=35716"},{"taxonomy":"product_cat","embeddable":true,"href":"https:\/\/lightup.lv\/ru\/wp-json\/wp\/v2\/product_cat?post=35716"},{"taxonomy":"product_tag","embeddable":true,"href":"https:\/\/lightup.lv\/ru\/wp-json\/wp\/v2\/product_tag?post=35716"}],"curies":[{"name":"WP","href":"https:\/\/api.w.org\/{rel}","templated":true}]}}