{"id":36221,"date":"2025-07-25T09:37:38","date_gmt":"2025-07-25T07:37:38","guid":{"rendered":"https:\/\/lightup.lv\/?post_type=product&#038;p=36221"},"modified":"2025-07-25T09:51:07","modified_gmt":"2025-07-25T07:51:07","slug":"iekarinama-lampa-tense-o90","status":"publish","type":"product","link":"https:\/\/lightup.lv\/ru\/precu-katalogs\/iekarinama-lampa-tense-o90\/","title":{"rendered":"\u041f\u043e\u0434\u0432\u0435\u0441\u043d\u043e\u0439 \u0441\u0432\u0435\u0442\u0438\u043b\u044c\u043d\u0438\u043a Tense \u00d890"},"content":{"rendered":"<p>Max H: 5150 x D: 800 x \u00d8: 900 mm<\/p>\n<p>LED 22W, 2700K Dimm\u0113jama<\/p>\n<p>230VA\/110mA, 50\/60Hz 2000lm, CRI: 80<\/p>\n<p>ID: 21210<\/p>","protected":false},"excerpt":{"rendered":"<p>New Works ir d\u0101\u0146u dizaina studija, kas dibin\u0101ta Kopenh\u0101gen\u0101 2015. gad\u0101 un pied\u0101v\u0101 gan apgaismojuma risin\u0101jumus, gan ar\u012b m\u0113beles un interjera aksesu\u0101rus. Z\u012bmols sadarbojas ar starptautiskiem dizaineriem, radot skulptur\u0101las lampas ar izteiksm\u012bgu materi\u0101lu kvalit\u0101ti &#8211; marmoru, stiklu, tekstilu, koku un recikl\u0113t\u0101m virsm\u0101m, kas savienojas ar minim\u0101listisku, taust\u0101mu est\u0113tiku. Lampas ir funkcion\u0101las, siltas un organiskas. Produktu kl\u0101st\u0101 ir viss, s\u0101kot no galda un griestu lamp\u0101m l\u012bdz sienas un liela izm\u0113ra iekarin\u0101miem risin\u0101jumiem, radot harmonisku vidi, kur gaisma ir viens no telpas galvenajiem akcentiem.<\/p>","protected":false},"featured_media":36232,"template":"","meta":{"_acf_changed":false},"product_brand":[],"product_cat":[42,43,213],"product_tag":[224],"class_list":{"0":"post-36221","1":"product","2":"type-product","3":"status-publish","4":"has-post-thumbnail","6":"product_cat-apgaismojums","7":"product_cat-piekaramas-lampas","8":"product_cat-salona-pieejams","9":"product_tag-new-works","11":"first","12":"instock","13":"shipping-taxable","14":"purchasable","15":"product-type-simple"},"acf":[],"_links":{"self":[{"href":"https:\/\/lightup.lv\/ru\/wp-json\/wp\/v2\/product\/36221","targetHints":{"allow":["GET"]}}],"collection":[{"href":"https:\/\/lightup.lv\/ru\/wp-json\/wp\/v2\/product"}],"about":[{"href":"https:\/\/lightup.lv\/ru\/wp-json\/wp\/v2\/types\/product"}],"wp:featuredmedia":[{"embeddable":true,"href":"https:\/\/lightup.lv\/ru\/wp-json\/wp\/v2\/media\/36232"}],"wp:attachment":[{"href":"https:\/\/lightup.lv\/ru\/wp-json\/wp\/v2\/media?parent=36221"}],"wp:term":[{"taxonomy":"product_brand","embeddable":true,"href":"https:\/\/lightup.lv\/ru\/wp-json\/wp\/v2\/product_brand?post=36221"},{"taxonomy":"product_cat","embeddable":true,"href":"https:\/\/lightup.lv\/ru\/wp-json\/wp\/v2\/product_cat?post=36221"},{"taxonomy":"product_tag","embeddable":true,"href":"https:\/\/lightup.lv\/ru\/wp-json\/wp\/v2\/product_tag?post=36221"}],"curies":[{"name":"WP","href":"https:\/\/api.w.org\/{rel}","templated":true}]}}