{"id":36313,"date":"2025-07-25T13:40:25","date_gmt":"2025-07-25T11:40:25","guid":{"rendered":"https:\/\/lightup.lv\/?post_type=product&#038;p=36313"},"modified":"2025-09-17T11:03:28","modified_gmt":"2025-09-17T09:03:28","slug":"kresls-aole-tumsi-olivzals","status":"publish","type":"product","link":"https:\/\/lightup.lv\/ru\/%d0%ba%d0%b0%d1%82%d0%b0%d0%bb%d0%be%d0%b3-%d0%bf%d1%80%d0%be%d0%b4%d1%83%d0%ba%d1%86%d0%b8%d0%b8\/kresls-aole-tumsi-olivzals\/","title":{"rendered":"\u0421\u0442\u0443\u043b AOLE \u043e\u043b\u0438\u0432\u043a\u043e\u0432\u043e-\u0437\u0435\u043b\u0435\u043d\u044b\u0439"},"content":{"rendered":"<p>Kr\u0113sla augstums: 86.5 cm<br \/>\n\u0428\u0438\u0440\u0438\u043d\u0430 \u0441\u0442\u0443\u043b\u0430: 57 \u0441\u043c<br \/>\nKr\u0113sla dzi\u013cums: 60.5 cm<br \/>\n\u0412\u044b\u0441\u043e\u0442\u0430 \u0441\u0438\u0434\u0435\u043d\u044c\u044f: 49,5 \u0441\u043c<br \/>\nKr\u0101sa: Ol\u012bvza\u013ca<br \/>\n\u041c\u0430\u0442\u0435\u0440\u0438\u0430\u043b: \u0422\u043a\u0430\u043d\u044c<br \/>\n\u0412\u043e\u0437\u043c\u043e\u0436\u043d\u043e\u0441\u0442\u044c \u0448\u0442\u0430\u0431\u0435\u043b\u0438\u0440\u043e\u0432\u0430\u043d\u0438\u044f: \u043d\u0435\u0442<\/p>\n<p>ID 100107103<\/p>","protected":false},"excerpt":{"rendered":"<p>AOLE apvieno skandin\u0101vu dizaina principus ar starptautisku pieeju. T\u0101 skulptur\u0101l\u0101 forma ir eleganti polster\u0113ta no aug\u0161as l\u012bdz apak\u0161ai, radot izsmalcin\u0101tu vizu\u0101lo t\u0113lu un augstu komforta l\u012bmeni.<\/p>","protected":false},"featured_media":36314,"template":"","meta":{"_acf_changed":false},"product_brand":[],"product_cat":[28,119,38,213],"product_tag":[37],"class_list":{"0":"post-36313","1":"product","2":"type-product","3":"status-publish","4":"has-post-thumbnail","6":"product_cat-kresli","7":"product_cat-atputas-kresli-kresli","8":"product_cat-kresli-pie-galda","9":"product_cat-salona-pieejams","10":"product_tag-dan-form","12":"first","13":"instock","14":"shipping-taxable","15":"purchasable","16":"product-type-simple"},"acf":[],"_links":{"self":[{"href":"https:\/\/lightup.lv\/ru\/wp-json\/wp\/v2\/product\/36313","targetHints":{"allow":["GET"]}}],"collection":[{"href":"https:\/\/lightup.lv\/ru\/wp-json\/wp\/v2\/product"}],"about":[{"href":"https:\/\/lightup.lv\/ru\/wp-json\/wp\/v2\/types\/product"}],"wp:featuredmedia":[{"embeddable":true,"href":"https:\/\/lightup.lv\/ru\/wp-json\/wp\/v2\/media\/36314"}],"wp:attachment":[{"href":"https:\/\/lightup.lv\/ru\/wp-json\/wp\/v2\/media?parent=36313"}],"wp:term":[{"taxonomy":"product_brand","embeddable":true,"href":"https:\/\/lightup.lv\/ru\/wp-json\/wp\/v2\/product_brand?post=36313"},{"taxonomy":"product_cat","embeddable":true,"href":"https:\/\/lightup.lv\/ru\/wp-json\/wp\/v2\/product_cat?post=36313"},{"taxonomy":"product_tag","embeddable":true,"href":"https:\/\/lightup.lv\/ru\/wp-json\/wp\/v2\/product_tag?post=36313"}],"curies":[{"name":"wp","href":"https:\/\/api.w.org\/{rel}","templated":true}]}}