{"id":36410,"date":"2025-07-25T15:12:33","date_gmt":"2025-07-25T13:12:33","guid":{"rendered":"https:\/\/lightup.lv\/?post_type=product&#038;p=36410"},"modified":"2025-09-17T10:54:20","modified_gmt":"2025-09-17T08:54:20","slug":"atputas-kresls-duct-bruns","status":"publish","type":"product","link":"https:\/\/lightup.lv\/ru\/%d0%ba%d0%b0%d1%82%d0%b0%d0%bb%d0%be%d0%b3-%d0%bf%d1%80%d0%be%d0%b4%d1%83%d0%ba%d1%86%d0%b8%d0%b8\/atputas-kresls-duct-bruns\/","title":{"rendered":"Atp\u016btas kr\u0113sls DUCT br\u016bns"},"content":{"rendered":"<p>Kr\u0113sla augstums: 81.5 cm<br \/>\nKr\u0113sla platums: 60.5 cm<br \/>\nKr\u0113sla dzi\u013cums: 56.5 cm<br \/>\n\u0412\u044b\u0441\u043e\u0442\u0430 \u0441\u0438\u0434\u0435\u043d\u044c\u044f: 49,5 \u0441\u043c<br \/>\n\u0426\u0432\u0435\u0442: \u043a\u043e\u0440\u0438\u0447\u043d\u0435\u0432\u044b\u0439<br \/>\n\u041c\u0430\u0442\u0435\u0440\u0438\u0430\u043b: \u0422\u043a\u0430\u043d\u044c<br \/>\n\u0412\u043e\u0437\u043c\u043e\u0436\u043d\u043e\u0441\u0442\u044c \u0448\u0442\u0430\u0431\u0435\u043b\u0438\u0440\u043e\u0432\u0430\u043d\u0438\u044f: \u043d\u0435\u0442<\/p>\n<p>ID 100920940<\/p>","protected":false},"excerpt":{"rendered":"<p>Skulptur\u0101ls un \u0113rts \u2013 DUCT atp\u016btas kr\u0113sls apvieno klasisku eleganci ar m\u016bsdien\u012bgu funkcionalit\u0101ti. T\u0101 dizainu izce\u013c paral\u0113li un cie\u0161i novietot\u0101s aizmugur\u0113j\u0101s k\u0101jas, kas pie\u0161\u0137ir arhitektonisku raksturu. Polster\u0113t\u0101 s\u0113d\u012bte un atzveltne, kas p\u0101riet roku balstos, nodro\u0161ina izcilu s\u0113d\u0113\u0161anas komfortu. DUCT kolekcij\u0101 ietilpst gan kr\u0113sli, gan atp\u016btas kr\u0113sli.<\/p>","protected":false},"featured_media":36411,"template":"","meta":{"_acf_changed":false},"product_brand":[],"product_cat":[28,119,38],"product_tag":[37],"class_list":{"0":"post-36410","1":"product","2":"type-product","3":"status-publish","4":"has-post-thumbnail","6":"product_cat-kresli","7":"product_cat-atputas-kresli-kresli","8":"product_cat-kresli-pie-galda","9":"product_tag-dan-form","11":"first","12":"instock","13":"shipping-taxable","14":"purchasable","15":"product-type-simple"},"acf":[],"_links":{"self":[{"href":"https:\/\/lightup.lv\/ru\/wp-json\/wp\/v2\/product\/36410","targetHints":{"allow":["GET"]}}],"collection":[{"href":"https:\/\/lightup.lv\/ru\/wp-json\/wp\/v2\/product"}],"about":[{"href":"https:\/\/lightup.lv\/ru\/wp-json\/wp\/v2\/types\/product"}],"wp:featuredmedia":[{"embeddable":true,"href":"https:\/\/lightup.lv\/ru\/wp-json\/wp\/v2\/media\/36411"}],"wp:attachment":[{"href":"https:\/\/lightup.lv\/ru\/wp-json\/wp\/v2\/media?parent=36410"}],"wp:term":[{"taxonomy":"product_brand","embeddable":true,"href":"https:\/\/lightup.lv\/ru\/wp-json\/wp\/v2\/product_brand?post=36410"},{"taxonomy":"product_cat","embeddable":true,"href":"https:\/\/lightup.lv\/ru\/wp-json\/wp\/v2\/product_cat?post=36410"},{"taxonomy":"product_tag","embeddable":true,"href":"https:\/\/lightup.lv\/ru\/wp-json\/wp\/v2\/product_tag?post=36410"}],"curies":[{"name":"wp","href":"https:\/\/api.w.org\/{rel}","templated":true}]}}