{"id":3654,"date":"2020-05-02T13:30:56","date_gmt":"2020-05-02T13:30:56","guid":{"rendered":"https:\/\/lightup.lv\/product\/brionia-gridas-lampa\/"},"modified":"2024-01-15T12:20:38","modified_gmt":"2024-01-15T12:20:38","slug":"brionia-gridas-lampa","status":"publish","type":"product","link":"https:\/\/lightup.lv\/ru\/precu-katalogs\/brionia-gridas-lampa\/","title":{"rendered":"\u041d\u0430\u043f\u043e\u043b\u044c\u043d\u0430\u044f \u043b\u0430\u043c\u043f\u0430 Brionia"},"content":{"rendered":"<p>E14 1 x 40 \u0412\u0442 \u043c\u0430\u043a\u0441.<br \/>\n\u0414\u043b\u0438\u043d\u0430: 38 \u0441\u043c<br \/>\nPlatums: 38.4 cm<br \/>\n\u0420\u043e\u0441\u0442: \u043c\u0438\u043d. 165 \u0441\u043c.<br \/>\nKr\u0101sa: b\u0113\u0161a, balta<br \/>\n\u041c\u0430\u0442\u0435\u0440\u0438\u0430\u043b: \u043c\u0435\u0442\u0430\u043b\u043b, \u043e\u0440\u0433\u0430\u043d\u0437\u0430<\/p>\n<p> ID ARM172-11-G<\/p>","protected":false},"excerpt":{"rendered":"<p>Maytoni \u2014 \u043c\u043e\u043b\u043e\u0434\u0430\u044f, \u0434\u0438\u043d\u0430\u043c\u0438\u0447\u043d\u043e \u0440\u0430\u0437\u0432\u0438\u0432\u0430\u044e\u0449\u0430\u044f\u0441\u044f \u043d\u0435\u043c\u0435\u0446\u043a\u0430\u044f \u043a\u043e\u043c\u043f\u0430\u043d\u0438\u044f, \u0438\u0437\u0432\u0435\u0441\u0442\u043d\u0430\u044f \u0432 32 \u0441\u0442\u0440\u0430\u043d\u0430\u0445 \u0441 2009 \u0433\u043e\u0434\u0430. \u041c\u0438\u0441\u0441\u0438\u044f Maytoni \u2014 \u043f\u0440\u043e\u0438\u0437\u0432\u043e\u0434\u0438\u0442\u044c \u043e\u0441\u0432\u0435\u0442\u0438\u0442\u0435\u043b\u044c\u043d\u044b\u0435 \u043f\u0440\u0438\u0431\u043e\u0440\u044b, \u0441\u043e\u0447\u0435\u0442\u0430\u044e\u0449\u0438\u0435 \u0432 \u0441\u0435\u0431\u0435 \u0440\u0430\u0437\u043b\u0438\u0447\u043d\u044b\u0435 \u0441\u0442\u0438\u043b\u0438, \u0443\u043d\u0438\u043a\u0430\u043b\u044c\u043d\u044b\u0439 \u0434\u0438\u0437\u0430\u0439\u043d, \u0438\u0434\u0435\u0430\u043b\u044c\u043d\u044b\u0435 \u043f\u0440\u043e\u043f\u043e\u0440\u0446\u0438\u0438 \u0438 \u0430\u043a\u0442\u0443\u0430\u043b\u044c\u043d\u044b\u0435 \u0444\u0443\u043d\u043a\u0446\u0438\u043e\u043d\u0430\u043b\u044c\u043d\u044b\u0435 \u0440\u0435\u0448\u0435\u043d\u0438\u044f. Maytoni \u043f\u0440\u0435\u0434\u043b\u0430\u0433\u0430\u0435\u0442 \u043a\u0430\u043a \u0432\u043d\u0443\u0442\u0440\u0435\u043d\u043d\u0435\u0435, \u0442\u0430\u043a \u0438 \u043d\u0430\u0440\u0443\u0436\u043d\u043e\u0435, \u0434\u0435\u043a\u043e\u0440\u0430\u0442\u0438\u0432\u043d\u043e\u0435 \u0438 \u0442\u0435\u0445\u043d\u0438\u0447\u0435\u0441\u043a\u043e\u0435 \u043e\u0441\u0432\u0435\u0449\u0435\u043d\u0438\u0435, \u043a\u043e\u0442\u043e\u0440\u043e\u0435 \u0441 \u0431\u043b\u0435\u0441\u043a\u043e\u043c \u0441\u043e\u0437\u0434\u0430\u0451\u0442 \u0438\u0437\u044b\u0441\u043a\u0430\u043d\u043d\u044b\u0435 \u0434\u0438\u0437\u0430\u0439\u043d\u0435\u0440\u0441\u043a\u0438\u0435 \u0440\u0435\u0448\u0435\u043d\u0438\u044f \u0438 \u044f\u0440\u043a\u0443\u044e \u0430\u0442\u043c\u043e\u0441\u0444\u0435\u0440\u0443. LightUp \u043d\u0430\u043f\u0440\u044f\u043c\u0443\u044e \u0441\u043e\u0442\u0440\u0443\u0434\u043d\u0438\u0447\u0430\u0435\u0442 \u0441 Maytoni \u0438 \u043f\u043e\u0441\u0442\u0430\u0432\u0438\u0442 \u0432\u0430\u043c \u0438\u043d\u0442\u0435\u0440\u0435\u0441\u0443\u044e\u0449\u0443\u044e \u0432\u0430\u0441 \u043f\u0440\u043e\u0434\u0443\u043a\u0446\u0438\u044e Maytoni.<\/p>","protected":false},"featured_media":3655,"template":"","meta":{"_acf_changed":false},"product_brand":[],"product_cat":[42,61],"product_tag":[82],"class_list":{"0":"post-3654","1":"product","2":"type-product","3":"status-publish","4":"has-post-thumbnail","6":"product_cat-apgaismojums","7":"product_cat-stavlampas","8":"product_tag-maytoni","10":"first","11":"instock","12":"shipping-taxable","13":"purchasable","14":"product-type-simple"},"acf":[],"_links":{"self":[{"href":"https:\/\/lightup.lv\/ru\/wp-json\/wp\/v2\/product\/3654","targetHints":{"allow":["GET"]}}],"collection":[{"href":"https:\/\/lightup.lv\/ru\/wp-json\/wp\/v2\/product"}],"about":[{"href":"https:\/\/lightup.lv\/ru\/wp-json\/wp\/v2\/types\/product"}],"wp:featuredmedia":[{"embeddable":true,"href":"https:\/\/lightup.lv\/ru\/wp-json\/wp\/v2\/media\/3655"}],"wp:attachment":[{"href":"https:\/\/lightup.lv\/ru\/wp-json\/wp\/v2\/media?parent=3654"}],"wp:term":[{"taxonomy":"product_brand","embeddable":true,"href":"https:\/\/lightup.lv\/ru\/wp-json\/wp\/v2\/product_brand?post=3654"},{"taxonomy":"product_cat","embeddable":true,"href":"https:\/\/lightup.lv\/ru\/wp-json\/wp\/v2\/product_cat?post=3654"},{"taxonomy":"product_tag","embeddable":true,"href":"https:\/\/lightup.lv\/ru\/wp-json\/wp\/v2\/product_tag?post=3654"}],"curies":[{"name":"WP","href":"https:\/\/api.w.org\/{rel}","templated":true}]}}