{"id":36696,"date":"2025-08-18T12:10:52","date_gmt":"2025-08-18T10:10:52","guid":{"rendered":"https:\/\/lightup.lv\/?post_type=product&#038;p=36696"},"modified":"2025-08-18T14:17:01","modified_gmt":"2025-08-18T12:17:01","slug":"baltic-2-classic","status":"publish","type":"product","link":"https:\/\/lightup.lv\/ru\/precu-katalogs\/baltic-2-classic\/","title":{"rendered":"\u0421\u0442\u0443\u043b \u0411\u0430\u043b\u0442\u0438\u043a\u0430 2 \u041a\u043b\u0430\u0441\u0441\u0438\u043a"},"content":{"rendered":"<p>Kr\u0113sla augstums: 78 cm<br \/>\n\u0428\u0438\u0440\u0438\u043d\u0430 \u0441\u0442\u0443\u043b\u0430: 54 \u0441\u043c<br \/>\n\u0413\u043b\u0443\u0431\u0438\u043d\u0430 \u0441\u0442\u0443\u043b\u0430: 54 \u0441\u043c<br \/>\nSakraujams viens uz otra: J\u0101<br \/>\nKr\u0101sa: Pieejamas kr\u0101su vari\u0101cijas<\/p>\n<p>Pieejami mater\u0101lu varianti.<\/p>\n<p>ID BLK4P28<\/p>","protected":false},"excerpt":{"rendered":"<p>Baltic 2 Classic kr\u0113sls apvieno iztur\u012bbu un komfortu. Polster\u0113tais s\u0113deklis nodro\u0161ina \u0113rtu s\u0113d\u0113\u0161anu pat ilgsto\u0161i, savuk\u0101rt \u012bpa\u0161i izstr\u0101d\u0101t\u0101 konstrukcija \u013cauj kr\u0113slus \u0113rti sakraut vienu uz otra, atvieglojot uzglab\u0101\u0161anu. Viegl\u0101 met\u0101la stiep\u013cu konstrukcija padara kr\u0113slu vienk\u0101r\u0161i p\u0101rvietojamu, un tas ir izgatavots no viegli p\u0101rstr\u0101d\u0101jamiem materi\u0101liem, mazinot ietekmi uz vidi. Pateicoties funkcionalit\u0101tei un praktiskajam dizainam, Baltic 2 Classic ir ide\u0101li piem\u0113rots telp\u0101m, kas bie\u017ei tiek p\u0101rk\u0101rtotas \u2013 konferenc\u0113m, birojiem, m\u0101c\u012bbu iest\u0101d\u0113m un restor\u0101niem.<\/p>","protected":false},"featured_media":36697,"template":"","meta":{"_acf_changed":false},"product_brand":[],"product_cat":[101],"product_tag":[226],"class_list":{"0":"post-36696","1":"product","2":"type-product","3":"status-publish","4":"has-post-thumbnail","6":"product_cat-biroja-mebeles","7":"product_tag-mdd","9":"first","10":"instock","11":"shipping-taxable","12":"purchasable","13":"product-type-simple"},"acf":[],"_links":{"self":[{"href":"https:\/\/lightup.lv\/ru\/wp-json\/wp\/v2\/product\/36696","targetHints":{"allow":["GET"]}}],"collection":[{"href":"https:\/\/lightup.lv\/ru\/wp-json\/wp\/v2\/product"}],"about":[{"href":"https:\/\/lightup.lv\/ru\/wp-json\/wp\/v2\/types\/product"}],"wp:featuredmedia":[{"embeddable":true,"href":"https:\/\/lightup.lv\/ru\/wp-json\/wp\/v2\/media\/36697"}],"wp:attachment":[{"href":"https:\/\/lightup.lv\/ru\/wp-json\/wp\/v2\/media?parent=36696"}],"wp:term":[{"taxonomy":"product_brand","embeddable":true,"href":"https:\/\/lightup.lv\/ru\/wp-json\/wp\/v2\/product_brand?post=36696"},{"taxonomy":"product_cat","embeddable":true,"href":"https:\/\/lightup.lv\/ru\/wp-json\/wp\/v2\/product_cat?post=36696"},{"taxonomy":"product_tag","embeddable":true,"href":"https:\/\/lightup.lv\/ru\/wp-json\/wp\/v2\/product_tag?post=36696"}],"curies":[{"name":"WP","href":"https:\/\/api.w.org\/{rel}","templated":true}]}}