{"id":36876,"date":"2025-09-09T12:29:09","date_gmt":"2025-09-09T10:29:09","guid":{"rendered":"https:\/\/lightup.lv\/?post_type=product&#038;p=36876"},"modified":"2025-09-09T13:08:31","modified_gmt":"2025-09-09T11:08:31","slug":"darba-galds-ogi-drive","status":"publish","type":"product","link":"https:\/\/lightup.lv\/ru\/%d0%ba%d0%b0%d1%82%d0%b0%d0%bb%d0%be%d0%b3-%d0%bf%d1%80%d0%be%d0%b4%d1%83%d0%ba%d1%86%d0%b8%d0%b8\/darba-galds-ogi-drive\/","title":{"rendered":"\u0420\u0430\u0431\u043e\u0447\u0438\u0439 \u0441\u0442\u043e\u043b Ogi Drive, \u0441 \u044d\u043b\u0435\u043a\u0442\u0440\u0438\u0447\u0435\u0441\u043a\u043e\u0439 \u0440\u0435\u0433\u0443\u043b\u0438\u0440\u043e\u0432\u043a\u043e\u0439 \u0432\u044b\u0441\u043e\u0442\u044b"},"content":{"rendered":"<p>Galds ar elektrisko augstuma regul\u0113\u0161anu.<\/p>\n<p>Galda augstums: 720\u2212 1190 mm<br \/>\nGalda platums: 1200 mm<br \/>\nGalda dzi\u013cums: 700 mm<br \/>\n\u0426\u0432\u0435\u0442: \u0447\u0435\u0440\u043d\u044b\u0439, \u043a\u043e\u0440\u0438\u0447\u043d\u0435\u0432\u044b\u0439<\/p>\n<p>! \u0414\u043e\u0441\u0442\u0443\u043f\u043d\u044b \u0432 \u0440\u0430\u0437\u043b\u0438\u0447\u043d\u044b\u0445 \u043c\u0430\u0442\u0435\u0440\u0438\u0430\u043b\u0430\u0445, \u0446\u0432\u0435\u0442\u0430\u0445 \u0438 \u0440\u0430\u0437\u043c\u0435\u0440\u0430\u0445.<\/p>\n<p>ID BODS527<\/p>","protected":false},"excerpt":{"rendered":"<p data-start=\"67\" data-end=\"368\">Ogi Drive galds ir ergonomiska darba vieta, kas piel\u0101gojas da\u017e\u0101du cilv\u0113ku vajadz\u012bb\u0101m. Tam ir elektrisk\u0101 augstuma regul\u0113\u0161anas sist\u0113ma, kas \u013cauj viegli piel\u0101got galdu katram lietot\u0101jam un darba veidam. Str\u0101d\u0101t var gan s\u0113dus, gan st\u0101vus, atslogojot muguru, turpinot savus darbus.<\/p>\n<p data-start=\"370\" data-end=\"600\">Vienu darba vietu var \u0113rti izmantot vair\u0101ki cilv\u0113ki.<br data-start=\"422\" data-end=\"425\" \/>Pateicoties vienk\u0101r\u0161ajam un univers\u0101lajam dizainam, Ogi Drive galds iederas da\u017e\u0101dos birojos \u2013 gan ar past\u0101v\u012bg\u0101m darba viet\u0101m, gan kopstr\u0101des telp\u0101s, gan \u201chot-desk\u201d sist\u0113m\u0101s.<\/p>","protected":false},"featured_media":36877,"template":"","meta":{"_acf_changed":false},"product_brand":[],"product_cat":[22,165,101,103],"product_tag":[226],"class_list":{"0":"post-36876","1":"product","2":"type-product","3":"status-publish","4":"has-post-thumbnail","6":"product_cat-galdi","7":"product_cat-biroja-galdi","8":"product_cat-biroja-mebeles","9":"product_cat-darba-galdi","10":"product_tag-mdd","12":"first","13":"instock","14":"shipping-taxable","15":"purchasable","16":"product-type-simple"},"acf":[],"_links":{"self":[{"href":"https:\/\/lightup.lv\/ru\/wp-json\/wp\/v2\/product\/36876","targetHints":{"allow":["GET"]}}],"collection":[{"href":"https:\/\/lightup.lv\/ru\/wp-json\/wp\/v2\/product"}],"about":[{"href":"https:\/\/lightup.lv\/ru\/wp-json\/wp\/v2\/types\/product"}],"wp:featuredmedia":[{"embeddable":true,"href":"https:\/\/lightup.lv\/ru\/wp-json\/wp\/v2\/media\/36877"}],"wp:attachment":[{"href":"https:\/\/lightup.lv\/ru\/wp-json\/wp\/v2\/media?parent=36876"}],"wp:term":[{"taxonomy":"product_brand","embeddable":true,"href":"https:\/\/lightup.lv\/ru\/wp-json\/wp\/v2\/product_brand?post=36876"},{"taxonomy":"product_cat","embeddable":true,"href":"https:\/\/lightup.lv\/ru\/wp-json\/wp\/v2\/product_cat?post=36876"},{"taxonomy":"product_tag","embeddable":true,"href":"https:\/\/lightup.lv\/ru\/wp-json\/wp\/v2\/product_tag?post=36876"}],"curies":[{"name":"wp","href":"https:\/\/api.w.org\/{rel}","templated":true}]}}