{"id":36933,"date":"2025-09-13T12:33:23","date_gmt":"2025-09-13T10:33:23","guid":{"rendered":"https:\/\/lightup.lv\/?post_type=product&#038;p=36933"},"modified":"2025-09-13T13:18:08","modified_gmt":"2025-09-13T11:18:08","slug":"kresls-paisley","status":"publish","type":"product","link":"https:\/\/lightup.lv\/ru\/precu-katalogs\/kresls-paisley\/","title":{"rendered":"\u0421\u0442\u0443\u043b \u041f\u0435\u0439\u0441\u043b\u0438"},"content":{"rendered":"<p>Kr\u0113sla garums: 49 cm<\/p>\n<p>\u0428\u0438\u0440\u0438\u043d\u0430 \u0441\u0442\u0443\u043b\u0430: 53 \u0441\u043c<\/p>\n<p>\u0412\u044b\u0441\u043e\u0442\u0430 \u0441\u0442\u0443\u043b\u0430: 82 \u0441\u043c.<\/p>\n<p>Kr\u0113sla s\u0113d\u012btes augstums: 49 cm<\/p>\n<p>R\u0101mis un k\u0101jas no pulverkr\u0101sota met\u0101la. S\u0113dvieta un atzveltne no sapl\u0101k\u0161\u0146a, polietera putu un auduma polster\u0113jums.<\/p>\n<p>Materi\u0101ls: 100% p\u0101rstr\u0101d\u0101tas PET pudeles (RPET), met\u0101ls<\/p>\n<p>! \u041f\u0440\u043e\u0434\u0430\u0435\u0442\u0441\u044f \u0442\u043e\u043b\u044c\u043a\u043e \u043a\u043e\u043c\u043f\u043b\u0435\u043a\u0442\u043e\u043c \u043f\u043e 2 \u0448\u0442\u0443\u043a\u0438.<\/p>\n<p>ID: 120698<\/p>","protected":false},"excerpt":{"rendered":"<p>Paisley kr\u0113sls ir FSC sertific\u0113ts, un tam ir iztur\u012bgs pel\u0113kbr\u016bnas kr\u0101sas audums, kas izgatavots no p\u0101rstr\u0101d\u0101t\u0101m PET pudel\u0113m (RPET). Noapa\u013cot\u0101 atzveltne padara kr\u0113slu \u013coti \u0113rtu. Modern\u0101s apa\u013c\u0101s k\u0101jas no melni lakota met\u0101la pie\u0161\u0137ir kr\u0113slam unik\u0101lu raksturu, kas perfekti kontrast\u0113 ar liel\u0101ko da\u013cu \u0113damgaldu. Pieejams ar\u012b gai\u0161i b\u0113\u0161\u0101 kr\u0101s\u0101. P\u0101rdodas tikai 2 vien\u012bbu komplekt\u0101.<\/p>","protected":false},"featured_media":36960,"template":"","meta":{"_acf_changed":false},"product_brand":[],"product_cat":[28,38],"product_tag":[218],"class_list":{"0":"post-36933","1":"product","2":"type-product","3":"status-publish","4":"has-post-thumbnail","6":"product_cat-kresli","7":"product_cat-kresli-pie-galda","8":"product_tag-rowico","10":"first","11":"instock","12":"shipping-taxable","13":"purchasable","14":"product-type-simple"},"acf":[],"_links":{"self":[{"href":"https:\/\/lightup.lv\/ru\/wp-json\/wp\/v2\/product\/36933","targetHints":{"allow":["GET"]}}],"collection":[{"href":"https:\/\/lightup.lv\/ru\/wp-json\/wp\/v2\/product"}],"about":[{"href":"https:\/\/lightup.lv\/ru\/wp-json\/wp\/v2\/types\/product"}],"wp:featuredmedia":[{"embeddable":true,"href":"https:\/\/lightup.lv\/ru\/wp-json\/wp\/v2\/media\/36960"}],"wp:attachment":[{"href":"https:\/\/lightup.lv\/ru\/wp-json\/wp\/v2\/media?parent=36933"}],"wp:term":[{"taxonomy":"product_brand","embeddable":true,"href":"https:\/\/lightup.lv\/ru\/wp-json\/wp\/v2\/product_brand?post=36933"},{"taxonomy":"product_cat","embeddable":true,"href":"https:\/\/lightup.lv\/ru\/wp-json\/wp\/v2\/product_cat?post=36933"},{"taxonomy":"product_tag","embeddable":true,"href":"https:\/\/lightup.lv\/ru\/wp-json\/wp\/v2\/product_tag?post=36933"}],"curies":[{"name":"WP","href":"https:\/\/api.w.org\/{rel}","templated":true}]}}