{"id":36946,"date":"2025-09-13T13:02:36","date_gmt":"2025-09-13T11:02:36","guid":{"rendered":"https:\/\/lightup.lv\/?post_type=product&#038;p=36946"},"modified":"2025-09-13T13:16:50","modified_gmt":"2025-09-13T11:16:50","slug":"kresls-alison-melns","status":"publish","type":"product","link":"https:\/\/lightup.lv\/ru\/precu-katalogs\/kresls-alison-melns\/","title":{"rendered":"\u0421\u0442\u0443\u043b \u042d\u043b\u0438\u0441\u043e\u043d, \u0447\u0435\u0440\u043d\u044b\u0439"},"content":{"rendered":"<p>Kr\u0113sla garums: 51 cm<\/p>\n<p>Kr\u0113sla platums: 60 cm<\/p>\n<p>Kr\u0113sla augstums: 87 cm<\/p>\n<p>Kr\u0113sla s\u0113d\u012btes augstums: 47 cm<\/p>\n<article class=\"text-token-text-primary w-full focus:outline-none scroll-mt-[calc(var(--header-height)+min(200px,max(70px,20svh)))]\" dir=\"auto\" tabindex=\"-1\" data-turn-id=\"request-WEB:2a535211-2c5a-4d72-969f-58709989f807-5\" data-testid=\"conversation-turn-12\" data-scroll-anchor=\"true\" data-turn=\"assistant\">\n<div class=\"text-base my-auto mx-auto pb-10 [--thread-content-margin:--spacing(4)] thread-sm:[--thread-content-margin:--spacing(6)] thread-lg:[--thread-content-margin:--spacing(16)] px-(--thread-content-margin)\">\n<div class=\"[--thread-content-max-width:40rem] thread-sm:[--thread-content-max-width:40rem] thread-lg:[--thread-content-max-width:48rem] mx-auto max-w-(--thread-content-max-width) flex-1 group\/turn-messages focus-visible:outline-hidden relative flex w-full min-w-0 flex-col agent-turn\" tabindex=\"-1\">\n<div class=\"flex max-w-full flex-col grow\">\n<div class=\"min-h-8 text-message relative flex w-full flex-col items-end gap-2 text-start break-words whitespace-normal [.text-message+&amp;]:mt-5\" dir=\"auto\" data-message-author-role=\"assistant\" data-message-id=\"b58e8991-e9aa-41dc-b276-0a6ee18e54e7\" data-message-model-slug=\"gpt-5\">\n<div class=\"flex w-full flex-col gap-1 empty:hidden first:pt-[3px]\">\n<div class=\"markdown prose dark:prose-invert w-full break-words light markdown-new-styling\">\n<p data-start=\"0\" data-end=\"154\" data-is-last-node=\"\" data-is-only-node=\"\">S\u0113d\u012bte no sapl\u0101k\u0161\u0146a ar polietera putu polster\u0113jumu, p\u0101rkl\u0101ta ar dab\u012bgu \u0101du. K\u0101jas no met\u0101la ar pulverkr\u0101sotu p\u0101rkl\u0101jumu, apr\u012bkotas ar groz\u0101mo s\u0113d\u012btes meh\u0101nismu.<\/p>\n<\/div>\n<\/div>\n<\/div>\n<\/div>\n<\/div>\n<\/div>\n<\/article>\n<p>! P\u0101rdodas tikai 2 vien\u012bbu komplekt\u0101.<\/p>\n<p>ID: 113033<\/p>\n","protected":false},"excerpt":{"rendered":"<article class=\"text-token-text-primary w-full focus:outline-none scroll-mt-[calc(var(--header-height)+min(200px,max(70px,20svh)))]\" dir=\"auto\" tabindex=\"-1\" data-turn-id=\"request-WEB:2a535211-2c5a-4d72-969f-58709989f807-6\" data-testid=\"conversation-turn-14\" data-scroll-anchor=\"true\" data-turn=\"assistant\">\n<div class=\"text-base my-auto mx-auto pb-10 [--thread-content-margin:--spacing(4)] thread-sm:[--thread-content-margin:--spacing(6)] thread-lg:[--thread-content-margin:--spacing(16)] px-(--thread-content-margin)\">\n<div class=\"[--thread-content-max-width:40rem] thread-sm:[--thread-content-max-width:40rem] thread-lg:[--thread-content-max-width:48rem] mx-auto max-w-(--thread-content-max-width) flex-1 group\/turn-messages focus-visible:outline-hidden relative flex w-full min-w-0 flex-col agent-turn\" tabindex=\"-1\">\n<div class=\"flex max-w-full flex-col grow\">\n<div class=\"min-h-8 text-message relative flex w-full flex-col items-end gap-2 text-start break-words whitespace-normal [.text-message+&amp;]:mt-5\" dir=\"auto\" data-message-author-role=\"assistant\" data-message-id=\"4e695eba-b5fd-4d8d-959c-30f5e04b07de\" data-message-model-slug=\"gpt-5\">\n<div class=\"flex w-full flex-col gap-1 empty:hidden first:pt-[3px]\">\n<div class=\"markdown prose dark:prose-invert w-full break-words light markdown-new-styling\">\n<p data-start=\"0\" data-end=\"433\" data-is-last-node=\"\" data-is-only-node=\"\">Popul\u0101rais Alison kr\u0113sls ar met\u0101la pamatni un groz\u0101mo s\u0113d\u012btes funkciju \u0161eit redzams meln\u0101 \u0101das apdar\u0113 ar meln\u0101m met\u0101la k\u0101j\u0101m. Alison izce\u013cas ar polster\u0113tu, \u013coti \u0113rtu s\u0113dvietu liekt\u0101 dizain\u0101 un k\u0101j\u0101m ar 360 gr\u0101du groz\u0101mo meh\u0101nismu. Kr\u0113sls ir lieliski piem\u0113rots lieto\u0161anai pie \u0113damgalda, bet der ar\u012b k\u0101 papildkr\u0113sls pie rakst\u0101mgalda. Alison ir FSC\u00ae sertific\u0113ts, pieejams vair\u0101k\u0101s kr\u0101s\u0101s un ar\u012b ar koka pamatni. P\u0101rdodas tikai 2 vien\u012bbu komplekt\u0101.<\/p>\n<\/div>\n<\/div>\n<\/div>\n<\/div>\n<\/div>\n<\/div>\n<\/article>\n","protected":false},"featured_media":36959,"template":"","meta":{"_acf_changed":false},"product_brand":[],"product_cat":[28,38],"product_tag":[218],"class_list":{"0":"post-36946","1":"product","2":"type-product","3":"status-publish","4":"has-post-thumbnail","6":"product_cat-kresli","7":"product_cat-kresli-pie-galda","8":"product_tag-rowico","10":"first","11":"instock","12":"shipping-taxable","13":"purchasable","14":"product-type-simple"},"acf":[],"_links":{"self":[{"href":"https:\/\/lightup.lv\/ru\/wp-json\/wp\/v2\/product\/36946","targetHints":{"allow":["GET"]}}],"collection":[{"href":"https:\/\/lightup.lv\/ru\/wp-json\/wp\/v2\/product"}],"about":[{"href":"https:\/\/lightup.lv\/ru\/wp-json\/wp\/v2\/types\/product"}],"wp:featuredmedia":[{"embeddable":true,"href":"https:\/\/lightup.lv\/ru\/wp-json\/wp\/v2\/media\/36959"}],"wp:attachment":[{"href":"https:\/\/lightup.lv\/ru\/wp-json\/wp\/v2\/media?parent=36946"}],"wp:term":[{"taxonomy":"product_brand","embeddable":true,"href":"https:\/\/lightup.lv\/ru\/wp-json\/wp\/v2\/product_brand?post=36946"},{"taxonomy":"product_cat","embeddable":true,"href":"https:\/\/lightup.lv\/ru\/wp-json\/wp\/v2\/product_cat?post=36946"},{"taxonomy":"product_tag","embeddable":true,"href":"https:\/\/lightup.lv\/ru\/wp-json\/wp\/v2\/product_tag?post=36946"}],"curies":[{"name":"WP","href":"https:\/\/api.w.org\/{rel}","templated":true}]}}