{"id":37102,"date":"2025-10-03T16:22:10","date_gmt":"2025-10-03T14:22:10","guid":{"rendered":"https:\/\/lightup.lv\/?post_type=product&#038;p=37102"},"modified":"2025-10-03T16:29:03","modified_gmt":"2025-10-03T14:29:03","slug":"micro-magnetisko-sliezu-grozama-lampa-line-18w-on-off","status":"publish","type":"product","link":"https:\/\/lightup.lv\/ru\/%d0%ba%d0%b0%d1%82%d0%b0%d0%bb%d0%be%d0%b3-%d0%bf%d1%80%d0%be%d0%b4%d1%83%d0%ba%d1%86%d0%b8%d0%b8\/micro-magnetisko-sliezu-grozama-lampa-line-18w-on-off\/","title":{"rendered":"MICRO magn\u0113tisko slie\u017eu groz\u0101ma lampa Line, 18W ON\/OFF"},"content":{"rendered":"<p>LED 18W, 3000K, 100\u00b0, 581lm<br \/>\nG: 345 mm<br \/>\nP: 22 mm<br \/>\nH: 33 mm<br \/>\n\u0426\u0432\u0435\u0442: \u0447\u0435\u0440\u043d\u044b\u0439<br \/>\n\u0412\u041a\u041b\/\u0412\u042b\u041a\u041b<br \/>\n! Pieejama ar\u012b ZIGBEE versija \u2013 iesp\u0113jams dimm\u0113t un regul\u0113t gaismas temperat\u016bru<\/p>\n<p>ID N0007N<\/p>","protected":false},"excerpt":{"rendered":"<p>Maxlight \u2014 \u043a\u043e\u043c\u043f\u0430\u043d\u0438\u044f \u0441 \u0431\u043e\u043b\u0435\u0435 \u0447\u0435\u043c \u0434\u0435\u0441\u044f\u0442\u0438\u043b\u0435\u0442\u043d\u0438\u043c \u043e\u043f\u044b\u0442\u043e\u043c \u0440\u0430\u0431\u043e\u0442\u044b \u0432 \u0441\u0444\u0435\u0440\u0435 \u043f\u043e\u0441\u0442\u0430\u0432\u043e\u043a \u043e\u0441\u0432\u0435\u0442\u0438\u0442\u0435\u043b\u044c\u043d\u044b\u0445 \u043f\u0440\u0438\u0431\u043e\u0440\u043e\u0432, \u043a\u043e\u0442\u043e\u0440\u044b\u0435 \u0443\u0434\u0438\u0432\u043b\u044f\u044e\u0442 \u0438 \u0432\u0434\u043e\u0445\u043d\u043e\u0432\u043b\u044f\u044e\u0442 \u0441\u043c\u0435\u043b\u044b\u043c \u0434\u0438\u0437\u0430\u0439\u043d\u043e\u043c \u0438 \u0431\u0435\u0441\u043a\u043e\u043d\u0435\u0447\u043d\u044b\u043c\u0438 \u0432\u0430\u0440\u0438\u0430\u043d\u0442\u0430\u043c\u0438 \u043a\u043e\u043c\u043f\u043e\u043d\u043e\u0432\u043a\u0438, \u043f\u0440\u0435\u0434\u043b\u0430\u0433\u0430\u044f \u0441\u0432\u0435\u0442\u0438\u043b\u044c\u043d\u0438\u043a\u0438 \u0432 \u0440\u0430\u0437\u043b\u0438\u0447\u043d\u044b\u0445 \u0441\u0442\u0438\u043b\u044f\u0445, \u043a\u043e\u0442\u043e\u0440\u044b\u0435 \u0432\u043f\u0438\u0448\u0443\u0442\u0441\u044f \u0432 \u043b\u044e\u0431\u043e\u0439 \u0434\u0438\u0437\u0430\u0439\u043d.<\/p>","protected":false},"featured_media":37103,"template":"","meta":{"_acf_changed":false},"product_brand":[],"product_cat":[42,217],"product_tag":[44],"class_list":{"0":"post-37102","1":"product","2":"type-product","3":"status-publish","4":"has-post-thumbnail","6":"product_cat-apgaismojums","7":"product_cat-magnetiskas-sliezu-sistemas-on-off","8":"product_tag-maxlight","10":"first","11":"instock","12":"shipping-taxable","13":"purchasable","14":"product-type-simple"},"acf":[],"_links":{"self":[{"href":"https:\/\/lightup.lv\/ru\/wp-json\/wp\/v2\/product\/37102","targetHints":{"allow":["GET"]}}],"collection":[{"href":"https:\/\/lightup.lv\/ru\/wp-json\/wp\/v2\/product"}],"about":[{"href":"https:\/\/lightup.lv\/ru\/wp-json\/wp\/v2\/types\/product"}],"wp:featuredmedia":[{"embeddable":true,"href":"https:\/\/lightup.lv\/ru\/wp-json\/wp\/v2\/media\/37103"}],"wp:attachment":[{"href":"https:\/\/lightup.lv\/ru\/wp-json\/wp\/v2\/media?parent=37102"}],"wp:term":[{"taxonomy":"product_brand","embeddable":true,"href":"https:\/\/lightup.lv\/ru\/wp-json\/wp\/v2\/product_brand?post=37102"},{"taxonomy":"product_cat","embeddable":true,"href":"https:\/\/lightup.lv\/ru\/wp-json\/wp\/v2\/product_cat?post=37102"},{"taxonomy":"product_tag","embeddable":true,"href":"https:\/\/lightup.lv\/ru\/wp-json\/wp\/v2\/product_tag?post=37102"}],"curies":[{"name":"wp","href":"https:\/\/api.w.org\/{rel}","templated":true}]}}