{"id":37269,"date":"2026-01-26T17:17:58","date_gmt":"2026-01-26T15:17:58","guid":{"rendered":"https:\/\/lightup.lv\/?post_type=product&#038;p=37269"},"modified":"2026-01-26T17:18:00","modified_gmt":"2026-01-26T15:18:00","slug":"iebuvejama-lampa-focus-s-balta","status":"publish","type":"product","link":"https:\/\/lightup.lv\/ru\/%d0%ba%d0%b0%d1%82%d0%b0%d0%bb%d0%be%d0%b3-%d0%bf%d1%80%d0%be%d0%b4%d1%83%d0%ba%d1%86%d0%b8%d0%b8\/iebuvejama-lampa-focus-s-balta\/","title":{"rendered":"Ieb\u016bv\u0113jama lampa FOCUS S, balta"},"content":{"rendered":"<p class=\"page-header\">GU10 1x10W<br \/>\nIP20<br \/>\nIzm\u0113ri: \u00d8: 52, H: 123 mm<br \/>\n\u0426\u0432\u0435\u0442: \u0411\u0435\u043b\u044b\u0439<br \/>\nSpuldze komplekt\u0101: <strong>Nav iek\u013cauta<\/strong><\/p>\n<p>ID C048CL-U-1W<\/p>","protected":false},"excerpt":{"rendered":"<p>Maytoni ir dinamisks v\u0101cu uz\u0146\u0113mums, kas kop\u0161 2009. gada ir iecien\u012bts jau 32 valst\u012bs. Maytoni misija ir ra\u017eot apgaismojuma ier\u012bces ar da\u017e\u0101du stilu kombin\u0101ciju, unik\u0101lu dizainu, ide\u0101l\u0101m proporcij\u0101m un funkcion\u0101liem risin\u0101jumiem. Maytoni pied\u0101v\u0101 gan iek\u0161vides, gan \u0101rvides dekorat\u012bvu un tehnisku apgaismojumu, kas ar glanci veido gaum\u012bgus dizaina risin\u0101jumus un atmosf\u0113ru. LightUp tie\u0161\u0101 veid\u0101 sadarbojas ar Maytoni un pieg\u0101d\u0101s Jums interes\u0113jo\u0161\u0101s Maytoni preces.<\/p>","protected":false},"featured_media":37272,"template":"","meta":{"_acf_changed":false},"product_brand":[],"product_cat":[42,86,55,213],"product_tag":[82],"class_list":{"0":"post-37269","1":"product","2":"type-product","3":"status-publish","4":"has-post-thumbnail","6":"product_cat-apgaismojums","7":"product_cat-iebuvejamais-apgaismojums","8":"product_cat-prozektori","9":"product_cat-salona-pieejams","10":"product_tag-maytoni","12":"first","13":"instock","14":"shipping-taxable","15":"purchasable","16":"product-type-simple"},"acf":[],"_links":{"self":[{"href":"https:\/\/lightup.lv\/ru\/wp-json\/wp\/v2\/product\/37269","targetHints":{"allow":["GET"]}}],"collection":[{"href":"https:\/\/lightup.lv\/ru\/wp-json\/wp\/v2\/product"}],"about":[{"href":"https:\/\/lightup.lv\/ru\/wp-json\/wp\/v2\/types\/product"}],"wp:featuredmedia":[{"embeddable":true,"href":"https:\/\/lightup.lv\/ru\/wp-json\/wp\/v2\/media\/37272"}],"wp:attachment":[{"href":"https:\/\/lightup.lv\/ru\/wp-json\/wp\/v2\/media?parent=37269"}],"wp:term":[{"taxonomy":"product_brand","embeddable":true,"href":"https:\/\/lightup.lv\/ru\/wp-json\/wp\/v2\/product_brand?post=37269"},{"taxonomy":"product_cat","embeddable":true,"href":"https:\/\/lightup.lv\/ru\/wp-json\/wp\/v2\/product_cat?post=37269"},{"taxonomy":"product_tag","embeddable":true,"href":"https:\/\/lightup.lv\/ru\/wp-json\/wp\/v2\/product_tag?post=37269"}],"curies":[{"name":"wp","href":"https:\/\/api.w.org\/{rel}","templated":true}]}}