{"id":37292,"date":"2026-02-24T11:45:55","date_gmt":"2026-02-24T09:45:55","guid":{"rendered":"https:\/\/lightup.lv\/?post_type=product&#038;p=37292"},"modified":"2026-02-24T11:49:56","modified_gmt":"2026-02-24T09:49:56","slug":"iekarinama-lampa-carta-d60","status":"publish","type":"product","link":"https:\/\/lightup.lv\/ru\/%d0%ba%d0%b0%d1%82%d0%b0%d0%bb%d0%be%d0%b3-%d0%bf%d1%80%d0%be%d0%b4%d1%83%d0%ba%d1%86%d0%b8%d0%b8\/iekarinama-lampa-carta-d60\/","title":{"rendered":"Iekarin\u0101ma lampa Carta d60"},"content":{"rendered":"<p>E27 max 1 x 60W, IP20<br \/>\n\u00d8 600 x H min 850 \/ max 2600 mm<\/p>\n<p><span class=\"Y2IQFc\" lang=\"lv\">Mat\u0113ti balt\u0101 kr\u0101s\u0101 kr\u0101sots met\u0101la r\u0101mis.<br \/>\nPolikarbon\u0101ta difuzors ar pap\u012bra efekta p\u0101rkl\u0101jumu. Ar audumu p\u0101rkl\u0101ts str\u0101vas vads.<\/span><\/p>\n<p><em><strong>Spuldze nav iek\u013cauta komplekt\u0101!<\/strong><\/em><\/p>\n<p>ID 272139<\/p>","protected":false},"excerpt":{"rendered":"<p><strong>Ideal Lux<\/strong> ir it\u0101\u013cu apgaismojuma ra\u017eot\u0101js ar vair\u0101k nek\u0101 50 gadu pieredzi, kas apvieno it\u0101\u013cu dizainu, funkcionalit\u0101ti un labu cenu, padarot kvalitat\u012bvu apgaismojumu pieejamu pla\u0161am projektu lokam. Z\u012bmols pied\u0101v\u0101 \u013coti pla\u0161u stilu un produktu izv\u0113li &#8211; no klasikas l\u012bdz moderniem risin\u0101jumiem gan interjeram, gan \u0101rtelp\u0101m. Uz\u0146\u0113muma lampas tiek eksport\u0113tas uz vair\u0101k nek\u0101 70 valst\u012bm, apliecinot uzticam\u012bbu, kvalit\u0101ti un atbilst\u012bbu m\u016bsdienu dizaina tendenc\u0113m.<\/p>","protected":false},"featured_media":37293,"template":"","meta":{"_acf_changed":false},"product_brand":[],"product_cat":[42,43],"product_tag":[231],"class_list":{"0":"post-37292","1":"product","2":"type-product","3":"status-publish","4":"has-post-thumbnail","6":"product_cat-apgaismojums","7":"product_cat-piekaramas-lustras","8":"product_tag-ideal-lux","10":"first","11":"instock","12":"shipping-taxable","13":"purchasable","14":"product-type-simple"},"acf":[],"_links":{"self":[{"href":"https:\/\/lightup.lv\/ru\/wp-json\/wp\/v2\/product\/37292","targetHints":{"allow":["GET"]}}],"collection":[{"href":"https:\/\/lightup.lv\/ru\/wp-json\/wp\/v2\/product"}],"about":[{"href":"https:\/\/lightup.lv\/ru\/wp-json\/wp\/v2\/types\/product"}],"wp:featuredmedia":[{"embeddable":true,"href":"https:\/\/lightup.lv\/ru\/wp-json\/wp\/v2\/media\/37293"}],"wp:attachment":[{"href":"https:\/\/lightup.lv\/ru\/wp-json\/wp\/v2\/media?parent=37292"}],"wp:term":[{"taxonomy":"product_brand","embeddable":true,"href":"https:\/\/lightup.lv\/ru\/wp-json\/wp\/v2\/product_brand?post=37292"},{"taxonomy":"product_cat","embeddable":true,"href":"https:\/\/lightup.lv\/ru\/wp-json\/wp\/v2\/product_cat?post=37292"},{"taxonomy":"product_tag","embeddable":true,"href":"https:\/\/lightup.lv\/ru\/wp-json\/wp\/v2\/product_tag?post=37292"}],"curies":[{"name":"wp","href":"https:\/\/api.w.org\/{rel}","templated":true}]}}