{"id":37394,"date":"2026-03-13T14:33:03","date_gmt":"2026-03-13T12:33:03","guid":{"rendered":"https:\/\/lightup.lv\/?post_type=product&#038;p=37394"},"modified":"2026-03-13T14:43:18","modified_gmt":"2026-03-13T12:43:18","slug":"kresls-buckle-gaisi-peleks","status":"publish","type":"product","link":"https:\/\/lightup.lv\/ru\/%d0%ba%d0%b0%d1%82%d0%b0%d0%bb%d0%be%d0%b3-%d0%bf%d1%80%d0%be%d0%b4%d1%83%d0%ba%d1%86%d0%b8%d0%b8\/kresls-buckle-gaisi-peleks\/","title":{"rendered":"Kr\u0113sls BUCKLE, gai\u0161i pel\u0113ks"},"content":{"rendered":"<p>\u0412\u044b\u0441\u043e\u0442\u0430 \u0441\u0442\u0443\u043b\u0430: 82,5 \u0441\u043c.<br \/>\n\u0428\u0438\u0440\u0438\u043d\u0430 \u0441\u0442\u0443\u043b\u0430: 57 \u0441\u043c<br \/>\n\u0413\u043b\u0443\u0431\u0438\u043d\u0430 \u0441\u0442\u0443\u043b\u0430: 58,5 \u0441\u043c<br \/>\n\u0412\u044b\u0441\u043e\u0442\u0430 \u0441\u0438\u0434\u0435\u043d\u044c\u044f: 47,5 \u0441\u043c<br \/>\nKr\u0101sa: Gai\u0161i pel\u0113ka<br \/>\n\u041c\u0430\u0442\u0435\u0440\u0438\u0430\u043b: \u0411<span class=\"Y2IQFc\" lang=\"lv\">ukl\u0113 audums, ozola mas\u012bvkoks un finieris<\/span><br \/>\n<em><span class=\"Y2IQFc\" lang=\"lv\">(Pebble earth boucl\u00e9 fabric)<\/span><\/em><br \/>\n\u0412\u043e\u0437\u043c\u043e\u0436\u043d\u043e\u0441\u0442\u044c \u0448\u0442\u0430\u0431\u0435\u043b\u0438\u0440\u043e\u0432\u0430\u043d\u0438\u044f: \u043d\u0435\u0442<\/p>\n<p>ID 100300101<\/p>","protected":false},"excerpt":{"rendered":"<p>\u0424\u0443\u0442\u0443\u0440\u0438\u0441\u0442\u0438\u0447\u0435\u0441\u043a\u0438 \u044d\u043b\u0435\u0433\u0430\u043d\u0442\u043d\u044b\u0439 \u0441\u0442\u0443\u043b BUCKLE \u0441 \u0444\u043e\u0440\u043c\u043e\u0432\u0430\u043d\u043d\u043e\u0439 \u0434\u0435\u0440\u0435\u0432\u044f\u043d\u043d\u043e\u0439 \u0441\u043f\u0438\u043d\u043a\u043e\u0439 \u0441\u043e\u0437\u0434\u0430\u0451\u0442 \u043e\u0449\u0443\u0449\u0435\u043d\u0438\u0435 \u043b\u0451\u0433\u043a\u043e\u0441\u0442\u0438 \u0438 \u0432\u043e\u0437\u0434\u0443\u0448\u043d\u043e\u0441\u0442\u0438. \u041d\u043e\u0436\u043a\u0438 \u0438\u0437 \u043c\u0430\u0441\u0441\u0438\u0432\u0430 \u0434\u0435\u0440\u0435\u0432\u0430 \u0434\u043e\u043f\u043e\u043b\u043d\u044f\u044e\u0442 \u0438\u0437\u044b\u0441\u043a\u0430\u043d\u043d\u044b\u0439 \u0434\u0438\u0437\u0430\u0439\u043d, \u0434\u0435\u043b\u0430\u044f \u0435\u0433\u043e \u0432\u0438\u0437\u0443\u0430\u043b\u044c\u043d\u043e \u043f\u0440\u0438\u0432\u043b\u0435\u043a\u0430\u0442\u0435\u043b\u044c\u043d\u044b\u043c \u0438 \u043e\u0441\u043e\u0431\u0435\u043d\u043d\u044b\u043c.<\/p>","protected":false},"featured_media":37395,"template":"","meta":{"_acf_changed":false},"product_brand":[],"product_cat":[28,38],"product_tag":[37],"class_list":{"0":"post-37394","1":"product","2":"type-product","3":"status-publish","4":"has-post-thumbnail","6":"product_cat-kresli","7":"product_cat-kresli-pie-galda","8":"product_tag-dan-form","10":"first","11":"instock","12":"shipping-taxable","13":"purchasable","14":"product-type-simple"},"acf":[],"_links":{"self":[{"href":"https:\/\/lightup.lv\/ru\/wp-json\/wp\/v2\/product\/37394","targetHints":{"allow":["GET"]}}],"collection":[{"href":"https:\/\/lightup.lv\/ru\/wp-json\/wp\/v2\/product"}],"about":[{"href":"https:\/\/lightup.lv\/ru\/wp-json\/wp\/v2\/types\/product"}],"wp:featuredmedia":[{"embeddable":true,"href":"https:\/\/lightup.lv\/ru\/wp-json\/wp\/v2\/media\/37395"}],"wp:attachment":[{"href":"https:\/\/lightup.lv\/ru\/wp-json\/wp\/v2\/media?parent=37394"}],"wp:term":[{"taxonomy":"product_brand","embeddable":true,"href":"https:\/\/lightup.lv\/ru\/wp-json\/wp\/v2\/product_brand?post=37394"},{"taxonomy":"product_cat","embeddable":true,"href":"https:\/\/lightup.lv\/ru\/wp-json\/wp\/v2\/product_cat?post=37394"},{"taxonomy":"product_tag","embeddable":true,"href":"https:\/\/lightup.lv\/ru\/wp-json\/wp\/v2\/product_tag?post=37394"}],"curies":[{"name":"wp","href":"https:\/\/api.w.org\/{rel}","templated":true}]}}