{"id":4064,"date":"2020-05-07T07:24:36","date_gmt":"2020-05-07T07:24:36","guid":{"rendered":"https:\/\/lightup.lv\/product\/kresls-ar-roku-balstiem-sottenville-2\/"},"modified":"2024-01-29T11:10:22","modified_gmt":"2024-01-29T11:10:22","slug":"kresls-ar-roku-balstiem-sottenville-2","status":"publish","type":"product","link":"https:\/\/lightup.lv\/ru\/%d0%ba%d0%b0%d1%82%d0%b0%d0%bb%d0%be%d0%b3-%d0%bf%d1%80%d0%be%d0%b4%d1%83%d0%ba%d1%86%d0%b8%d0%b8\/kresls-ar-roku-balstiem-sottenville-2\/","title":{"rendered":"\u0421\u0442\u0443\u043b \u0441 \u043f\u043e\u0434\u043b\u043e\u043a\u043e\u0442\u043d\u0438\u043a\u0430\u043c\u0438 \u0421\u043e\u0442\u0442\u0435\u043d\u0432\u0438\u043b\u044c"},"content":{"rendered":"<p>Kr\u0101sa: balts\/pusnakts zils<br \/>\nGarums: 75 cm<br \/>\nPlatums: 77 cm<br \/>\nAugstums: 85 cm<br \/>\n\u0412\u044b\u0441\u043e\u0442\u0430 \u0441\u0438\u0434\u0435\u043d\u044c\u044f: 45 \u0441\u043c<br \/>\nKr\u0113sls ar roku balstiem Sottenville ar spilveniem.<\/p>\n<p>ID 4641-05-01<\/p>","protected":false},"excerpt":{"rendered":"<p>Klasisks dizains &#8211; iedvesmots no m\u016b\u017e\u012bg\u0101m m\u0113bel\u0113m ar arhipel\u0101ga atbalsi. Balta alum\u012bnija grupa ar skaisti veidot\u0101m funkcij\u0101m, piem\u0113ram, p\u012btu dekoru aizmugur\u0113, sa\u0161aurin\u0101t\u0101m k\u0101j\u0101m un olef\u012bna auduma spilveniem jaunaj\u0101 pusnakts zilaj\u0101 kr\u0101s\u0101. Pieejams k\u0101 divviet\u012bgs d\u012bv\u0101ns, atzveltnes kr\u0113sls un kafijas galdi\u0146\u0161 ar iespiest\u0101m alum\u012bnija rib\u0101m aug\u0161pus\u0113.<\/p>","protected":false},"featured_media":4065,"template":"","meta":{"_acf_changed":false},"product_brand":[],"product_cat":[80,73,50],"product_tag":[52],"class_list":{"0":"post-4064","1":"product","2":"type-product","3":"status-publish","4":"has-post-thumbnail","6":"product_cat-atputas-kresli","7":"product_cat-divani-terases","8":"product_cat-terases-mebeles","9":"product_tag-brafab","11":"first","12":"instock","13":"shipping-taxable","14":"purchasable","15":"product-type-simple"},"acf":[],"_links":{"self":[{"href":"https:\/\/lightup.lv\/ru\/wp-json\/wp\/v2\/product\/4064","targetHints":{"allow":["GET"]}}],"collection":[{"href":"https:\/\/lightup.lv\/ru\/wp-json\/wp\/v2\/product"}],"about":[{"href":"https:\/\/lightup.lv\/ru\/wp-json\/wp\/v2\/types\/product"}],"wp:featuredmedia":[{"embeddable":true,"href":"https:\/\/lightup.lv\/ru\/wp-json\/wp\/v2\/media\/4065"}],"wp:attachment":[{"href":"https:\/\/lightup.lv\/ru\/wp-json\/wp\/v2\/media?parent=4064"}],"wp:term":[{"taxonomy":"product_brand","embeddable":true,"href":"https:\/\/lightup.lv\/ru\/wp-json\/wp\/v2\/product_brand?post=4064"},{"taxonomy":"product_cat","embeddable":true,"href":"https:\/\/lightup.lv\/ru\/wp-json\/wp\/v2\/product_cat?post=4064"},{"taxonomy":"product_tag","embeddable":true,"href":"https:\/\/lightup.lv\/ru\/wp-json\/wp\/v2\/product_tag?post=4064"}],"curies":[{"name":"wp","href":"https:\/\/api.w.org\/{rel}","templated":true}]}}