{"id":4107,"date":"2020-05-25T21:23:51","date_gmt":"2020-05-25T21:23:51","guid":{"rendered":"https:\/\/lightup.lv\/product\/centra-modulis-weldon\/"},"modified":"2024-02-16T10:02:23","modified_gmt":"2024-02-16T10:02:23","slug":"centra-modulis-weldon","status":"publish","type":"product","link":"https:\/\/lightup.lv\/ru\/%d0%ba%d0%b0%d1%82%d0%b0%d0%bb%d0%be%d0%b3-%d0%bf%d1%80%d0%be%d0%b4%d1%83%d0%ba%d1%86%d0%b8%d0%b8\/centra-modulis-weldon\/","title":{"rendered":"Centra modulis Weldon"},"content":{"rendered":"<p>Kr\u0101sa: balts mat\u0113ts\/ melns mat\u0113ts<br \/>\nGarums: 82 cm<br \/>\n\u0428\u0438\u0440\u0438\u043d\u0430: 70 \u0441\u043c.<br \/>\nAugstums: 82 cm<br \/>\n\u0412\u044b\u0441\u043e\u0442\u0430 \u0441\u0438\u0434\u0435\u043d\u044c\u044f: 43 \u0441\u043c<\/p>\n<p>&nbsp;<\/p>\n<p> ID 4364-50-77<\/p>\n<p> ID 4364-80-77<\/p>","protected":false},"excerpt":{"rendered":"<p>Weldon ir pievilc\u012bga dizaina un mat\u0113tas apdares s\u0113rija. Konstrukcijas da\u013c\u0101s ir spilveni, kas piem\u0113roti da\u017e\u0101diem laikapst\u0101k\u013ciem &#8211; lieliski piem\u0113roti zieme\u013cniecueksam klimatam. Weldon labi iederas ar\u012b Leone kolekcij\u0101s.<\/p>","protected":false},"featured_media":4108,"template":"","meta":{"_acf_changed":false},"product_brand":[],"product_cat":[73,50],"product_tag":[],"class_list":{"0":"post-4107","1":"product","2":"type-product","3":"status-publish","4":"has-post-thumbnail","6":"product_cat-divani-terases","7":"product_cat-terases-mebeles","9":"first","10":"instock","11":"shipping-taxable","12":"product-type-variable"},"acf":[],"_links":{"self":[{"href":"https:\/\/lightup.lv\/ru\/wp-json\/wp\/v2\/product\/4107","targetHints":{"allow":["GET"]}}],"collection":[{"href":"https:\/\/lightup.lv\/ru\/wp-json\/wp\/v2\/product"}],"about":[{"href":"https:\/\/lightup.lv\/ru\/wp-json\/wp\/v2\/types\/product"}],"wp:featuredmedia":[{"embeddable":true,"href":"https:\/\/lightup.lv\/ru\/wp-json\/wp\/v2\/media\/4108"}],"wp:attachment":[{"href":"https:\/\/lightup.lv\/ru\/wp-json\/wp\/v2\/media?parent=4107"}],"wp:term":[{"taxonomy":"product_brand","embeddable":true,"href":"https:\/\/lightup.lv\/ru\/wp-json\/wp\/v2\/product_brand?post=4107"},{"taxonomy":"product_cat","embeddable":true,"href":"https:\/\/lightup.lv\/ru\/wp-json\/wp\/v2\/product_cat?post=4107"},{"taxonomy":"product_tag","embeddable":true,"href":"https:\/\/lightup.lv\/ru\/wp-json\/wp\/v2\/product_tag?post=4107"}],"curies":[{"name":"wp","href":"https:\/\/api.w.org\/{rel}","templated":true}]}}