{"id":4115,"date":"2020-05-25T21:32:32","date_gmt":"2020-05-25T21:32:32","guid":{"rendered":"https:\/\/lightup.lv\/product\/kaju-solins-ar-spilvenu-weldon\/"},"modified":"2024-01-29T11:02:32","modified_gmt":"2024-01-29T11:02:32","slug":"kaju-solins-ar-spilvenu-weldon","status":"publish","type":"product","link":"https:\/\/lightup.lv\/ru\/%d0%ba%d0%b0%d1%82%d0%b0%d0%bb%d0%be%d0%b3-%d0%bf%d1%80%d0%be%d0%b4%d1%83%d0%ba%d1%86%d0%b8%d0%b8\/kaju-solins-ar-spilvenu-weldon\/","title":{"rendered":"\u041f\u043e\u0434\u0441\u0442\u0430\u0432\u043a\u0430 \u0434\u043b\u044f \u043d\u043e\u0433 \u0441 \u043f\u043e\u0434\u0443\u0448\u043a\u043e\u0439 Weldon"},"content":{"rendered":"<p>Kr\u0101sa: balts mat\u0113ts\/ melns mat\u0113ts<br \/>\nGarums: 70 cm<br \/>\n\u0428\u0438\u0440\u0438\u043d\u0430: 70 \u0441\u043c.<br \/>\nAugstums: 82 cm<\/p>\n<p>ID 4367-50-77<\/p>","protected":false},"excerpt":{"rendered":"<p>Weldon ir pievilc\u012bga dizaina un mat\u0113tas apdares s\u0113rija. Konstrukcijas da\u013c\u0101s ir spilveni, kas piem\u0113roti da\u017e\u0101diem laikapst\u0101k\u013ciem &#8211; lieliski piem\u0113roti zieme\u013cniecueksam klimatam. Weldon labi iederas ar\u012b Leone kolekcij\u0101s.<\/p>","protected":false},"featured_media":4116,"template":"","meta":{"_acf_changed":false},"product_brand":[],"product_cat":[51,50],"product_tag":[52],"class_list":{"0":"post-4115","1":"product","2":"type-product","3":"status-publish","4":"has-post-thumbnail","6":"product_cat-kresli-terases-mebeles","7":"product_cat-terases-mebeles","8":"product_tag-brafab","10":"first","11":"instock","12":"shipping-taxable","13":"purchasable","14":"product-type-simple"},"acf":[],"_links":{"self":[{"href":"https:\/\/lightup.lv\/ru\/wp-json\/wp\/v2\/product\/4115","targetHints":{"allow":["GET"]}}],"collection":[{"href":"https:\/\/lightup.lv\/ru\/wp-json\/wp\/v2\/product"}],"about":[{"href":"https:\/\/lightup.lv\/ru\/wp-json\/wp\/v2\/types\/product"}],"wp:featuredmedia":[{"embeddable":true,"href":"https:\/\/lightup.lv\/ru\/wp-json\/wp\/v2\/media\/4116"}],"wp:attachment":[{"href":"https:\/\/lightup.lv\/ru\/wp-json\/wp\/v2\/media?parent=4115"}],"wp:term":[{"taxonomy":"product_brand","embeddable":true,"href":"https:\/\/lightup.lv\/ru\/wp-json\/wp\/v2\/product_brand?post=4115"},{"taxonomy":"product_cat","embeddable":true,"href":"https:\/\/lightup.lv\/ru\/wp-json\/wp\/v2\/product_cat?post=4115"},{"taxonomy":"product_tag","embeddable":true,"href":"https:\/\/lightup.lv\/ru\/wp-json\/wp\/v2\/product_tag?post=4115"}],"curies":[{"name":"wp","href":"https:\/\/api.w.org\/{rel}","templated":true}]}}